{"id":119,"date":"2021-12-03T12:03:04","date_gmt":"2021-12-03T12:03:04","guid":{"rendered":"https:\/\/www.lasidra.net\/fototeca\/?page_id=119"},"modified":"2022-03-23T09:14:48","modified_gmt":"2022-03-23T09:14:48","slug":"collabora","status":"publish","type":"page","link":"https:\/\/www.lasidra.net\/fototeca\/collabora\/","title":{"rendered":"Collabora"},"content":{"rendered":"<p>[et_pb_section fb_built=\u00bb1&#8243; theme_builder_area=\u00bbpost_content\u00bb _builder_version=\u00bb4.13.0&#8243; _module_preset=\u00bbdefault\u00bb][et_pb_row _builder_version=\u00bb4.13.0&#8243; _module_preset=\u00bbdefault\u00bb theme_builder_area=\u00bbpost_content\u00bb][et_pb_column _builder_version=\u00bb4.13.0&#8243; _module_preset=\u00bbdefault\u00bb type=\u00bb4_4&#8243; theme_builder_area=\u00bbpost_content\u00bb][et_pb_text _builder_version=\u00bb4.13.0&#8243; _module_preset=\u00bbdefault\u00bb theme_builder_area=\u00bbpost_content\u00bb hover_enabled=\u00bb0&#8243; sticky_enabled=\u00bb0&#8243;]<\/p>\n<p>Siendo la Fototeca LA SIDRA un proyeutu abiertu, hai munches posibilidaes de collaborar, d\u2019alcuerdu a la dimposici\u00f3n, posibilidaes y motivaci\u00f3n de ca presona. Equ\u00ed ufiert\u00e1mosete delles posibilidaes:<\/p>\n<p><strong>Na propia organizaci\u00f3n del proyeutu<\/strong><\/p>\n<p>o\u00a0\u00a0 Participando col restu collaboradores nel dise\u00f1u y evoluci\u00f3n de la Fototeca LA SIDRA, aportando idegues y facilitando que se lleven a efeutu, collaborando na llocalizaci\u00f3n y recoy\u00eda de materiales&#8230;.<\/p>\n<p><strong>Aporte de material. <\/strong>En principiu cont\u00e9mplense dos formes:<\/p>\n<p>1.- La donaci\u00f3n de semeyes, que pasen a integrar el fondu muse\u00edsticu col que cunta la Fundaci\u00f3n Asturies XXI nel Mus\u00e9u del Pueblu d\u2019Asturies, dixitaliz\u00e1ndose, y entreg\u00e1ndose al donante una reproduci\u00f3n f\u00edsica d\u2019alta calid\u00e1 y mayor formatu que l\u2019orixinal, apurri\u00e9ndose-y tami\u00e9n l\u2019archivu dixital.<\/p>\n<p>2.- Facilitando la dixitalizaci\u00f3n de les semeyes,\u00a0 pero conservando la so propied\u00e1 f\u00edsica, en cuyu casu recibe tami\u00e9n l\u2019archivu dixital.<\/p>\n<p>&nbsp;<\/p>\n<p><strong>Informaci\u00f3n y Contestualizaci\u00f3n<\/strong><\/p>\n<p>De la esistencia de material d\u2019inter\u00e9s pal proyeutu, de contautos de xente interesao, de proyeutos asemeyaos que puedan esistir dientru o fuera\u2019l pa\u00eds, de bibliograf\u00eda, documentaci\u00f3n&#8230;<\/p>\n<p>&nbsp;<\/p>\n<p>Un de los aspeutos m\u00e1s interesantes del proyeutu ye la <strong>contestualizaci\u00f3n<\/strong> del material gr\u00e1ficu, ye importante cualisquier aportaci\u00f3n sobro la fecha en que pudo facese la semeya, onde se fexo, quien apaez nelles, reflexones sobro lo qu\u2019apaez na semaya&#8230;<\/p>\n<p>&nbsp;<\/p>\n<p>Aportaci\u00f3n econ\u00f3mica, que pue rializase a la cuenta de la Fundaci\u00f3n Asturies XXI:<\/p>\n<p>ES09 &#8211; 0081 &#8211; 5157 &#8211; 60 -0001228623\u00a0<\/p>\n<p>Porque tou proyeutu precisa d\u2019un encontu econ\u00f3micu que permita faer frente a los gastos del mesmu, facilitando los medios afaya\u00edzos tantu p\u2019avanzar nelli como pa dalu a conocer.<\/p>\n<p><em>Ye perimportante que na donaci\u00f3n figure l\u2019oxetu \u2013Fototeca LA SIDRA- y tami\u00e9n los datos del donante (nome, apell\u00edos y DNI), darr\u00e9u que les donaciones a una fundaci\u00f3n d\u2019inter\u00e9s social como ye la Fundaci\u00f3n Asturies XXI cunten con una desgravaci\u00f3n fiscal d\u2019ente\u2019l 30% y el 40% de lo donao.<\/em><\/p>\n<p><strong>La que mos propongas<\/strong><\/p>\n<p>Fototeca LA SIDRA ye un proyeutu abiertu. Queremos conocer la to opini\u00f3n, les tos propuestes&#8230;. tr\u00e1tase d\u2019un proyeutu bien ambiciosu que precisa la collaboraci\u00f3n de toes \/os<\/p>\n<p>[\/et_pb_text][\/et_pb_column][\/et_pb_row][\/et_pb_section]<\/p>\n","protected":false},"excerpt":{"rendered":"<p>Siendo la Fototeca LA SIDRA un proyeutu abiertu, hai munches posibilidaes de collaborar, d\u2019alcuerdu a la dimposici\u00f3n, posibilidaes y motivaci\u00f3n de ca presona. Equ\u00ed ufiert\u00e1mosete delles posibilidaes: Na propia organizaci\u00f3n del proyeutu o\u00a0\u00a0 Participando col restu collaboradores nel dise\u00f1u y evoluci\u00f3n de la Fototeca LA SIDRA, aportando idegues y facilitando que se lleven a efeutu, [&hellip;]<\/p>\n","protected":false},"author":1,"featured_media":0,"parent":0,"menu_order":0,"comment_status":"closed","ping_status":"closed","template":"","meta":{"_et_pb_use_builder":"on","_et_pb_old_content":"","_et_gb_content_width":"","_joinchat":[],"footnotes":""},"class_list":["post-119","page","type-page","status-publish","hentry"],"_links":{"self":[{"href":"https:\/\/www.lasidra.net\/fototeca\/wp-json\/wp\/v2\/pages\/119","targetHints":{"allow":["GET"]}}],"collection":[{"href":"https:\/\/www.lasidra.net\/fototeca\/wp-json\/wp\/v2\/pages"}],"about":[{"href":"https:\/\/www.lasidra.net\/fototeca\/wp-json\/wp\/v2\/types\/page"}],"author":[{"embeddable":true,"href":"https:\/\/www.lasidra.net\/fototeca\/wp-json\/wp\/v2\/users\/1"}],"replies":[{"embeddable":true,"href":"https:\/\/www.lasidra.net\/fototeca\/wp-json\/wp\/v2\/comments?post=119"}],"version-history":[{"count":11,"href":"https:\/\/www.lasidra.net\/fototeca\/wp-json\/wp\/v2\/pages\/119\/revisions"}],"predecessor-version":[{"id":756,"href":"https:\/\/www.lasidra.net\/fototeca\/wp-json\/wp\/v2\/pages\/119\/revisions\/756"}],"wp:attachment":[{"href":"https:\/\/www.lasidra.net\/fototeca\/wp-json\/wp\/v2\/media?parent=119"}],"curies":[{"name":"wp","href":"https:\/\/api.w.org\/{rel}","templated":true}]}}