{"id":245,"date":"2021-12-16T10:27:44","date_gmt":"2021-12-16T10:27:44","guid":{"rendered":"https:\/\/www.lasidra.net\/fototeca\/?page_id=245"},"modified":"2022-02-24T16:15:48","modified_gmt":"2022-02-24T16:15:48","slug":"que-ye","status":"publish","type":"page","link":"https:\/\/www.lasidra.net\/fototeca\/que-ye\/","title":{"rendered":"\u00bfQU\u00c9 YE?"},"content":{"rendered":"<h3><strong>\u00bfQU\u00c9 YE LA FOTOTECA LA SIDRA?<\/strong><\/h3>\n<p>Fototeca LA SIDRA ye un proyeutu que tien como oxetivu la recuperaci\u00f3n, dixitalizaci\u00f3n, contestualizaci\u00f3n y centralizaci\u00f3n de material gr\u00e1ficu rellacion\u00e1u cola sidre, d\u2019enantes de 1980.<\/p>\n<p>Tr\u00e1tase d\u2019un proyeutu entam\u00e1u pola Fundaci\u00f3n Asturies XXI, col sofitu de la Conseyer\u00eda de Cultura, Pol\u00edtica Lling\u00fc\u00edstica y Turismu, y la FMCEUP del Conceyu Xix\u00f3n, que cunta cola collaboraci\u00f3n de l\u2019asociaci\u00f3n fotogr\u00e1fica Asemeyando y la revista LA SIDRA.<\/p>\n<p>Les semeyes costit\u00fain un material etnogr\u00e1ficu y hest\u00f3ricu de primer orde, que non siempres se valora como ye menester, y qu\u2019en munches ocasiones d\u00e1\u00f1ase o pi\u00e9rdese al cabu los a\u00f1os.<\/p>\n<p>Tr\u00e1tase de la recuperaci\u00f3n y dixitalizaci\u00f3n d\u2019esta triba semeyes -lo que garantiza la so perdurabilid\u00e1 al travi\u00e9s del tiempu- la centralizaci\u00f3n de los recursos nun espaciu d\u2019acesu p\u00fablicu (el propiu Mus\u00e9u del Pueblu d\u2019Asturies, y la web www.lasidra.as\/Fototeca), la contestualizaci\u00f3n hest\u00f3rica, social, etnogr\u00e1fica&#8230;, l\u2019anal\u00eds de los conten\u00edos, y lo que ye tami\u00e9n perimportante, el so espardimientu y la so puesta en valor.<\/p>\n<p>Pa too ello, dende la Fundaci\u00f3n Asturies XXI p\u00eddese la collaboraci\u00f3n a tola socied\u00e1 asturiana.<\/p>\n","protected":false},"excerpt":{"rendered":"<p>\u00bfQU\u00c9 YE LA FOTOTECA LA SIDRA? Fototeca LA SIDRA ye un proyeutu que tien como oxetivu la recuperaci\u00f3n, dixitalizaci\u00f3n, contestualizaci\u00f3n y centralizaci\u00f3n de material gr\u00e1ficu rellacion\u00e1u cola sidre, d\u2019enantes de 1980. Tr\u00e1tase d\u2019un proyeutu entam\u00e1u pola Fundaci\u00f3n Asturies XXI, col sofitu de la Conseyer\u00eda de Cultura, Pol\u00edtica Lling\u00fc\u00edstica y Turismu, y la FMCEUP del Conceyu [&hellip;]<\/p>\n","protected":false},"author":1,"featured_media":0,"parent":0,"menu_order":0,"comment_status":"closed","ping_status":"closed","template":"","meta":{"_et_pb_use_builder":"","_et_pb_old_content":"","_et_gb_content_width":"","_joinchat":[],"footnotes":""},"class_list":["post-245","page","type-page","status-publish","hentry"],"_links":{"self":[{"href":"https:\/\/www.lasidra.net\/fototeca\/wp-json\/wp\/v2\/pages\/245","targetHints":{"allow":["GET"]}}],"collection":[{"href":"https:\/\/www.lasidra.net\/fototeca\/wp-json\/wp\/v2\/pages"}],"about":[{"href":"https:\/\/www.lasidra.net\/fototeca\/wp-json\/wp\/v2\/types\/page"}],"author":[{"embeddable":true,"href":"https:\/\/www.lasidra.net\/fototeca\/wp-json\/wp\/v2\/users\/1"}],"replies":[{"embeddable":true,"href":"https:\/\/www.lasidra.net\/fototeca\/wp-json\/wp\/v2\/comments?post=245"}],"version-history":[{"count":6,"href":"https:\/\/www.lasidra.net\/fototeca\/wp-json\/wp\/v2\/pages\/245\/revisions"}],"predecessor-version":[{"id":751,"href":"https:\/\/www.lasidra.net\/fototeca\/wp-json\/wp\/v2\/pages\/245\/revisions\/751"}],"wp:attachment":[{"href":"https:\/\/www.lasidra.net\/fototeca\/wp-json\/wp\/v2\/media?parent=245"}],"curies":[{"name":"wp","href":"https:\/\/api.w.org\/{rel}","templated":true}]}}