{"id":1001,"date":"2023-09-21T08:35:33","date_gmt":"2023-09-21T08:35:33","guid":{"rendered":"https:\/\/www.lasidra.net\/fototeca\/?post_type=product&#038;p=1001"},"modified":"2023-09-21T08:35:42","modified_gmt":"2023-09-21T08:35:42","slug":"mpa-113","status":"publish","type":"product","link":"https:\/\/www.lasidra.net\/fototeca\/producto\/mpa-113\/","title":{"rendered":"MPA 113"},"content":{"rendered":"","protected":false},"excerpt":{"rendered":"<p><strong>Autor<\/strong>: Desconoc\u00edu<\/p>\n<p><strong>Llugar<\/strong>: Pravia<\/p>\n<p><strong>Procedencia<\/strong>: Colleici\u00f3n de Jos\u00e9 Antonio Mart\u00ednez (Pravia)<\/p>\n<p><strong>Observaciones<\/strong>: Semeya en papel d&#8217;un grupu d&#8217;homes y muyeres bebiendo sidra. Seique n&#8217;una romer\u00eda<\/p>\n<p><strong>Fonte d&#8217;ingresu<\/strong>: Mus\u00e9u del Pueblu d&#8217;Asturies<\/p>\n<p><strong>Data d&#8217;ingresu<\/strong>: Setiembre 2023<\/p>\n","protected":false},"featured_media":1002,"comment_status":"closed","ping_status":"closed","template":"","meta":{"_et_pb_use_builder":"","_et_pb_old_content":"","_et_gb_content_width":"","_joinchat":[]},"product_brand":[],"product_cat":[15,24,19,188,18,23,16],"product_tag":[195,193,192,191,190],"class_list":{"0":"post-1001","1":"product","2":"type-product","3":"status-publish","4":"has-post-thumbnail","6":"product_cat-sin-categorizar","7":"product_cat-dellos","8":"product_cat-echando","9":"product_cat-folixes-y-cellebraciones","10":"product_cat-muyer","11":"product_cat-pinacoteca","12":"product_cat-semeyes","13":"product_tag-bebiendo-sidra","14":"product_tag-botelles-de-sidra","15":"product_tag-folixes-populares","16":"product_tag-muyeres-y-sidra","17":"product_tag-sidra-y-romeria","19":"first","20":"instock","21":"shipping-taxable","22":"product-type-simple"},"_links":{"self":[{"href":"https:\/\/www.lasidra.net\/fototeca\/wp-json\/wp\/v2\/product\/1001","targetHints":{"allow":["GET"]}}],"collection":[{"href":"https:\/\/www.lasidra.net\/fototeca\/wp-json\/wp\/v2\/product"}],"about":[{"href":"https:\/\/www.lasidra.net\/fototeca\/wp-json\/wp\/v2\/types\/product"}],"replies":[{"embeddable":true,"href":"https:\/\/www.lasidra.net\/fototeca\/wp-json\/wp\/v2\/comments?post=1001"}],"wp:featuredmedia":[{"embeddable":true,"href":"https:\/\/www.lasidra.net\/fototeca\/wp-json\/wp\/v2\/media\/1002"}],"wp:attachment":[{"href":"https:\/\/www.lasidra.net\/fototeca\/wp-json\/wp\/v2\/media?parent=1001"}],"wp:term":[{"taxonomy":"product_brand","embeddable":true,"href":"https:\/\/www.lasidra.net\/fototeca\/wp-json\/wp\/v2\/product_brand?post=1001"},{"taxonomy":"product_cat","embeddable":true,"href":"https:\/\/www.lasidra.net\/fototeca\/wp-json\/wp\/v2\/product_cat?post=1001"},{"taxonomy":"product_tag","embeddable":true,"href":"https:\/\/www.lasidra.net\/fototeca\/wp-json\/wp\/v2\/product_tag?post=1001"}],"curies":[{"name":"wp","href":"https:\/\/api.w.org\/{rel}","templated":true}]}}