{"id":1061,"date":"2023-09-22T16:48:14","date_gmt":"2023-09-22T16:48:14","guid":{"rendered":"https:\/\/www.lasidra.net\/fototeca\/?post_type=product&#038;p=1061"},"modified":"2023-09-22T16:48:22","modified_gmt":"2023-09-22T16:48:22","slug":"mpa-141","status":"publish","type":"product","link":"https:\/\/www.lasidra.net\/fototeca\/producto\/mpa-141\/","title":{"rendered":"MPA 141"},"content":{"rendered":"","protected":false},"excerpt":{"rendered":"<p><strong>Autor<\/strong>: Campo y del Castillo, Gonzalo (1896-1980)<\/p>\n<p><strong>Dataci\u00f3n<\/strong>: 1968<\/p>\n<p><strong>Llugar<\/strong>: Xix\u00f3n<\/p>\n<p><strong>Observaciones<\/strong>: Semeya de la f\u00e1brica de sidra Vereterra y Cangas, que taba pente l&#8217;Aven\u00eda de Castiella, l&#8217;Aven\u00eda de la Costa y la cai Ezcurdia, en Xix\u00f3n. Esbarrumb\u00e1ronla cuandu prolongaron l&#8217;Aven\u00eda de Castiella pa coneutala con El Cotu.<\/p>\n<p><strong>Fonte d&#8217;ingresu<\/strong>: Mus\u00e9u del Pueblu d&#8217;Asturies<\/p>\n<p><strong>Data d&#8217;ingresu<\/strong>: Setiembre 2023<\/p>\n","protected":false},"featured_media":1062,"comment_status":"closed","ping_status":"closed","template":"","meta":{"_et_pb_use_builder":"","_et_pb_old_content":"","_et_gb_content_width":"","_joinchat":[]},"product_brand":[],"product_cat":[15,69,24,23,16],"product_tag":[223,222,209,152],"class_list":{"0":"post-1061","1":"product","2":"type-product","3":"status-publish","4":"has-post-thumbnail","6":"product_cat-sin-categorizar","7":"product_cat-axampanao","8":"product_cat-dellos","9":"product_cat-pinacoteca","10":"product_cat-semeyes","11":"product_tag-fabrica-de-sidra-vereterra-y-cangas","12":"product_tag-llagar-vereterra-y-cangas","13":"product_tag-sidra-axampanao","14":"product_tag-vereterra-y-cangas","16":"first","17":"instock","18":"shipping-taxable","19":"product-type-simple"},"_links":{"self":[{"href":"https:\/\/www.lasidra.net\/fototeca\/wp-json\/wp\/v2\/product\/1061","targetHints":{"allow":["GET"]}}],"collection":[{"href":"https:\/\/www.lasidra.net\/fototeca\/wp-json\/wp\/v2\/product"}],"about":[{"href":"https:\/\/www.lasidra.net\/fototeca\/wp-json\/wp\/v2\/types\/product"}],"replies":[{"embeddable":true,"href":"https:\/\/www.lasidra.net\/fototeca\/wp-json\/wp\/v2\/comments?post=1061"}],"wp:featuredmedia":[{"embeddable":true,"href":"https:\/\/www.lasidra.net\/fototeca\/wp-json\/wp\/v2\/media\/1062"}],"wp:attachment":[{"href":"https:\/\/www.lasidra.net\/fototeca\/wp-json\/wp\/v2\/media?parent=1061"}],"wp:term":[{"taxonomy":"product_brand","embeddable":true,"href":"https:\/\/www.lasidra.net\/fototeca\/wp-json\/wp\/v2\/product_brand?post=1061"},{"taxonomy":"product_cat","embeddable":true,"href":"https:\/\/www.lasidra.net\/fototeca\/wp-json\/wp\/v2\/product_cat?post=1061"},{"taxonomy":"product_tag","embeddable":true,"href":"https:\/\/www.lasidra.net\/fototeca\/wp-json\/wp\/v2\/product_tag?post=1061"}],"curies":[{"name":"wp","href":"https:\/\/api.w.org\/{rel}","templated":true}]}}