{"id":1093,"date":"2023-10-20T10:02:59","date_gmt":"2023-10-20T10:02:59","guid":{"rendered":"https:\/\/www.lasidra.net\/fototeca\/?post_type=product&#038;p=1093"},"modified":"2023-10-20T10:03:03","modified_gmt":"2023-10-20T10:03:03","slug":"mpa-155","status":"publish","type":"product","link":"https:\/\/www.lasidra.net\/fototeca\/producto\/mpa-155\/","title":{"rendered":"MPA 155"},"content":{"rendered":"","protected":false},"excerpt":{"rendered":"<p><strong>Autor<\/strong>: Campo y del Castillo, Gonzalo (1896-1980)<\/p>\n<p><strong>Dataci\u00f3n<\/strong>: 08\/10\/1969<\/p>\n<p><strong>Llugar<\/strong>: Xix\u00f3n<\/p>\n<p><strong>Observaciones<\/strong>: Antig\u00fces cases de La Catalana, pente les cais Doctor Aquilino Hurl\u00e9 y Navarra. Balti\u00e1ronse alrodiu 1997-1998. Taben frente al parque Continental. La cai que hai detr\u00e1s ye la continuaci\u00f3n de Marqu\u00e9s de Casa Vald\u00e9s. Tantu el palaciu de la familia Ram\u00f3n-Lavandera (llueu bar Azul) na esquina d&#8217;Aguado como la casina baxa de la esquina opuesta (fue una tienda de llencer\u00eda) y l&#8217;edificiu a mandrecha (a\u00fa ta l&#8217;autoescuela Palomero) esapaecieron na d\u00e9cada de 1970. A\u00fa tan los anuncios de vinu moscatel de Los Corales, sidra axampanao de Zarracina o les famoses galletes de coco Diamante (entrambes dos marques integraes nel grupu El Gaitero), hab\u00eda otra casina baxa destruy\u00eda na Guerra Civil por un ca\u00f1onazu del cruceru Almirante Cervera.<\/p>\n<p><strong>Fonte d&#8217;ingresu<\/strong>: Mus\u00e9u del Pueblu d&#8217;Asturies<\/p>\n<p><strong>Data d&#8217;ingresu<\/strong>: Ochobre 2023<\/p>\n","protected":false},"featured_media":1094,"comment_status":"closed","ping_status":"closed","template":"","meta":{"_et_pb_use_builder":"","_et_pb_old_content":"","_et_gb_content_width":"","_joinchat":[]},"product_brand":[],"product_cat":[15,69,24,23,20,16],"product_tag":[236,209,237],"class_list":{"0":"post-1093","1":"product","2":"type-product","3":"status-publish","4":"has-post-thumbnail","6":"product_cat-sin-categorizar","7":"product_cat-axampanao","8":"product_cat-dellos","9":"product_cat-pinacoteca","10":"product_cat-publicida","11":"product_cat-semeyes","12":"product_tag-anuncios-sidra-axampanao","13":"product_tag-sidra-axampanao","14":"product_tag-sidra-zarracina","16":"first","17":"instock","18":"shipping-taxable","19":"product-type-simple"},"_links":{"self":[{"href":"https:\/\/www.lasidra.net\/fototeca\/wp-json\/wp\/v2\/product\/1093","targetHints":{"allow":["GET"]}}],"collection":[{"href":"https:\/\/www.lasidra.net\/fototeca\/wp-json\/wp\/v2\/product"}],"about":[{"href":"https:\/\/www.lasidra.net\/fototeca\/wp-json\/wp\/v2\/types\/product"}],"replies":[{"embeddable":true,"href":"https:\/\/www.lasidra.net\/fototeca\/wp-json\/wp\/v2\/comments?post=1093"}],"wp:featuredmedia":[{"embeddable":true,"href":"https:\/\/www.lasidra.net\/fototeca\/wp-json\/wp\/v2\/media\/1094"}],"wp:attachment":[{"href":"https:\/\/www.lasidra.net\/fototeca\/wp-json\/wp\/v2\/media?parent=1093"}],"wp:term":[{"taxonomy":"product_brand","embeddable":true,"href":"https:\/\/www.lasidra.net\/fototeca\/wp-json\/wp\/v2\/product_brand?post=1093"},{"taxonomy":"product_cat","embeddable":true,"href":"https:\/\/www.lasidra.net\/fototeca\/wp-json\/wp\/v2\/product_cat?post=1093"},{"taxonomy":"product_tag","embeddable":true,"href":"https:\/\/www.lasidra.net\/fototeca\/wp-json\/wp\/v2\/product_tag?post=1093"}],"curies":[{"name":"wp","href":"https:\/\/api.w.org\/{rel}","templated":true}]}}