{"id":1163,"date":"2023-10-25T07:24:20","date_gmt":"2023-10-25T07:24:20","guid":{"rendered":"https:\/\/www.lasidra.net\/fototeca\/?post_type=product&#038;p=1163"},"modified":"2023-10-25T07:24:26","modified_gmt":"2023-10-25T07:24:26","slug":"mpa-188","status":"publish","type":"product","link":"https:\/\/www.lasidra.net\/fototeca\/producto\/mpa-188\/","title":{"rendered":"MPA 188"},"content":{"rendered":"","protected":false},"excerpt":{"rendered":"<p><strong>Autor<\/strong>: Campo y del Castillo, Gonzalo (1896-1980)<\/p>\n<p><strong>Dataci\u00f3n<\/strong>: Abril 1967<\/p>\n<p><strong>Llugar<\/strong>: Xix\u00f3n<\/p>\n<p><strong>Observaciones<\/strong>: Vista de la cuesta&#8217;l Cholu y el tr\u00e1nsitu Les Ballenes. L&#8217;edificiu modernista que hai a la mandrecha ye de Miguel Garc\u00eda de la Cruz, construy\u00edu en 1907 pa Hijos de Alvargonz\u00e1lez, como tienda d&#8217;efeutos navales El \u00c1ncora (angua\u00f1u pub Habana), llueu ta&#8217;l bar-restaurante Mercante (entamos del sieglu XX). Entrambes dos cuestes son \u00fan de los llugares m\u00e1s populares pa beber sidra al aire llibre en Xix\u00f3n.<\/p>\n<p><strong>Fonte d&#8217;ingresu<\/strong>: Mus\u00e9u del Pueblu d&#8217;Asturies<\/p>\n<p><strong>Data d&#8217;ingresu<\/strong>: Ochobre 2023<\/p>\n","protected":false},"featured_media":1164,"comment_status":"closed","ping_status":"closed","template":"","meta":{"_et_pb_use_builder":"","_et_pb_old_content":"","_et_gb_content_width":"","_joinchat":[]},"product_brand":[],"product_cat":[15,24,23,16],"product_tag":[154,257,260,261],"class_list":{"0":"post-1163","1":"product","2":"type-product","3":"status-publish","4":"has-post-thumbnail","6":"product_cat-sin-categorizar","7":"product_cat-dellos","8":"product_cat-pinacoteca","9":"product_cat-semeyes","10":"product_tag-cimavilla","11":"product_tag-cuestal-cholu","12":"product_tag-sidra-al-aire-llibre","13":"product_tag-transitu-les-ballenes","15":"first","16":"instock","17":"shipping-taxable","18":"product-type-simple"},"_links":{"self":[{"href":"https:\/\/www.lasidra.net\/fototeca\/wp-json\/wp\/v2\/product\/1163","targetHints":{"allow":["GET"]}}],"collection":[{"href":"https:\/\/www.lasidra.net\/fototeca\/wp-json\/wp\/v2\/product"}],"about":[{"href":"https:\/\/www.lasidra.net\/fototeca\/wp-json\/wp\/v2\/types\/product"}],"replies":[{"embeddable":true,"href":"https:\/\/www.lasidra.net\/fototeca\/wp-json\/wp\/v2\/comments?post=1163"}],"wp:featuredmedia":[{"embeddable":true,"href":"https:\/\/www.lasidra.net\/fototeca\/wp-json\/wp\/v2\/media\/1164"}],"wp:attachment":[{"href":"https:\/\/www.lasidra.net\/fototeca\/wp-json\/wp\/v2\/media?parent=1163"}],"wp:term":[{"taxonomy":"product_brand","embeddable":true,"href":"https:\/\/www.lasidra.net\/fototeca\/wp-json\/wp\/v2\/product_brand?post=1163"},{"taxonomy":"product_cat","embeddable":true,"href":"https:\/\/www.lasidra.net\/fototeca\/wp-json\/wp\/v2\/product_cat?post=1163"},{"taxonomy":"product_tag","embeddable":true,"href":"https:\/\/www.lasidra.net\/fototeca\/wp-json\/wp\/v2\/product_tag?post=1163"}],"curies":[{"name":"wp","href":"https:\/\/api.w.org\/{rel}","templated":true}]}}