{"id":1213,"date":"2023-11-17T08:56:40","date_gmt":"2023-11-17T08:56:40","guid":{"rendered":"https:\/\/www.lasidra.net\/fototeca\/?post_type=product&#038;p=1213"},"modified":"2023-11-17T08:56:46","modified_gmt":"2023-11-17T08:56:46","slug":"mpa-213","status":"publish","type":"product","link":"https:\/\/www.lasidra.net\/fototeca\/producto\/mpa-213\/","title":{"rendered":"MPA 213"},"content":{"rendered":"","protected":false},"excerpt":{"rendered":"<p><strong>Autor<\/strong>: Canellada Prida, Juan Evangelista (1862-h.1946)<\/p>\n<p><strong>Dataci\u00f3n<\/strong>: h.1910<\/p>\n<p><strong>Llugar<\/strong>: Cabranes<\/p>\n<p><strong>Observaciones<\/strong>: Semeya d&#8217;unos collacios festexando&#8217;l santu de Ramona Venta na so casa de El Sierra. De izquierda a drecha, Aurelia Llavona y dellos de los sos hermanos. Detr\u00e1s, Juan San Facundo echando sidre. A mandrecha, de pie, Celestino Pr\u00e9stamo. Sent\u00e1u y tocando&#8217;l llaud, Valeriano Cabranes. A la so vera, la so muyer Lorenza, Palmira Garc\u00eda de San Facundo, Angela Moreda de Venta coles sos f\u00edes. De pie, Ramona Venta y, sentaos, los p\u00e1rrocos de Torazu y d&#8217;Anayu, Enrique Vald\u00e9s y Amparo Llavona.<\/p>\n<p><strong>Fonte d&#8217;ingresu<\/strong>: Mus\u00e9u del Pueblu d&#8217;Asturies<\/p>\n<p><strong>Data d&#8217;ingresu<\/strong>: Payares 2023<\/p>\n","protected":false},"featured_media":1214,"comment_status":"closed","ping_status":"closed","template":"","meta":{"_et_pb_use_builder":"","_et_pb_old_content":"","_et_gb_content_width":"","_joinchat":[]},"product_brand":[],"product_cat":[15,24,19,188,18,23,16],"product_tag":[228,204,191],"class_list":{"0":"post-1213","1":"product","2":"type-product","3":"status-publish","4":"has-post-thumbnail","6":"product_cat-sin-categorizar","7":"product_cat-dellos","8":"product_cat-echando","9":"product_cat-folixes-y-cellebraciones","10":"product_cat-muyer","11":"product_cat-pinacoteca","12":"product_cat-semeyes","13":"product_tag-echando-sidra","14":"product_tag-folixes-y-festexos","15":"product_tag-muyeres-y-sidra","17":"first","18":"instock","19":"shipping-taxable","20":"product-type-simple"},"_links":{"self":[{"href":"https:\/\/www.lasidra.net\/fototeca\/wp-json\/wp\/v2\/product\/1213","targetHints":{"allow":["GET"]}}],"collection":[{"href":"https:\/\/www.lasidra.net\/fototeca\/wp-json\/wp\/v2\/product"}],"about":[{"href":"https:\/\/www.lasidra.net\/fototeca\/wp-json\/wp\/v2\/types\/product"}],"replies":[{"embeddable":true,"href":"https:\/\/www.lasidra.net\/fototeca\/wp-json\/wp\/v2\/comments?post=1213"}],"wp:featuredmedia":[{"embeddable":true,"href":"https:\/\/www.lasidra.net\/fototeca\/wp-json\/wp\/v2\/media\/1214"}],"wp:attachment":[{"href":"https:\/\/www.lasidra.net\/fototeca\/wp-json\/wp\/v2\/media?parent=1213"}],"wp:term":[{"taxonomy":"product_brand","embeddable":true,"href":"https:\/\/www.lasidra.net\/fototeca\/wp-json\/wp\/v2\/product_brand?post=1213"},{"taxonomy":"product_cat","embeddable":true,"href":"https:\/\/www.lasidra.net\/fototeca\/wp-json\/wp\/v2\/product_cat?post=1213"},{"taxonomy":"product_tag","embeddable":true,"href":"https:\/\/www.lasidra.net\/fototeca\/wp-json\/wp\/v2\/product_tag?post=1213"}],"curies":[{"name":"wp","href":"https:\/\/api.w.org\/{rel}","templated":true}]}}