{"id":1235,"date":"2023-11-21T16:29:48","date_gmt":"2023-11-21T16:29:48","guid":{"rendered":"https:\/\/www.lasidra.net\/fototeca\/?post_type=product&#038;p=1235"},"modified":"2023-11-21T16:29:56","modified_gmt":"2023-11-21T16:29:56","slug":"mpa-223","status":"publish","type":"product","link":"https:\/\/www.lasidra.net\/fototeca\/producto\/mpa-223\/","title":{"rendered":"MPA 223"},"content":{"rendered":"","protected":false},"excerpt":{"rendered":"<p><strong>Autor<\/strong>: Cabeza de la Infiesta, Lorenzo<\/p>\n<p><strong>Dataci\u00f3n<\/strong>: 1931<\/p>\n<p><strong>Llugar<\/strong>: Gargant\u00e1 (Tuilla, Llangr\u00e9u)<\/p>\n<p><strong>Observaciones<\/strong>: Semeya de dellos homes nel llagar Vallina (Gargant\u00e1, Tuilla), pente caxes de sidra. \u00dan d&#8217;ellos ta echando. De pie, el primeru a la manzorga ye Alfonso Cam\u00edn. Tami\u00e9n de pie, coles manes entellazaes, Miguel Vallina<\/p>\n<p><strong>Fonte d&#8217;ingresu<\/strong>: Mus\u00e9u del Pueblu d&#8217;Asturies<\/p>\n<p><strong>Data d&#8217;ingresu<\/strong>: Payares 2023<\/p>\n","protected":false},"featured_media":1236,"comment_status":"closed","ping_status":"closed","template":"","meta":{"_et_pb_use_builder":"","_et_pb_old_content":"","_et_gb_content_width":"","_joinchat":[]},"product_brand":[],"product_cat":[15,24,19,17,23,16],"product_tag":[166,227,263,228,243,165,203],"class_list":{"0":"post-1235","1":"product","2":"type-product","3":"status-publish","4":"has-post-thumbnail","6":"product_cat-sin-categorizar","7":"product_cat-dellos","8":"product_cat-echando","9":"product_cat-llagar","10":"product_cat-pinacoteca","11":"product_cat-semeyes","12":"product_tag-alfonso-camin","13":"product_tag-caxa-maera-pa-la-sidra","14":"product_tag-caxes-de-sidra","15":"product_tag-echando-sidra","16":"product_tag-famosos-y-sidra","17":"product_tag-llagar-vallina","18":"product_tag-llagares","20":"first","21":"instock","22":"shipping-taxable","23":"product-type-simple"},"_links":{"self":[{"href":"https:\/\/www.lasidra.net\/fototeca\/wp-json\/wp\/v2\/product\/1235","targetHints":{"allow":["GET"]}}],"collection":[{"href":"https:\/\/www.lasidra.net\/fototeca\/wp-json\/wp\/v2\/product"}],"about":[{"href":"https:\/\/www.lasidra.net\/fototeca\/wp-json\/wp\/v2\/types\/product"}],"replies":[{"embeddable":true,"href":"https:\/\/www.lasidra.net\/fototeca\/wp-json\/wp\/v2\/comments?post=1235"}],"wp:featuredmedia":[{"embeddable":true,"href":"https:\/\/www.lasidra.net\/fototeca\/wp-json\/wp\/v2\/media\/1236"}],"wp:attachment":[{"href":"https:\/\/www.lasidra.net\/fototeca\/wp-json\/wp\/v2\/media?parent=1235"}],"wp:term":[{"taxonomy":"product_brand","embeddable":true,"href":"https:\/\/www.lasidra.net\/fototeca\/wp-json\/wp\/v2\/product_brand?post=1235"},{"taxonomy":"product_cat","embeddable":true,"href":"https:\/\/www.lasidra.net\/fototeca\/wp-json\/wp\/v2\/product_cat?post=1235"},{"taxonomy":"product_tag","embeddable":true,"href":"https:\/\/www.lasidra.net\/fototeca\/wp-json\/wp\/v2\/product_tag?post=1235"}],"curies":[{"name":"wp","href":"https:\/\/api.w.org\/{rel}","templated":true}]}}