{"id":1422,"date":"2023-12-19T09:44:40","date_gmt":"2023-12-19T09:44:40","guid":{"rendered":"https:\/\/www.lasidra.net\/fototeca\/?post_type=product&#038;p=1422"},"modified":"2023-12-19T09:44:48","modified_gmt":"2023-12-19T09:44:48","slug":"mpa-299","status":"publish","type":"product","link":"https:\/\/www.lasidra.net\/fototeca\/producto\/mpa-299\/","title":{"rendered":"MPA 299"},"content":{"rendered":"","protected":false},"excerpt":{"rendered":"<p><strong>Autor<\/strong>: Jos\u00e9 Mu\u00f1iz Su\u00e1rez (1923-1999)<\/p>\n<p><strong>Dataci\u00f3n<\/strong>: 1963<\/p>\n<p><strong>Llugar<\/strong>: Tur\u00f3n, Mieres<\/p>\n<p><strong>Observaciones<\/strong>: Cena de Navid\u00e1 familiar, con una botella de sidra El Gaitero na mesa<\/p>\n<p><strong>Fonte d&#8217;ingresu<\/strong>: Mus\u00e9u del Pueblu d&#8217;Asturies<\/p>\n<p><strong>Data d&#8217;ingresu<\/strong>: Avientu 2023<\/p>\n","protected":false},"featured_media":1423,"comment_status":"closed","ping_status":"closed","template":"","meta":{"_et_pb_use_builder":"","_et_pb_old_content":"","_et_gb_content_width":"","_joinchat":[]},"product_brand":[],"product_cat":[15,69,24,188,18,23,16],"product_tag":[71,293,295,209,294,282],"class_list":{"0":"post-1422","1":"product","2":"type-product","3":"status-publish","4":"has-post-thumbnail","6":"product_cat-sin-categorizar","7":"product_cat-axampanao","8":"product_cat-dellos","9":"product_cat-folixes-y-cellebraciones","10":"product_cat-muyer","11":"product_cat-pinacoteca","12":"product_cat-semeyes","13":"product_tag-el-gaitero","14":"product_tag-festexos-familiares","15":"product_tag-navida-y-sidra","16":"product_tag-sidra-axampanao","17":"product_tag-sidra-y-familia","18":"product_tag-sidra-y-socieda","20":"first","21":"instock","22":"shipping-taxable","23":"product-type-simple"},"_links":{"self":[{"href":"https:\/\/www.lasidra.net\/fototeca\/wp-json\/wp\/v2\/product\/1422","targetHints":{"allow":["GET"]}}],"collection":[{"href":"https:\/\/www.lasidra.net\/fototeca\/wp-json\/wp\/v2\/product"}],"about":[{"href":"https:\/\/www.lasidra.net\/fototeca\/wp-json\/wp\/v2\/types\/product"}],"replies":[{"embeddable":true,"href":"https:\/\/www.lasidra.net\/fototeca\/wp-json\/wp\/v2\/comments?post=1422"}],"wp:featuredmedia":[{"embeddable":true,"href":"https:\/\/www.lasidra.net\/fototeca\/wp-json\/wp\/v2\/media\/1423"}],"wp:attachment":[{"href":"https:\/\/www.lasidra.net\/fototeca\/wp-json\/wp\/v2\/media?parent=1422"}],"wp:term":[{"taxonomy":"product_brand","embeddable":true,"href":"https:\/\/www.lasidra.net\/fototeca\/wp-json\/wp\/v2\/product_brand?post=1422"},{"taxonomy":"product_cat","embeddable":true,"href":"https:\/\/www.lasidra.net\/fototeca\/wp-json\/wp\/v2\/product_cat?post=1422"},{"taxonomy":"product_tag","embeddable":true,"href":"https:\/\/www.lasidra.net\/fototeca\/wp-json\/wp\/v2\/product_tag?post=1422"}],"curies":[{"name":"wp","href":"https:\/\/api.w.org\/{rel}","templated":true}]}}