{"id":1432,"date":"2024-01-05T18:08:26","date_gmt":"2024-01-05T18:08:26","guid":{"rendered":"https:\/\/www.lasidra.net\/fototeca\/?post_type=product&#038;p=1432"},"modified":"2024-01-05T18:08:49","modified_gmt":"2024-01-05T18:08:49","slug":"fas001","status":"publish","type":"product","link":"https:\/\/www.lasidra.net\/fototeca\/producto\/fas001\/","title":{"rendered":"FAS001"},"content":{"rendered":"<p><strong>Autor: <\/strong>Saenz, Briones y C\u00eda<\/p>\n<p><strong>Fecha<\/strong>: 1950<\/p>\n<p><strong>Llugar:\u00a0<\/strong>Buenos Aires<\/p>\n<p><strong>Procedencia<\/strong>:\u00a0 .<\/p>\n<p><strong>Observaciones<\/strong>: Cartelu fechu sobro cart\u00f3n qu&#8217;anuncia la Sidra Real (Saenz, Briones &amp; CIA. Buenos Aires, Arxentina) podr\u00ede datar de los a\u00f1os 50 del sieglu pas\u00e1u, teniendo en cuenta la referencia a la familia formada por Ana Mar\u00eda Campoy y Pepito Cibri\u00e1n.<br \/>\nSedr\u00ede interesante determinar la posible rellaci\u00f3n d&#8217;esta sidre d&#8217;espolleta con Asturies, darr\u00e9u qu&#8217;el cartelu obt\u00favose equ\u00ed, lo que nun ye mui avez\u00e1u, y\u00e1 que polo xeneral el nuesu pa\u00eds esporta sidre a hispanoam\u00e9rica y non al rev\u00e9s.<\/p>\n<p>Saenz Briones &amp; CIA ye una empresa anicidad en 1888, qu&#8217;angua\u00f1u sigue n&#8217;activo y qu&#8217;ente otros productos contin\u00faen ellaborando Sidra Real<\/p>\n<p><strong>Fonte d&#8217;ingresu<\/strong>:<\/p>\n<p><strong>Fecha d&#8217;ingresu<\/strong>: 2023<\/p>\n<p><strong>Dep\u00f3situ<\/strong>:\u00a0<a href=\"https:\/\/memoriadigital.asturias.es\/\">\u00a0<\/a>Fondu Muse\u00edsticu LA SIDRA<\/p>\n","protected":false},"excerpt":{"rendered":"<p>Autor: Saenz, Briones y C\u00eda Fecha: 1950 Llugar:\u00a0Buenos Aires Procedencia:\u00a0 . Observaciones: Cartelu fechu sobro cart\u00f3n qu&#8217;anuncia la Sidra Real (Saenz, Briones &amp; CIA. Buenos Aires, Arxentina) podr\u00ede datar de los a\u00f1os 50 del sieglu pas\u00e1u, teniendo en cuenta la referencia a la familia formada por Ana Mar\u00eda Campoy y Pepito Cibri\u00e1n. Sedr\u00ede interesante determinar [&hellip;]<\/p>\n","protected":false},"featured_media":1433,"comment_status":"closed","ping_status":"closed","template":"","meta":{"_et_pb_use_builder":"","_et_pb_old_content":"","_et_gb_content_width":"","_joinchat":[]},"product_brand":[],"product_cat":[69,21,18,20],"product_tag":[],"class_list":{"0":"post-1432","1":"product","2":"type-product","3":"status-publish","4":"has-post-thumbnail","6":"product_cat-axampanao","7":"product_cat-carteleria","8":"product_cat-muyer","9":"product_cat-publicida","11":"first","12":"instock","13":"shipping-taxable","14":"product-type-simple"},"_links":{"self":[{"href":"https:\/\/www.lasidra.net\/fototeca\/wp-json\/wp\/v2\/product\/1432","targetHints":{"allow":["GET"]}}],"collection":[{"href":"https:\/\/www.lasidra.net\/fototeca\/wp-json\/wp\/v2\/product"}],"about":[{"href":"https:\/\/www.lasidra.net\/fototeca\/wp-json\/wp\/v2\/types\/product"}],"replies":[{"embeddable":true,"href":"https:\/\/www.lasidra.net\/fototeca\/wp-json\/wp\/v2\/comments?post=1432"}],"wp:featuredmedia":[{"embeddable":true,"href":"https:\/\/www.lasidra.net\/fototeca\/wp-json\/wp\/v2\/media\/1433"}],"wp:attachment":[{"href":"https:\/\/www.lasidra.net\/fototeca\/wp-json\/wp\/v2\/media?parent=1432"}],"wp:term":[{"taxonomy":"product_brand","embeddable":true,"href":"https:\/\/www.lasidra.net\/fototeca\/wp-json\/wp\/v2\/product_brand?post=1432"},{"taxonomy":"product_cat","embeddable":true,"href":"https:\/\/www.lasidra.net\/fototeca\/wp-json\/wp\/v2\/product_cat?post=1432"},{"taxonomy":"product_tag","embeddable":true,"href":"https:\/\/www.lasidra.net\/fototeca\/wp-json\/wp\/v2\/product_tag?post=1432"}],"curies":[{"name":"wp","href":"https:\/\/api.w.org\/{rel}","templated":true}]}}