{"id":1484,"date":"2024-03-18T11:07:55","date_gmt":"2024-03-18T11:07:55","guid":{"rendered":"https:\/\/www.lasidra.net\/fototeca\/?post_type=product&#038;p=1484"},"modified":"2024-03-18T11:08:02","modified_gmt":"2024-03-18T11:08:02","slug":"mpa-325","status":"publish","type":"product","link":"https:\/\/www.lasidra.net\/fototeca\/producto\/mpa-325\/","title":{"rendered":"MPA 325"},"content":{"rendered":"","protected":false},"excerpt":{"rendered":"<p><strong>Autor<\/strong>: Su\u00e1rez Fern\u00e1ndez, Constantino (1899-1983)<\/p>\n<p><strong>Dataci\u00f3n<\/strong>: Xunetu de 1933<\/p>\n<p><strong>Llugar<\/strong>: Xix\u00f3n<\/p>\n<p><strong>Observaciones<\/strong>: Homes y muyeres nel merenderu del Jai Alai en La Gu\u00eda, Xix\u00f3n. Abri\u00f3se en 1890, col nome de \u00abEl Recreo de La Gu\u00eda\u00bb, precedente del Jai-Alai. Un home ta echando sidre<\/p>\n<p><strong>Fonte d&#8217;ingresu<\/strong>: Mus\u00e9u del Pueblu d&#8217;Asturies<\/p>\n<p><strong>Data d&#8217;ingresu<\/strong>: Marzu 2024<\/p>\n","protected":false},"featured_media":1485,"comment_status":"closed","ping_status":"closed","template":"","meta":{"_et_pb_use_builder":"","_et_pb_old_content":"","_et_gb_content_width":"","_joinchat":[]},"product_brand":[],"product_cat":[15,24,19,16],"product_tag":[316,283,305,309,306,191,308,282],"class_list":{"0":"post-1484","1":"product","2":"type-product","3":"status-publish","4":"has-post-thumbnail","6":"product_cat-sin-categorizar","7":"product_cat-dellos","8":"product_cat-echando","9":"product_cat-semeyes","10":"product_tag-merenderu-jai-alai","11":"product_tag-merenderu-y-sidra","12":"product_tag-muyer","13":"product_tag-muyer-y-sidra","14":"product_tag-muyer-y-sidre","15":"product_tag-muyeres-y-sidra","16":"product_tag-muyeres-y-sidre","17":"product_tag-sidra-y-socieda","19":"first","20":"instock","21":"shipping-taxable","22":"product-type-simple"},"_links":{"self":[{"href":"https:\/\/www.lasidra.net\/fototeca\/wp-json\/wp\/v2\/product\/1484","targetHints":{"allow":["GET"]}}],"collection":[{"href":"https:\/\/www.lasidra.net\/fototeca\/wp-json\/wp\/v2\/product"}],"about":[{"href":"https:\/\/www.lasidra.net\/fototeca\/wp-json\/wp\/v2\/types\/product"}],"replies":[{"embeddable":true,"href":"https:\/\/www.lasidra.net\/fototeca\/wp-json\/wp\/v2\/comments?post=1484"}],"wp:featuredmedia":[{"embeddable":true,"href":"https:\/\/www.lasidra.net\/fototeca\/wp-json\/wp\/v2\/media\/1485"}],"wp:attachment":[{"href":"https:\/\/www.lasidra.net\/fototeca\/wp-json\/wp\/v2\/media?parent=1484"}],"wp:term":[{"taxonomy":"product_brand","embeddable":true,"href":"https:\/\/www.lasidra.net\/fototeca\/wp-json\/wp\/v2\/product_brand?post=1484"},{"taxonomy":"product_cat","embeddable":true,"href":"https:\/\/www.lasidra.net\/fototeca\/wp-json\/wp\/v2\/product_cat?post=1484"},{"taxonomy":"product_tag","embeddable":true,"href":"https:\/\/www.lasidra.net\/fototeca\/wp-json\/wp\/v2\/product_tag?post=1484"}],"curies":[{"name":"wp","href":"https:\/\/api.w.org\/{rel}","templated":true}]}}