{"id":1587,"date":"2024-05-03T19:39:25","date_gmt":"2024-05-03T19:39:25","guid":{"rendered":"https:\/\/www.lasidra.net\/fototeca\/?post_type=product&#038;p=1587"},"modified":"2024-05-03T19:39:37","modified_gmt":"2024-05-03T19:39:37","slug":"mpa-371","status":"publish","type":"product","link":"https:\/\/www.lasidra.net\/fototeca\/producto\/mpa-371\/","title":{"rendered":"MPA 371"},"content":{"rendered":"","protected":false},"excerpt":{"rendered":"<p><strong>Autor<\/strong>: Gerardo Mel\u00e9ndez y Conejo, Antonio Manch\u00f3n Qu\u00edlez (X\u00e1tiva 1836-1910)<\/p>\n<p><strong>Dataci\u00f3n<\/strong>: 1879<\/p>\n<p><strong>Observaciones<\/strong>: Grab\u00e1u titul\u00e1u \u00abLos bebedores de sidra\u00bb, de la serie \u00abTipos y costumbres de Asturias\u00bb, de la revista \u00abLa Ilustraci\u00f3n Gallega y Asturiana\u00bb, tomo I, p\u00e1g. 103.<br \/>\nNa illustraci\u00f3n apaecen unos homes sentaos a la mesa y otros de pie, delles muyeres y aper\u00edos de cocina. La xente ta vest\u00edo con paxellos tradicionales<\/p>\n<p><strong>Fonte d&#8217;ingresu<\/strong>: Mus\u00e9u del Pueblu d&#8217;Asturies<\/p>\n<p><strong>Data d&#8217;ingresu<\/strong>: Mayu 2024<\/p>\n","protected":false},"featured_media":1588,"comment_status":"closed","ping_status":"closed","template":"","meta":{"_et_pb_use_builder":"","_et_pb_old_content":"","_et_gb_content_width":"","_joinchat":[]},"product_brand":[],"product_cat":[15,24,188,18,16],"product_tag":[195,199,350,349,351,352],"class_list":{"0":"post-1587","1":"product","2":"type-product","3":"status-publish","4":"has-post-thumbnail","6":"product_cat-sin-categorizar","7":"product_cat-dellos","8":"product_cat-folixes-y-cellebraciones","9":"product_cat-muyer","10":"product_cat-semeyes","11":"product_tag-bebiendo-sidra","12":"product_tag-escena-costumbrista","13":"product_tag-escena-costumista","14":"product_tag-escenes-costumistes-y-sidre","15":"product_tag-grabaos-costumistes","16":"product_tag-illustracion-y-sidre","18":"first","19":"instock","20":"shipping-taxable","21":"product-type-simple"},"_links":{"self":[{"href":"https:\/\/www.lasidra.net\/fototeca\/wp-json\/wp\/v2\/product\/1587","targetHints":{"allow":["GET"]}}],"collection":[{"href":"https:\/\/www.lasidra.net\/fototeca\/wp-json\/wp\/v2\/product"}],"about":[{"href":"https:\/\/www.lasidra.net\/fototeca\/wp-json\/wp\/v2\/types\/product"}],"replies":[{"embeddable":true,"href":"https:\/\/www.lasidra.net\/fototeca\/wp-json\/wp\/v2\/comments?post=1587"}],"wp:featuredmedia":[{"embeddable":true,"href":"https:\/\/www.lasidra.net\/fototeca\/wp-json\/wp\/v2\/media\/1588"}],"wp:attachment":[{"href":"https:\/\/www.lasidra.net\/fototeca\/wp-json\/wp\/v2\/media?parent=1587"}],"wp:term":[{"taxonomy":"product_brand","embeddable":true,"href":"https:\/\/www.lasidra.net\/fototeca\/wp-json\/wp\/v2\/product_brand?post=1587"},{"taxonomy":"product_cat","embeddable":true,"href":"https:\/\/www.lasidra.net\/fototeca\/wp-json\/wp\/v2\/product_cat?post=1587"},{"taxonomy":"product_tag","embeddable":true,"href":"https:\/\/www.lasidra.net\/fototeca\/wp-json\/wp\/v2\/product_tag?post=1587"}],"curies":[{"name":"wp","href":"https:\/\/api.w.org\/{rel}","templated":true}]}}