{"id":1591,"date":"2024-05-03T19:53:43","date_gmt":"2024-05-03T19:53:43","guid":{"rendered":"https:\/\/www.lasidra.net\/fototeca\/?post_type=product&#038;p=1591"},"modified":"2024-05-03T19:53:57","modified_gmt":"2024-05-03T19:53:57","slug":"mpa-373","status":"publish","type":"product","link":"https:\/\/www.lasidra.net\/fototeca\/producto\/mpa-373\/","title":{"rendered":"MPA 373"},"content":{"rendered":"","protected":false},"excerpt":{"rendered":"<p><strong>Autor<\/strong>: Alfonso Iglesias L\u00f3pez de Vivigo (Navia 1910 &#8211; Uvi\u00e9u 1988)<\/p>\n<p><strong>Dataci\u00f3n<\/strong>: 1986<\/p>\n<p><strong>Llugar<\/strong>: La Pola Siero<\/p>\n<p><strong>Observaciones<\/strong>: Cartelu de les fiestes del Carmen y Carm\u00edn, 7 al 24 de xunetu de 1986. Reproducci\u00f3n del cartelu de 1962, que fue&#8217;l primer cartelu de la Socied\u00e1 de Festexos de La Pola Siero. Pente los romeros apaece Telva, Pin\u00f3n y Pin\u00edn y Telva ta echando sidre.<\/p>\n<p><strong>Fonte d&#8217;ingresu<\/strong>: Mus\u00e9u del Pueblu d&#8217;Asturies<\/p>\n<p><strong>Data d&#8217;ingresu<\/strong>: Mayu 2024<\/p>\n","protected":false},"featured_media":1592,"comment_status":"closed","ping_status":"closed","template":"","meta":{"_et_pb_use_builder":"","_et_pb_old_content":"","_et_gb_content_width":"","_joinchat":[]},"product_brand":[],"product_cat":[15,21,24,188,18,20,16],"product_tag":[354,346,353,355,356,189,192,204,343],"class_list":{"0":"post-1591","1":"product","2":"type-product","3":"status-publish","4":"has-post-thumbnail","6":"product_cat-sin-categorizar","7":"product_cat-carteleria","8":"product_cat-dellos","9":"product_cat-folixes-y-cellebraciones","10":"product_cat-muyer","11":"product_cat-publicida","12":"product_cat-semeyes","13":"product_tag-cartel-de-sidre","14":"product_tag-carteleria-con-sidre","15":"product_tag-carteles-y-sidre","16":"product_tag-cartelu-de-sidre","17":"product_tag-fiestes-del-carmen-y-carmin","18":"product_tag-folixa","19":"product_tag-folixes-populares","20":"product_tag-folixes-y-festexos","21":"product_tag-folixes-y-sidra","23":"first","24":"instock","25":"shipping-taxable","26":"product-type-simple"},"_links":{"self":[{"href":"https:\/\/www.lasidra.net\/fototeca\/wp-json\/wp\/v2\/product\/1591","targetHints":{"allow":["GET"]}}],"collection":[{"href":"https:\/\/www.lasidra.net\/fototeca\/wp-json\/wp\/v2\/product"}],"about":[{"href":"https:\/\/www.lasidra.net\/fototeca\/wp-json\/wp\/v2\/types\/product"}],"replies":[{"embeddable":true,"href":"https:\/\/www.lasidra.net\/fototeca\/wp-json\/wp\/v2\/comments?post=1591"}],"wp:featuredmedia":[{"embeddable":true,"href":"https:\/\/www.lasidra.net\/fototeca\/wp-json\/wp\/v2\/media\/1592"}],"wp:attachment":[{"href":"https:\/\/www.lasidra.net\/fototeca\/wp-json\/wp\/v2\/media?parent=1591"}],"wp:term":[{"taxonomy":"product_brand","embeddable":true,"href":"https:\/\/www.lasidra.net\/fototeca\/wp-json\/wp\/v2\/product_brand?post=1591"},{"taxonomy":"product_cat","embeddable":true,"href":"https:\/\/www.lasidra.net\/fototeca\/wp-json\/wp\/v2\/product_cat?post=1591"},{"taxonomy":"product_tag","embeddable":true,"href":"https:\/\/www.lasidra.net\/fototeca\/wp-json\/wp\/v2\/product_tag?post=1591"}],"curies":[{"name":"wp","href":"https:\/\/api.w.org\/{rel}","templated":true}]}}