{"id":1603,"date":"2024-05-05T17:24:24","date_gmt":"2024-05-05T17:24:24","guid":{"rendered":"https:\/\/www.lasidra.net\/fototeca\/?post_type=product&#038;p=1603"},"modified":"2024-05-05T17:24:35","modified_gmt":"2024-05-05T17:24:35","slug":"mpa-378","status":"publish","type":"product","link":"https:\/\/www.lasidra.net\/fototeca\/producto\/mpa-378\/","title":{"rendered":"MPA 378"},"content":{"rendered":"","protected":false},"excerpt":{"rendered":"<p><strong>Autor<\/strong>: Jos\u00e9 Manuel Vilas\u00f3. Litograf\u00eda Ortega, Valencia (1871-1994)<\/p>\n<p><strong>Dataci\u00f3n<\/strong>: 1962<\/p>\n<p><strong>Llugar<\/strong>: Corias (Pravia)<\/p>\n<p><strong>Observaciones<\/strong>: Cartelu publicitariu de sidre axampanao Arias Extra, a\u00fa apaez el debuxu d&#8217;una muyer bebiendo sidre d&#8217;una copa<\/p>\n<p><strong>Fonte d&#8217;ingresu<\/strong>: Mus\u00e9u del Pueblu d&#8217;Asturies<\/p>\n<p><strong>Data d&#8217;ingresu<\/strong>: Mayu 2024<\/p>\n","protected":false},"featured_media":1602,"comment_status":"closed","ping_status":"closed","template":"","meta":{"_et_pb_use_builder":"","_et_pb_old_content":"","_et_gb_content_width":"","_joinchat":[]},"product_brand":[],"product_cat":[15,69,21,24,18,20,16],"product_tag":[354,346,353,355,309,306,191,308,209,362,360,361,314],"class_list":{"0":"post-1603","1":"product","2":"type-product","3":"status-publish","4":"has-post-thumbnail","6":"product_cat-sin-categorizar","7":"product_cat-axampanao","8":"product_cat-carteleria","9":"product_cat-dellos","10":"product_cat-muyer","11":"product_cat-publicida","12":"product_cat-semeyes","13":"product_tag-cartel-de-sidre","14":"product_tag-carteleria-con-sidre","15":"product_tag-carteles-y-sidre","16":"product_tag-cartelu-de-sidre","17":"product_tag-muyer-y-sidra","18":"product_tag-muyer-y-sidre","19":"product_tag-muyeres-y-sidra","20":"product_tag-muyeres-y-sidre","21":"product_tag-sidra-axampanao","22":"product_tag-sidra-axampanao-arias","23":"product_tag-sidre-arias","24":"product_tag-sidre-arias-extra","25":"product_tag-sidre-axampanao","27":"first","28":"instock","29":"shipping-taxable","30":"product-type-simple"},"_links":{"self":[{"href":"https:\/\/www.lasidra.net\/fototeca\/wp-json\/wp\/v2\/product\/1603","targetHints":{"allow":["GET"]}}],"collection":[{"href":"https:\/\/www.lasidra.net\/fototeca\/wp-json\/wp\/v2\/product"}],"about":[{"href":"https:\/\/www.lasidra.net\/fototeca\/wp-json\/wp\/v2\/types\/product"}],"replies":[{"embeddable":true,"href":"https:\/\/www.lasidra.net\/fototeca\/wp-json\/wp\/v2\/comments?post=1603"}],"wp:featuredmedia":[{"embeddable":true,"href":"https:\/\/www.lasidra.net\/fototeca\/wp-json\/wp\/v2\/media\/1602"}],"wp:attachment":[{"href":"https:\/\/www.lasidra.net\/fototeca\/wp-json\/wp\/v2\/media?parent=1603"}],"wp:term":[{"taxonomy":"product_brand","embeddable":true,"href":"https:\/\/www.lasidra.net\/fototeca\/wp-json\/wp\/v2\/product_brand?post=1603"},{"taxonomy":"product_cat","embeddable":true,"href":"https:\/\/www.lasidra.net\/fototeca\/wp-json\/wp\/v2\/product_cat?post=1603"},{"taxonomy":"product_tag","embeddable":true,"href":"https:\/\/www.lasidra.net\/fototeca\/wp-json\/wp\/v2\/product_tag?post=1603"}],"curies":[{"name":"wp","href":"https:\/\/api.w.org\/{rel}","templated":true}]}}