{"id":1608,"date":"2024-05-05T17:41:59","date_gmt":"2024-05-05T17:41:59","guid":{"rendered":"https:\/\/www.lasidra.net\/fototeca\/?post_type=product&#038;p=1608"},"modified":"2024-05-05T17:42:11","modified_gmt":"2024-05-05T17:42:11","slug":"mpa-381","status":"publish","type":"product","link":"https:\/\/www.lasidra.net\/fototeca\/producto\/mpa-381\/","title":{"rendered":"MPA 381"},"content":{"rendered":"","protected":false},"excerpt":{"rendered":"<p><strong>Autor<\/strong>: Compa\u00f1\u00eda Asturiana de Artes Gr\u00e1ficas de Xix\u00f3n<\/p>\n<p><strong>Dataci\u00f3n<\/strong>: 1905<\/p>\n<p><strong>Llugar<\/strong>: Colunga<\/p>\n<p><strong>Observaciones<\/strong>: Cartelu publicitariu de la sidre axampanao \u00abEl H\u00f3rreo\u00bb, de \u00abHijos de Pablo P\u00e9rez\u00bb, Colunga. Ye un debuxu d&#8217;una folixa popular a la vera un horru, nuna pumarada, cola xente vist\u00edo col paxellu tradicional. Na esquina inferior izquierda hai una botella sidre pente mazanes y apaecen tami\u00e9n les medalles de los premios recib\u00edos<\/p>\n<p><strong>Fonte d&#8217;ingresu<\/strong>: Mus\u00e9u del Pueblu d&#8217;Asturies<\/p>\n<p><strong>Data d&#8217;ingresu<\/strong>: Mayu 2024<\/p>\n","protected":false},"featured_media":1609,"comment_status":"closed","ping_status":"closed","template":"","meta":{"_et_pb_use_builder":"","_et_pb_old_content":"","_et_gb_content_width":"","_joinchat":[]},"product_brand":[],"product_cat":[15,69,21,24,188,133,18,20,16],"product_tag":[354,346,353,355,189,192,204,343,209,367,314,368],"class_list":{"0":"post-1608","1":"product","2":"type-product","3":"status-publish","4":"has-post-thumbnail","6":"product_cat-sin-categorizar","7":"product_cat-axampanao","8":"product_cat-carteleria","9":"product_cat-dellos","10":"product_cat-folixes-y-cellebraciones","11":"product_cat-mazana","12":"product_cat-muyer","13":"product_cat-publicida","14":"product_cat-semeyes","15":"product_tag-cartel-de-sidre","16":"product_tag-carteleria-con-sidre","17":"product_tag-carteles-y-sidre","18":"product_tag-cartelu-de-sidre","19":"product_tag-folixa","20":"product_tag-folixes-populares","21":"product_tag-folixes-y-festexos","22":"product_tag-folixes-y-sidra","23":"product_tag-sidra-axampanao","24":"product_tag-sidra-axampanao-el-horreo","25":"product_tag-sidre-axampanao","26":"product_tag-sidre-axampanao-el-horreo","28":"first","29":"instock","30":"shipping-taxable","31":"product-type-simple"},"_links":{"self":[{"href":"https:\/\/www.lasidra.net\/fototeca\/wp-json\/wp\/v2\/product\/1608","targetHints":{"allow":["GET"]}}],"collection":[{"href":"https:\/\/www.lasidra.net\/fototeca\/wp-json\/wp\/v2\/product"}],"about":[{"href":"https:\/\/www.lasidra.net\/fototeca\/wp-json\/wp\/v2\/types\/product"}],"replies":[{"embeddable":true,"href":"https:\/\/www.lasidra.net\/fototeca\/wp-json\/wp\/v2\/comments?post=1608"}],"wp:featuredmedia":[{"embeddable":true,"href":"https:\/\/www.lasidra.net\/fototeca\/wp-json\/wp\/v2\/media\/1609"}],"wp:attachment":[{"href":"https:\/\/www.lasidra.net\/fototeca\/wp-json\/wp\/v2\/media?parent=1608"}],"wp:term":[{"taxonomy":"product_brand","embeddable":true,"href":"https:\/\/www.lasidra.net\/fototeca\/wp-json\/wp\/v2\/product_brand?post=1608"},{"taxonomy":"product_cat","embeddable":true,"href":"https:\/\/www.lasidra.net\/fototeca\/wp-json\/wp\/v2\/product_cat?post=1608"},{"taxonomy":"product_tag","embeddable":true,"href":"https:\/\/www.lasidra.net\/fototeca\/wp-json\/wp\/v2\/product_tag?post=1608"}],"curies":[{"name":"wp","href":"https:\/\/api.w.org\/{rel}","templated":true}]}}