{"id":1614,"date":"2024-05-05T17:57:54","date_gmt":"2024-05-05T17:57:54","guid":{"rendered":"https:\/\/www.lasidra.net\/fototeca\/?post_type=product&#038;p=1614"},"modified":"2024-05-05T17:58:03","modified_gmt":"2024-05-05T17:58:03","slug":"mpa-384","status":"publish","type":"product","link":"https:\/\/www.lasidra.net\/fototeca\/producto\/mpa-384\/","title":{"rendered":"MPA 384"},"content":{"rendered":"","protected":false},"excerpt":{"rendered":"<p><strong>Autor<\/strong>: Compa\u00f1\u00eda Asturiana de Artes Gr\u00e1ficas, Xix\u00f3n<\/p>\n<p><strong>Dataci\u00f3n<\/strong>: 1910 (utiliz\u00e1u otra vuelta en 1932)<\/p>\n<p><strong>Llugar<\/strong>: Corias (Pravia)<\/p>\n<p><strong>Observaciones<\/strong>: Cartelu publicitariu de sidre axampanao \u00abLa Praviana\u00bb, de Antonio Arias. Ye una illustraci\u00f3n a\u00fa apaez un paisaxe monta\u00f1osu. A la mandrecha, una botella de sidre axampanao de la marca y a la manzorga, un home con montera picona, col picu cayendo a la oreya, faciendo colos deos un xesto d&#8217;aprobaci\u00f3n<\/p>\n<p><strong>Fonte d&#8217;ingresu<\/strong>: Mus\u00e9u del Pueblu d&#8217;Asturies<\/p>\n<p><strong>Data d&#8217;ingresu<\/strong>: Mayu 2024<\/p>\n","protected":false},"featured_media":1615,"comment_status":"closed","ping_status":"closed","template":"","meta":{"_et_pb_use_builder":"","_et_pb_old_content":"","_et_gb_content_width":"","_joinchat":[]},"product_brand":[],"product_cat":[15,69,21,24,20,16],"product_tag":[354,346,353,355,209,357,314,371],"class_list":{"0":"post-1614","1":"product","2":"type-product","3":"status-publish","4":"has-post-thumbnail","6":"product_cat-sin-categorizar","7":"product_cat-axampanao","8":"product_cat-carteleria","9":"product_cat-dellos","10":"product_cat-publicida","11":"product_cat-semeyes","12":"product_tag-cartel-de-sidre","13":"product_tag-carteleria-con-sidre","14":"product_tag-carteles-y-sidre","15":"product_tag-cartelu-de-sidre","16":"product_tag-sidra-axampanao","17":"product_tag-sidra-axampanao-la-praviana","18":"product_tag-sidre-axampanao","19":"product_tag-sidre-axampanao-la-praviana","21":"first","22":"instock","23":"shipping-taxable","24":"product-type-simple"},"_links":{"self":[{"href":"https:\/\/www.lasidra.net\/fototeca\/wp-json\/wp\/v2\/product\/1614","targetHints":{"allow":["GET"]}}],"collection":[{"href":"https:\/\/www.lasidra.net\/fototeca\/wp-json\/wp\/v2\/product"}],"about":[{"href":"https:\/\/www.lasidra.net\/fototeca\/wp-json\/wp\/v2\/types\/product"}],"replies":[{"embeddable":true,"href":"https:\/\/www.lasidra.net\/fototeca\/wp-json\/wp\/v2\/comments?post=1614"}],"wp:featuredmedia":[{"embeddable":true,"href":"https:\/\/www.lasidra.net\/fototeca\/wp-json\/wp\/v2\/media\/1615"}],"wp:attachment":[{"href":"https:\/\/www.lasidra.net\/fototeca\/wp-json\/wp\/v2\/media?parent=1614"}],"wp:term":[{"taxonomy":"product_brand","embeddable":true,"href":"https:\/\/www.lasidra.net\/fototeca\/wp-json\/wp\/v2\/product_brand?post=1614"},{"taxonomy":"product_cat","embeddable":true,"href":"https:\/\/www.lasidra.net\/fototeca\/wp-json\/wp\/v2\/product_cat?post=1614"},{"taxonomy":"product_tag","embeddable":true,"href":"https:\/\/www.lasidra.net\/fototeca\/wp-json\/wp\/v2\/product_tag?post=1614"}],"curies":[{"name":"wp","href":"https:\/\/api.w.org\/{rel}","templated":true}]}}