{"id":1625,"date":"2024-08-15T09:39:50","date_gmt":"2024-08-15T09:39:50","guid":{"rendered":"https:\/\/www.lasidra.net\/fototeca\/?post_type=product&#038;p=1625"},"modified":"2024-08-15T09:52:51","modified_gmt":"2024-08-15T09:52:51","slug":"mpa-388","status":"publish","type":"product","link":"https:\/\/www.lasidra.net\/fototeca\/producto\/mpa-388\/","title":{"rendered":"MPA 388"},"content":{"rendered":"","protected":false},"excerpt":{"rendered":"<p><strong>Dataci\u00f3n<\/strong>: 1959<\/p>\n<p><strong>Llugar<\/strong>: Madrid<\/p>\n<p><strong>Observaciones<\/strong>: En 1959, Mari y Pepe abren \u00abLa Copita Asturiana\u00bb, una taberna en Madrid. Na semeya, apaez Pepe con unos veceros, echando sidre. Repar\u00e1i na postura&#8217;l brazu que calti\u00e9n el vasu, cola mu\u00f1eca retorciga\u00f1ada<\/p>\n<p><strong>Fonte d&#8217;ingresu<\/strong>: lacopitaasturiana.com<\/p>\n<p><strong>Data d&#8217;ingresu<\/strong>: Agostu 2024<\/p>\n","protected":false},"featured_media":1626,"comment_status":"closed","ping_status":"closed","template":"","meta":{"_et_pb_use_builder":"","_et_pb_old_content":"","_et_gb_content_width":"","_joinchat":[]},"product_brand":[],"product_cat":[15,26,24,19,16],"product_tag":[382,383,384,315,328],"class_list":{"0":"post-1625","1":"product","2":"type-product","3":"status-publish","4":"has-post-thumbnail","6":"product_cat-sin-categorizar","7":"product_cat-chigre","8":"product_cat-dellos","9":"product_cat-echando","10":"product_cat-semeyes","11":"product_tag-botella-sidra","12":"product_tag-botella-sidre","13":"product_tag-chigre-y-sidre","14":"product_tag-echando-sidre","15":"product_tag-sidre-y-socieda","17":"first","18":"instock","19":"shipping-taxable","20":"product-type-simple"},"_links":{"self":[{"href":"https:\/\/www.lasidra.net\/fototeca\/wp-json\/wp\/v2\/product\/1625","targetHints":{"allow":["GET"]}}],"collection":[{"href":"https:\/\/www.lasidra.net\/fototeca\/wp-json\/wp\/v2\/product"}],"about":[{"href":"https:\/\/www.lasidra.net\/fototeca\/wp-json\/wp\/v2\/types\/product"}],"replies":[{"embeddable":true,"href":"https:\/\/www.lasidra.net\/fototeca\/wp-json\/wp\/v2\/comments?post=1625"}],"wp:featuredmedia":[{"embeddable":true,"href":"https:\/\/www.lasidra.net\/fototeca\/wp-json\/wp\/v2\/media\/1626"}],"wp:attachment":[{"href":"https:\/\/www.lasidra.net\/fototeca\/wp-json\/wp\/v2\/media?parent=1625"}],"wp:term":[{"taxonomy":"product_brand","embeddable":true,"href":"https:\/\/www.lasidra.net\/fototeca\/wp-json\/wp\/v2\/product_brand?post=1625"},{"taxonomy":"product_cat","embeddable":true,"href":"https:\/\/www.lasidra.net\/fototeca\/wp-json\/wp\/v2\/product_cat?post=1625"},{"taxonomy":"product_tag","embeddable":true,"href":"https:\/\/www.lasidra.net\/fototeca\/wp-json\/wp\/v2\/product_tag?post=1625"}],"curies":[{"name":"wp","href":"https:\/\/api.w.org\/{rel}","templated":true}]}}