{"id":1635,"date":"2024-10-20T19:16:25","date_gmt":"2024-10-20T19:16:25","guid":{"rendered":"https:\/\/www.lasidra.net\/fototeca\/?post_type=product&#038;p=1635"},"modified":"2024-10-20T19:18:11","modified_gmt":"2024-10-20T19:18:11","slug":"fas-001","status":"publish","type":"product","link":"https:\/\/www.lasidra.net\/fototeca\/producto\/fas-001\/","title":{"rendered":"FAS 001"},"content":{"rendered":"","protected":false},"excerpt":{"rendered":"<p><strong>Dataci\u00f3n<\/strong>: 16 de Xunetu de 1940<\/p>\n<p><strong>Llugar<\/strong>: Colunga<\/p>\n<p><strong>Observaciones<\/strong>: Telegrama de Sidra Axampanao \u00abEl H\u00f3rreo\u00bb (Hijos de Pablo P\u00e9rez) a Don Carlos Fern\u00e1ndez, de Casa Tuita (Trev\u00edas), pa da-y el p\u00e9same pola muerte&#8217;l so hermanu<\/p>\n<p><strong>Fonte d&#8217;ingresu<\/strong>: Fundaci\u00f3n Asturies<\/p>\n<p><strong>Data d&#8217;ingresu<\/strong>: Ochobre 2024<\/p>\n","protected":false},"featured_media":1637,"comment_status":"closed","ping_status":"closed","template":"","meta":{"_et_pb_use_builder":"","_et_pb_old_content":"","_et_gb_content_width":"","_joinchat":[]},"product_brand":[],"product_cat":[15,69,24,277,16],"product_tag":[209,367,385],"class_list":{"0":"post-1635","1":"product","2":"type-product","3":"status-publish","4":"has-post-thumbnail","6":"product_cat-sin-categorizar","7":"product_cat-axampanao","8":"product_cat-dellos","9":"product_cat-documentos","10":"product_cat-semeyes","11":"product_tag-sidra-axampanao","12":"product_tag-sidra-axampanao-el-horreo","13":"product_tag-telegrama","15":"first","16":"instock","17":"shipping-taxable","18":"product-type-simple"},"_links":{"self":[{"href":"https:\/\/www.lasidra.net\/fototeca\/wp-json\/wp\/v2\/product\/1635","targetHints":{"allow":["GET"]}}],"collection":[{"href":"https:\/\/www.lasidra.net\/fototeca\/wp-json\/wp\/v2\/product"}],"about":[{"href":"https:\/\/www.lasidra.net\/fototeca\/wp-json\/wp\/v2\/types\/product"}],"replies":[{"embeddable":true,"href":"https:\/\/www.lasidra.net\/fototeca\/wp-json\/wp\/v2\/comments?post=1635"}],"wp:featuredmedia":[{"embeddable":true,"href":"https:\/\/www.lasidra.net\/fototeca\/wp-json\/wp\/v2\/media\/1637"}],"wp:attachment":[{"href":"https:\/\/www.lasidra.net\/fototeca\/wp-json\/wp\/v2\/media?parent=1635"}],"wp:term":[{"taxonomy":"product_brand","embeddable":true,"href":"https:\/\/www.lasidra.net\/fototeca\/wp-json\/wp\/v2\/product_brand?post=1635"},{"taxonomy":"product_cat","embeddable":true,"href":"https:\/\/www.lasidra.net\/fototeca\/wp-json\/wp\/v2\/product_cat?post=1635"},{"taxonomy":"product_tag","embeddable":true,"href":"https:\/\/www.lasidra.net\/fototeca\/wp-json\/wp\/v2\/product_tag?post=1635"}],"curies":[{"name":"wp","href":"https:\/\/api.w.org\/{rel}","templated":true}]}}