{"id":1640,"date":"2024-10-20T19:37:20","date_gmt":"2024-10-20T19:37:20","guid":{"rendered":"https:\/\/www.lasidra.net\/fototeca\/?post_type=product&#038;p=1640"},"modified":"2024-10-20T19:37:27","modified_gmt":"2024-10-20T19:37:27","slug":"fas-003","status":"publish","type":"product","link":"https:\/\/www.lasidra.net\/fototeca\/producto\/fas-003\/","title":{"rendered":"FAS 003"},"content":{"rendered":"","protected":false},"excerpt":{"rendered":"<p><strong>Dataci\u00f3n<\/strong>: 8 de Xunetu de 1936<\/p>\n<p><strong>Llugar<\/strong>: Xix\u00f3n<\/p>\n<p><strong>Observaciones<\/strong>: Carta de la f\u00e1brica de sidre axampanao La Aldeana, de Xix\u00f3n, al Subdeleg\u00e1u de Facienda, p&#8217;avisar de la preparaci\u00f3n pa exportaci\u00f3n de delles caxes de sidre, a efeutos de la exenci\u00f3n l&#8217;impuestu del Timbre<\/p>\n<p><strong>Fonte d&#8217;ingresu<\/strong>: Fundaci\u00f3n Asturies<\/p>\n<p><strong>Data d&#8217;ingresu<\/strong>: Ochobre 2024<\/p>\n","protected":false},"featured_media":1644,"comment_status":"closed","ping_status":"closed","template":"","meta":{"_et_pb_use_builder":"","_et_pb_old_content":"","_et_gb_content_width":"","_joinchat":[]},"product_brand":[],"product_cat":[15,69,24,277,16],"product_tag":[389,391,209,373,390],"class_list":{"0":"post-1640","1":"product","2":"type-product","3":"status-publish","4":"has-post-thumbnail","6":"product_cat-sin-categorizar","7":"product_cat-axampanao","8":"product_cat-dellos","9":"product_cat-documentos","10":"product_cat-semeyes","11":"product_tag-carta","12":"product_tag-impuestos-y-sidre","13":"product_tag-sidra-axampanao","14":"product_tag-sidra-axampanao-la-aldeana","15":"product_tag-sidre-y-tributos","17":"first","18":"instock","19":"shipping-taxable","20":"product-type-simple"},"_links":{"self":[{"href":"https:\/\/www.lasidra.net\/fototeca\/wp-json\/wp\/v2\/product\/1640","targetHints":{"allow":["GET"]}}],"collection":[{"href":"https:\/\/www.lasidra.net\/fototeca\/wp-json\/wp\/v2\/product"}],"about":[{"href":"https:\/\/www.lasidra.net\/fototeca\/wp-json\/wp\/v2\/types\/product"}],"replies":[{"embeddable":true,"href":"https:\/\/www.lasidra.net\/fototeca\/wp-json\/wp\/v2\/comments?post=1640"}],"wp:featuredmedia":[{"embeddable":true,"href":"https:\/\/www.lasidra.net\/fototeca\/wp-json\/wp\/v2\/media\/1644"}],"wp:attachment":[{"href":"https:\/\/www.lasidra.net\/fototeca\/wp-json\/wp\/v2\/media?parent=1640"}],"wp:term":[{"taxonomy":"product_brand","embeddable":true,"href":"https:\/\/www.lasidra.net\/fototeca\/wp-json\/wp\/v2\/product_brand?post=1640"},{"taxonomy":"product_cat","embeddable":true,"href":"https:\/\/www.lasidra.net\/fototeca\/wp-json\/wp\/v2\/product_cat?post=1640"},{"taxonomy":"product_tag","embeddable":true,"href":"https:\/\/www.lasidra.net\/fototeca\/wp-json\/wp\/v2\/product_tag?post=1640"}],"curies":[{"name":"wp","href":"https:\/\/api.w.org\/{rel}","templated":true}]}}