{"id":1645,"date":"2024-10-20T19:45:01","date_gmt":"2024-10-20T19:45:01","guid":{"rendered":"https:\/\/www.lasidra.net\/fototeca\/?post_type=product&#038;p=1645"},"modified":"2024-10-20T19:52:47","modified_gmt":"2024-10-20T19:52:47","slug":"fas-004","status":"publish","type":"product","link":"https:\/\/www.lasidra.net\/fototeca\/producto\/fas-004\/","title":{"rendered":"FAS 004"},"content":{"rendered":"","protected":false},"excerpt":{"rendered":"<p><strong>Dataci\u00f3n: <\/strong>9 de Xunetu de 1931<br \/>\n<strong>Llugar<\/strong>: Tudela<\/p>\n<p><strong>Observaciones<\/strong>: Postal de sidra El Gaitero, unviada a D. Anselmo Sana\u00fa, de Cervera del R\u00edo Alhama (Logro\u00f1o)<\/p>\n<p><strong>Fonte d&#8217;ingresu<\/strong>: Fundaci\u00f3n Asturies<\/p>\n<p><strong>Data d&#8217;ingresu<\/strong>: Ochobre 2024<\/p>\n","protected":false},"featured_media":1647,"comment_status":"closed","ping_status":"closed","template":"","meta":{"_et_pb_use_builder":"","_et_pb_old_content":"","_et_gb_content_width":"","_joinchat":[]},"product_brand":[],"product_cat":[15,69,24,277,16],"product_tag":[387,379,380,381,378,377,209,292,314],"class_list":{"0":"post-1645","1":"product","2":"type-product","3":"status-publish","4":"has-post-thumbnail","6":"product_cat-sin-categorizar","7":"product_cat-axampanao","8":"product_cat-dellos","9":"product_cat-documentos","10":"product_cat-semeyes","11":"product_tag-factura-sidra-axampanao","12":"product_tag-postal-publicitaria","13":"product_tag-postal-publicitaria-sidra","14":"product_tag-postal-publicitaria-sidre","15":"product_tag-postales-y-sidra","16":"product_tag-postales-y-sidre","17":"product_tag-sidra-axampanao","18":"product_tag-sidra-el-gaitero","19":"product_tag-sidre-axampanao","21":"first","22":"instock","23":"shipping-taxable","24":"product-type-simple"},"_links":{"self":[{"href":"https:\/\/www.lasidra.net\/fototeca\/wp-json\/wp\/v2\/product\/1645","targetHints":{"allow":["GET"]}}],"collection":[{"href":"https:\/\/www.lasidra.net\/fototeca\/wp-json\/wp\/v2\/product"}],"about":[{"href":"https:\/\/www.lasidra.net\/fototeca\/wp-json\/wp\/v2\/types\/product"}],"replies":[{"embeddable":true,"href":"https:\/\/www.lasidra.net\/fototeca\/wp-json\/wp\/v2\/comments?post=1645"}],"wp:featuredmedia":[{"embeddable":true,"href":"https:\/\/www.lasidra.net\/fototeca\/wp-json\/wp\/v2\/media\/1647"}],"wp:attachment":[{"href":"https:\/\/www.lasidra.net\/fototeca\/wp-json\/wp\/v2\/media?parent=1645"}],"wp:term":[{"taxonomy":"product_brand","embeddable":true,"href":"https:\/\/www.lasidra.net\/fototeca\/wp-json\/wp\/v2\/product_brand?post=1645"},{"taxonomy":"product_cat","embeddable":true,"href":"https:\/\/www.lasidra.net\/fototeca\/wp-json\/wp\/v2\/product_cat?post=1645"},{"taxonomy":"product_tag","embeddable":true,"href":"https:\/\/www.lasidra.net\/fototeca\/wp-json\/wp\/v2\/product_tag?post=1645"}],"curies":[{"name":"wp","href":"https:\/\/api.w.org\/{rel}","templated":true}]}}