{"id":1690,"date":"2024-10-27T10:38:53","date_gmt":"2024-10-27T10:38:53","guid":{"rendered":"https:\/\/www.lasidra.net\/fototeca\/?post_type=product&#038;p=1690"},"modified":"2024-10-27T10:39:02","modified_gmt":"2024-10-27T10:39:02","slug":"fas-022","status":"publish","type":"product","link":"https:\/\/www.lasidra.net\/fototeca\/producto\/fas-022\/","title":{"rendered":"FAS 022"},"content":{"rendered":"","protected":false},"excerpt":{"rendered":"<p><b>Dataci\u00f3n<\/b>: 1 d&#8217;Avientu de 1953<\/p>\n<p><b>Llugar<\/b>: Santa Cruz de Tenerife<\/p>\n<p><b>Observaciones<\/b>: Apunte de Contabilid\u00e1 del Colex\u00e1u Miguel Hern\u00e1ndez Menor, pa Champanera La Aldeana, de Xix\u00f3n, referente a les comisiones de les factures 53 y 54. Sell\u00e1u el 15 d&#8217;Avientu de 1953<\/p>\n<p><b>Fonte d&#8217;ingresu<\/b>: Fundaci\u00f3n Asturies<\/p>\n<p><b>Data d&#8217;ingresu<\/b>: Ochobre 2024<\/p>\n","protected":false},"featured_media":1691,"comment_status":"closed","ping_status":"closed","template":"","meta":{"_et_pb_use_builder":"","_et_pb_old_content":"","_et_gb_content_width":"","_joinchat":[]},"product_brand":[],"product_cat":[15,24,277],"product_tag":[413,414,415,405,406],"class_list":{"0":"post-1690","1":"product","2":"type-product","3":"status-publish","4":"has-post-thumbnail","6":"product_cat-sin-categorizar","7":"product_cat-dellos","8":"product_cat-documentos","9":"product_tag-contabilida","10":"product_tag-contabilida-y-sidra","11":"product_tag-contabilida-y-sidre","12":"product_tag-documentos-de-la-sidra","13":"product_tag-documentos-de-la-sidre","15":"first","16":"instock","17":"shipping-taxable","18":"product-type-simple"},"_links":{"self":[{"href":"https:\/\/www.lasidra.net\/fototeca\/wp-json\/wp\/v2\/product\/1690","targetHints":{"allow":["GET"]}}],"collection":[{"href":"https:\/\/www.lasidra.net\/fototeca\/wp-json\/wp\/v2\/product"}],"about":[{"href":"https:\/\/www.lasidra.net\/fototeca\/wp-json\/wp\/v2\/types\/product"}],"replies":[{"embeddable":true,"href":"https:\/\/www.lasidra.net\/fototeca\/wp-json\/wp\/v2\/comments?post=1690"}],"wp:featuredmedia":[{"embeddable":true,"href":"https:\/\/www.lasidra.net\/fototeca\/wp-json\/wp\/v2\/media\/1691"}],"wp:attachment":[{"href":"https:\/\/www.lasidra.net\/fototeca\/wp-json\/wp\/v2\/media?parent=1690"}],"wp:term":[{"taxonomy":"product_brand","embeddable":true,"href":"https:\/\/www.lasidra.net\/fototeca\/wp-json\/wp\/v2\/product_brand?post=1690"},{"taxonomy":"product_cat","embeddable":true,"href":"https:\/\/www.lasidra.net\/fototeca\/wp-json\/wp\/v2\/product_cat?post=1690"},{"taxonomy":"product_tag","embeddable":true,"href":"https:\/\/www.lasidra.net\/fototeca\/wp-json\/wp\/v2\/product_tag?post=1690"}],"curies":[{"name":"wp","href":"https:\/\/api.w.org\/{rel}","templated":true}]}}