{"id":1710,"date":"2024-10-27T11:46:56","date_gmt":"2024-10-27T11:46:56","guid":{"rendered":"https:\/\/www.lasidra.net\/fototeca\/?post_type=product&#038;p=1710"},"modified":"2024-10-27T11:49:22","modified_gmt":"2024-10-27T11:49:22","slug":"fas-032","status":"publish","type":"product","link":"https:\/\/www.lasidra.net\/fototeca\/producto\/fas-032\/","title":{"rendered":"FAS 032"},"content":{"rendered":"","protected":false},"excerpt":{"rendered":"<p><b>Dataci\u00f3n<\/b>: 7 de Xineru de 1954<\/p>\n<p><b>Llugar<\/b>: Uvi\u00e9u<\/p>\n<p><b>Observaciones<\/b>: Carta Ref. Vid. Cervezas y Bebidas, Grupo Provincial de Sidra Natural. La carta ta escrita por Jos\u00e9 Felgueroso, en representaci\u00f3n de Sidra Zarracina, ufriendo disposici\u00f3n p&#8217;apurrir comprobantes de toa triba (factures, etc), col enfotu de caltener el preciu de venta al p\u00fablicu de la sidra nun preciu que nun suba de 3 pesetes nel a\u00f1u 1954<\/p>\n<p><b>Fonte d&#8217;ingresu<\/b>: Fundaci\u00f3n Asturies<\/p>\n<p><b>Data d&#8217;ingresu<\/b>: Ochobre 2024<\/p>\n","protected":false},"featured_media":1711,"comment_status":"closed","ping_status":"closed","template":"","meta":{"_et_pb_use_builder":"","_et_pb_old_content":"","_et_gb_content_width":"","_joinchat":[]},"product_brand":[],"product_cat":[15,24,277],"product_tag":[393,394,420,421,405,406,388],"class_list":{"0":"post-1710","1":"product","2":"type-product","3":"status-publish","4":"has-post-thumbnail","6":"product_cat-sin-categorizar","7":"product_cat-dellos","8":"product_cat-documentos","9":"product_tag-cartes-y-sidra","10":"product_tag-cartes-y-sidre","11":"product_tag-correspondencia-sidra","12":"product_tag-correspondencia-sidre","13":"product_tag-documentos-de-la-sidra","14":"product_tag-documentos-de-la-sidre","15":"product_tag-documentos-sidra","17":"first","18":"instock","19":"shipping-taxable","20":"product-type-simple"},"_links":{"self":[{"href":"https:\/\/www.lasidra.net\/fototeca\/wp-json\/wp\/v2\/product\/1710","targetHints":{"allow":["GET"]}}],"collection":[{"href":"https:\/\/www.lasidra.net\/fototeca\/wp-json\/wp\/v2\/product"}],"about":[{"href":"https:\/\/www.lasidra.net\/fototeca\/wp-json\/wp\/v2\/types\/product"}],"replies":[{"embeddable":true,"href":"https:\/\/www.lasidra.net\/fototeca\/wp-json\/wp\/v2\/comments?post=1710"}],"wp:featuredmedia":[{"embeddable":true,"href":"https:\/\/www.lasidra.net\/fototeca\/wp-json\/wp\/v2\/media\/1711"}],"wp:attachment":[{"href":"https:\/\/www.lasidra.net\/fototeca\/wp-json\/wp\/v2\/media?parent=1710"}],"wp:term":[{"taxonomy":"product_brand","embeddable":true,"href":"https:\/\/www.lasidra.net\/fototeca\/wp-json\/wp\/v2\/product_brand?post=1710"},{"taxonomy":"product_cat","embeddable":true,"href":"https:\/\/www.lasidra.net\/fototeca\/wp-json\/wp\/v2\/product_cat?post=1710"},{"taxonomy":"product_tag","embeddable":true,"href":"https:\/\/www.lasidra.net\/fototeca\/wp-json\/wp\/v2\/product_tag?post=1710"}],"curies":[{"name":"wp","href":"https:\/\/api.w.org\/{rel}","templated":true}]}}