{"id":1743,"date":"2024-12-02T09:17:18","date_gmt":"2024-12-02T09:17:18","guid":{"rendered":"https:\/\/www.lasidra.net\/fototeca\/?post_type=product&#038;p=1743"},"modified":"2024-12-02T09:17:24","modified_gmt":"2024-12-02T09:17:24","slug":"fas-047","status":"publish","type":"product","link":"https:\/\/www.lasidra.net\/fototeca\/producto\/fas-047\/","title":{"rendered":"FAS 047"},"content":{"rendered":"","protected":false},"excerpt":{"rendered":"<p><b>Dataci\u00f3n<\/b>: 19 d&#8217;Avientu de 1904<\/p>\n<p><b>Llugar<\/b>: Colunga<\/p>\n<p><b>Observaciones<\/b>: Parte trasera de la carta catalogada como F046, de Hijos de Pablo P\u00e9rez a Don Jos\u00e9 R. Garc\u00eda, de Grau<\/p>\n<p><b>Fonte d&#8217;ingresu<\/b>: Fundaci\u00f3n Asturies<\/p>\n<p><b>Data d&#8217;ingresu<\/b>: Avientu 2024<\/p>\n","protected":false},"featured_media":1744,"comment_status":"closed","ping_status":"closed","template":"","meta":{"_et_pb_use_builder":"","_et_pb_old_content":"","_et_gb_content_width":"","_joinchat":[]},"product_brand":[],"product_cat":[15,24,277],"product_tag":[393,394,420,421],"class_list":{"0":"post-1743","1":"product","2":"type-product","3":"status-publish","4":"has-post-thumbnail","6":"product_cat-sin-categorizar","7":"product_cat-dellos","8":"product_cat-documentos","9":"product_tag-cartes-y-sidra","10":"product_tag-cartes-y-sidre","11":"product_tag-correspondencia-sidra","12":"product_tag-correspondencia-sidre","14":"first","15":"instock","16":"shipping-taxable","17":"product-type-simple"},"_links":{"self":[{"href":"https:\/\/www.lasidra.net\/fototeca\/wp-json\/wp\/v2\/product\/1743","targetHints":{"allow":["GET"]}}],"collection":[{"href":"https:\/\/www.lasidra.net\/fototeca\/wp-json\/wp\/v2\/product"}],"about":[{"href":"https:\/\/www.lasidra.net\/fototeca\/wp-json\/wp\/v2\/types\/product"}],"replies":[{"embeddable":true,"href":"https:\/\/www.lasidra.net\/fototeca\/wp-json\/wp\/v2\/comments?post=1743"}],"wp:featuredmedia":[{"embeddable":true,"href":"https:\/\/www.lasidra.net\/fototeca\/wp-json\/wp\/v2\/media\/1744"}],"wp:attachment":[{"href":"https:\/\/www.lasidra.net\/fototeca\/wp-json\/wp\/v2\/media?parent=1743"}],"wp:term":[{"taxonomy":"product_brand","embeddable":true,"href":"https:\/\/www.lasidra.net\/fototeca\/wp-json\/wp\/v2\/product_brand?post=1743"},{"taxonomy":"product_cat","embeddable":true,"href":"https:\/\/www.lasidra.net\/fototeca\/wp-json\/wp\/v2\/product_cat?post=1743"},{"taxonomy":"product_tag","embeddable":true,"href":"https:\/\/www.lasidra.net\/fototeca\/wp-json\/wp\/v2\/product_tag?post=1743"}],"curies":[{"name":"wp","href":"https:\/\/api.w.org\/{rel}","templated":true}]}}