{"id":1749,"date":"2024-12-02T10:52:01","date_gmt":"2024-12-02T10:52:01","guid":{"rendered":"https:\/\/www.lasidra.net\/fototeca\/?post_type=product&#038;p=1749"},"modified":"2024-12-02T10:52:07","modified_gmt":"2024-12-02T10:52:07","slug":"fas-050","status":"publish","type":"product","link":"https:\/\/www.lasidra.net\/fototeca\/producto\/fas-050\/","title":{"rendered":"FAS 050"},"content":{"rendered":"","protected":false},"excerpt":{"rendered":"<p><b>Dataci\u00f3n<\/b>: 17 d&#8217;Ochobre de 1953<\/p>\n<p><b>Llugar<\/b>: Xix\u00f3n<\/p>\n<p><b>Observaciones<\/b>: Certific\u00e1u d&#8217;Aduanes, abiertu por Carlos R\u00faa Figueroa y Biava, Segundu Xefe d&#8217;Aduanes de Xix\u00f3n, en referencia a una factura de Champanera La Aldeana pol embarque de mercanc\u00eda nel vapor Guadalupe, a efeutos de la exenci\u00f3n del Impuestu d&#8217;Usos y Consumos.<\/p>\n<p><b>Fonte d&#8217;ingresu<\/b>: Fundaci\u00f3n Asturies<\/p>\n<p><b>Data d&#8217;ingresu<\/b>: Avientu 2024<\/p>\n","protected":false},"featured_media":1750,"comment_status":"closed","ping_status":"closed","template":"","meta":{"_et_pb_use_builder":"","_et_pb_old_content":"","_et_gb_content_width":"","_joinchat":[]},"product_brand":[],"product_cat":[15,24,277],"product_tag":[428,429,391],"class_list":{"0":"post-1749","1":"product","2":"type-product","3":"status-publish","4":"has-post-thumbnail","6":"product_cat-sin-categorizar","7":"product_cat-dellos","8":"product_cat-documentos","9":"product_tag-aduana-y-sidra","10":"product_tag-aduana-y-sidre","11":"product_tag-impuestos-y-sidre","13":"first","14":"instock","15":"shipping-taxable","16":"product-type-simple"},"_links":{"self":[{"href":"https:\/\/www.lasidra.net\/fototeca\/wp-json\/wp\/v2\/product\/1749","targetHints":{"allow":["GET"]}}],"collection":[{"href":"https:\/\/www.lasidra.net\/fototeca\/wp-json\/wp\/v2\/product"}],"about":[{"href":"https:\/\/www.lasidra.net\/fototeca\/wp-json\/wp\/v2\/types\/product"}],"replies":[{"embeddable":true,"href":"https:\/\/www.lasidra.net\/fototeca\/wp-json\/wp\/v2\/comments?post=1749"}],"wp:featuredmedia":[{"embeddable":true,"href":"https:\/\/www.lasidra.net\/fototeca\/wp-json\/wp\/v2\/media\/1750"}],"wp:attachment":[{"href":"https:\/\/www.lasidra.net\/fototeca\/wp-json\/wp\/v2\/media?parent=1749"}],"wp:term":[{"taxonomy":"product_brand","embeddable":true,"href":"https:\/\/www.lasidra.net\/fototeca\/wp-json\/wp\/v2\/product_brand?post=1749"},{"taxonomy":"product_cat","embeddable":true,"href":"https:\/\/www.lasidra.net\/fototeca\/wp-json\/wp\/v2\/product_cat?post=1749"},{"taxonomy":"product_tag","embeddable":true,"href":"https:\/\/www.lasidra.net\/fototeca\/wp-json\/wp\/v2\/product_tag?post=1749"}],"curies":[{"name":"wp","href":"https:\/\/api.w.org\/{rel}","templated":true}]}}