{"id":1807,"date":"2024-12-16T11:04:57","date_gmt":"2024-12-16T11:04:57","guid":{"rendered":"https:\/\/www.lasidra.net\/fototeca\/?post_type=product&#038;p=1807"},"modified":"2024-12-16T11:05:04","modified_gmt":"2024-12-16T11:05:04","slug":"fas-076","status":"publish","type":"product","link":"https:\/\/www.lasidra.net\/fototeca\/producto\/fas-076\/","title":{"rendered":"FAS 076"},"content":{"rendered":"","protected":false},"excerpt":{"rendered":"<p><b>Dataci\u00f3n<\/b>: 17 d&#8217;Ochobre de 1953<\/p>\n<p><b>Llugar<\/b>: Xix\u00f3n<\/p>\n<p><b>Observaciones<\/b>: Certific\u00e1u exped\u00edu por Carlos R\u00faa-Figueroa y Nava, Segundu Xefe de l&#8217;Aduana de Xix\u00f3n, en referencia al embarque de mercanc\u00eda procedente de Champanera La Aldeana nel vapor Guadalupe<\/p>\n<p><b>Fonte d&#8217;ingresu<\/b>: Fundaci\u00f3n Asturies<\/p>\n<p><b>Data d&#8217;ingresu<\/b>: Avientu 2024<\/p>\n","protected":false},"featured_media":1808,"comment_status":"closed","ping_status":"closed","template":"","meta":{"_et_pb_use_builder":"","_et_pb_old_content":"","_et_gb_content_width":"","_joinchat":[]},"product_brand":[],"product_cat":[15,24,277],"product_tag":[428,429,405,406,388,430,391],"class_list":{"0":"post-1807","1":"product","2":"type-product","3":"status-publish","4":"has-post-thumbnail","6":"product_cat-sin-categorizar","7":"product_cat-dellos","8":"product_cat-documentos","9":"product_tag-aduana-y-sidra","10":"product_tag-aduana-y-sidre","11":"product_tag-documentos-de-la-sidra","12":"product_tag-documentos-de-la-sidre","13":"product_tag-documentos-sidra","14":"product_tag-impuestos-y-sidra","15":"product_tag-impuestos-y-sidre","17":"first","18":"instock","19":"shipping-taxable","20":"product-type-simple"},"_links":{"self":[{"href":"https:\/\/www.lasidra.net\/fototeca\/wp-json\/wp\/v2\/product\/1807","targetHints":{"allow":["GET"]}}],"collection":[{"href":"https:\/\/www.lasidra.net\/fototeca\/wp-json\/wp\/v2\/product"}],"about":[{"href":"https:\/\/www.lasidra.net\/fototeca\/wp-json\/wp\/v2\/types\/product"}],"replies":[{"embeddable":true,"href":"https:\/\/www.lasidra.net\/fototeca\/wp-json\/wp\/v2\/comments?post=1807"}],"wp:featuredmedia":[{"embeddable":true,"href":"https:\/\/www.lasidra.net\/fototeca\/wp-json\/wp\/v2\/media\/1808"}],"wp:attachment":[{"href":"https:\/\/www.lasidra.net\/fototeca\/wp-json\/wp\/v2\/media?parent=1807"}],"wp:term":[{"taxonomy":"product_brand","embeddable":true,"href":"https:\/\/www.lasidra.net\/fototeca\/wp-json\/wp\/v2\/product_brand?post=1807"},{"taxonomy":"product_cat","embeddable":true,"href":"https:\/\/www.lasidra.net\/fototeca\/wp-json\/wp\/v2\/product_cat?post=1807"},{"taxonomy":"product_tag","embeddable":true,"href":"https:\/\/www.lasidra.net\/fototeca\/wp-json\/wp\/v2\/product_tag?post=1807"}],"curies":[{"name":"wp","href":"https:\/\/api.w.org\/{rel}","templated":true}]}}