{"id":1853,"date":"2025-02-25T11:39:28","date_gmt":"2025-02-25T11:39:28","guid":{"rendered":"https:\/\/www.lasidra.net\/fototeca\/?post_type=product&#038;p=1853"},"modified":"2025-02-25T11:39:35","modified_gmt":"2025-02-25T11:39:35","slug":"fas-088","status":"publish","type":"product","link":"https:\/\/www.lasidra.net\/fototeca\/producto\/fas-088\/","title":{"rendered":"FAS 088"},"content":{"rendered":"","protected":false},"excerpt":{"rendered":"<p><strong>Dataci\u00f3n: <\/strong>D\u00e9cada de 1960<\/p>\n<p><strong>Llugar: <\/strong>Casa Lin, Avil\u00e9s<\/p>\n<p><strong>Observaciones: <\/strong>Adela P\u00e9rez, g\u00fcela del actual xerente de Casa Lin (Rodrigo Su\u00e1rez). Nesta semeya apaez na subidoria l&#8217;horru que hai nel comedor el chigre. Colleici\u00f3n de Casa Lin<\/p>\n<p><strong>Fonte d&#8217;ingresu: <\/strong>Fundaci\u00f3n Asturies<\/p>\n<p><strong>Data d&#8217;ingresu:<\/strong> Febreru 2025<\/p>\n","protected":false},"featured_media":1854,"comment_status":"closed","ping_status":"closed","template":"","meta":{"_et_pb_use_builder":"","_et_pb_old_content":"","_et_gb_content_width":"","_joinchat":[]},"product_brand":[],"product_cat":[15,26,24,18,16],"product_tag":[272,197,239,384,242,262],"class_list":{"0":"post-1853","1":"product","2":"type-product","3":"status-publish","4":"has-post-thumbnail","6":"product_cat-sin-categorizar","7":"product_cat-chigre","8":"product_cat-dellos","9":"product_cat-muyer","10":"product_cat-semeyes","11":"product_tag-casa-chigre","12":"product_tag-casa-lin","13":"product_tag-chigre","14":"product_tag-chigre-y-sidre","15":"product_tag-sidreria","16":"product_tag-sidreries","18":"first","19":"instock","20":"shipping-taxable","21":"product-type-simple"},"_links":{"self":[{"href":"https:\/\/www.lasidra.net\/fototeca\/wp-json\/wp\/v2\/product\/1853","targetHints":{"allow":["GET"]}}],"collection":[{"href":"https:\/\/www.lasidra.net\/fototeca\/wp-json\/wp\/v2\/product"}],"about":[{"href":"https:\/\/www.lasidra.net\/fototeca\/wp-json\/wp\/v2\/types\/product"}],"replies":[{"embeddable":true,"href":"https:\/\/www.lasidra.net\/fototeca\/wp-json\/wp\/v2\/comments?post=1853"}],"wp:featuredmedia":[{"embeddable":true,"href":"https:\/\/www.lasidra.net\/fototeca\/wp-json\/wp\/v2\/media\/1854"}],"wp:attachment":[{"href":"https:\/\/www.lasidra.net\/fototeca\/wp-json\/wp\/v2\/media?parent=1853"}],"wp:term":[{"taxonomy":"product_brand","embeddable":true,"href":"https:\/\/www.lasidra.net\/fototeca\/wp-json\/wp\/v2\/product_brand?post=1853"},{"taxonomy":"product_cat","embeddable":true,"href":"https:\/\/www.lasidra.net\/fototeca\/wp-json\/wp\/v2\/product_cat?post=1853"},{"taxonomy":"product_tag","embeddable":true,"href":"https:\/\/www.lasidra.net\/fototeca\/wp-json\/wp\/v2\/product_tag?post=1853"}],"curies":[{"name":"wp","href":"https:\/\/api.w.org\/{rel}","templated":true}]}}