{"id":1873,"date":"2025-03-17T09:42:17","date_gmt":"2025-03-17T09:42:17","guid":{"rendered":"https:\/\/www.lasidra.net\/fototeca\/?post_type=product&#038;p=1873"},"modified":"2025-03-17T09:42:26","modified_gmt":"2025-03-17T09:42:26","slug":"fas-097","status":"publish","type":"product","link":"https:\/\/www.lasidra.net\/fototeca\/producto\/fas-097\/","title":{"rendered":"FAS 097"},"content":{"rendered":"","protected":false},"excerpt":{"rendered":"<p><strong>Dataci\u00f3n: <\/strong>9 de Febreru de 1960<\/p>\n<p><strong>Llugar: <\/strong>Casa Tataguyo, Avil\u00e9s<\/p>\n<p><strong>Observaciones: <\/strong>Rexistru de Casa Tataguyo como taberna, a cargu de Mar\u00eda Granda y a nome de Jos\u00e9 Mar\u00eda Cara Montero<\/p>\n<p><strong>Fonte d&#8217;ingresu: <\/strong>Fundaci\u00f3n Asturies<\/p>\n<p><strong>Data d&#8217;ingresu: <\/strong>Marzu 2025<\/p>\n","protected":false},"featured_media":1874,"comment_status":"closed","ping_status":"closed","template":"","meta":{"_et_pb_use_builder":"","_et_pb_old_content":"","_et_gb_content_width":"","_joinchat":[]},"product_brand":[],"product_cat":[15,24,277],"product_tag":[255,467,468,466,405,406,388,478],"class_list":{"0":"post-1873","1":"product","2":"type-product","3":"status-publish","4":"has-post-thumbnail","6":"product_cat-sin-categorizar","7":"product_cat-dellos","8":"product_cat-documentos","9":"product_tag-chigres","10":"product_tag-documentacion-de-la-sidra","11":"product_tag-documentacion-de-la-sidre","12":"product_tag-documentacion-sidra","13":"product_tag-documentos-de-la-sidra","14":"product_tag-documentos-de-la-sidre","15":"product_tag-documentos-sidra","16":"product_tag-rexistru-de-chigre","18":"first","19":"instock","20":"shipping-taxable","21":"product-type-simple"},"_links":{"self":[{"href":"https:\/\/www.lasidra.net\/fototeca\/wp-json\/wp\/v2\/product\/1873","targetHints":{"allow":["GET"]}}],"collection":[{"href":"https:\/\/www.lasidra.net\/fototeca\/wp-json\/wp\/v2\/product"}],"about":[{"href":"https:\/\/www.lasidra.net\/fototeca\/wp-json\/wp\/v2\/types\/product"}],"replies":[{"embeddable":true,"href":"https:\/\/www.lasidra.net\/fototeca\/wp-json\/wp\/v2\/comments?post=1873"}],"wp:featuredmedia":[{"embeddable":true,"href":"https:\/\/www.lasidra.net\/fototeca\/wp-json\/wp\/v2\/media\/1874"}],"wp:attachment":[{"href":"https:\/\/www.lasidra.net\/fototeca\/wp-json\/wp\/v2\/media?parent=1873"}],"wp:term":[{"taxonomy":"product_brand","embeddable":true,"href":"https:\/\/www.lasidra.net\/fototeca\/wp-json\/wp\/v2\/product_brand?post=1873"},{"taxonomy":"product_cat","embeddable":true,"href":"https:\/\/www.lasidra.net\/fototeca\/wp-json\/wp\/v2\/product_cat?post=1873"},{"taxonomy":"product_tag","embeddable":true,"href":"https:\/\/www.lasidra.net\/fototeca\/wp-json\/wp\/v2\/product_tag?post=1873"}],"curies":[{"name":"wp","href":"https:\/\/api.w.org\/{rel}","templated":true}]}}