{"id":1875,"date":"2025-03-17T09:49:47","date_gmt":"2025-03-17T09:49:47","guid":{"rendered":"https:\/\/www.lasidra.net\/fototeca\/?post_type=product&#038;p=1875"},"modified":"2025-03-17T09:52:10","modified_gmt":"2025-03-17T09:52:10","slug":"fas-098","status":"publish","type":"product","link":"https:\/\/www.lasidra.net\/fototeca\/producto\/fas-098\/","title":{"rendered":"FAS 098"},"content":{"rendered":"","protected":false},"excerpt":{"rendered":"<p><strong>Dataci\u00f3n: <\/strong>25 de Febreru de 1972<\/p>\n<p><strong>Llugar: <\/strong>Casa Tataguyo, Avil\u00e9s<\/p>\n<p><strong>Observaciones: <\/strong>Autorizaci\u00f3n pa la instalaci\u00f3n d&#8217;un televisor en Casa Tataguyo, Avil\u00e9s<\/p>\n<p><strong>Fonte d&#8217;ingresu: <\/strong>Fundaci\u00f3n Asturies XXI<\/p>\n<p><strong>Data d&#8217;ingresu: <\/strong>Marzu 2025<\/p>\n","protected":false},"featured_media":1876,"comment_status":"closed","ping_status":"closed","template":"","meta":{"_et_pb_use_builder":"","_et_pb_old_content":"","_et_gb_content_width":"","_joinchat":[]},"product_brand":[],"product_cat":[15,24,277],"product_tag":[467,468,466,405,406,388],"class_list":{"0":"post-1875","1":"product","2":"type-product","3":"status-publish","4":"has-post-thumbnail","6":"product_cat-sin-categorizar","7":"product_cat-dellos","8":"product_cat-documentos","9":"product_tag-documentacion-de-la-sidra","10":"product_tag-documentacion-de-la-sidre","11":"product_tag-documentacion-sidra","12":"product_tag-documentos-de-la-sidra","13":"product_tag-documentos-de-la-sidre","14":"product_tag-documentos-sidra","16":"first","17":"instock","18":"shipping-taxable","19":"product-type-simple"},"_links":{"self":[{"href":"https:\/\/www.lasidra.net\/fototeca\/wp-json\/wp\/v2\/product\/1875","targetHints":{"allow":["GET"]}}],"collection":[{"href":"https:\/\/www.lasidra.net\/fototeca\/wp-json\/wp\/v2\/product"}],"about":[{"href":"https:\/\/www.lasidra.net\/fototeca\/wp-json\/wp\/v2\/types\/product"}],"replies":[{"embeddable":true,"href":"https:\/\/www.lasidra.net\/fototeca\/wp-json\/wp\/v2\/comments?post=1875"}],"wp:featuredmedia":[{"embeddable":true,"href":"https:\/\/www.lasidra.net\/fototeca\/wp-json\/wp\/v2\/media\/1876"}],"wp:attachment":[{"href":"https:\/\/www.lasidra.net\/fototeca\/wp-json\/wp\/v2\/media?parent=1875"}],"wp:term":[{"taxonomy":"product_brand","embeddable":true,"href":"https:\/\/www.lasidra.net\/fototeca\/wp-json\/wp\/v2\/product_brand?post=1875"},{"taxonomy":"product_cat","embeddable":true,"href":"https:\/\/www.lasidra.net\/fototeca\/wp-json\/wp\/v2\/product_cat?post=1875"},{"taxonomy":"product_tag","embeddable":true,"href":"https:\/\/www.lasidra.net\/fototeca\/wp-json\/wp\/v2\/product_tag?post=1875"}],"curies":[{"name":"wp","href":"https:\/\/api.w.org\/{rel}","templated":true}]}}