{"id":2227,"date":"2025-11-26T15:29:16","date_gmt":"2025-11-26T15:29:16","guid":{"rendered":"https:\/\/www.lasidra.net\/fototeca\/?post_type=product&#038;p=2227"},"modified":"2025-11-26T15:29:16","modified_gmt":"2025-11-26T15:29:16","slug":"fas-113","status":"publish","type":"product","link":"https:\/\/www.lasidra.net\/fototeca\/producto\/fas-113\/","title":{"rendered":"FAS 113"},"content":{"rendered":"","protected":false},"excerpt":{"rendered":"<p><strong>Dataci\u00f3n<\/strong>: 1899-1915<\/p>\n<p><strong>Llugar<\/strong>: Avil\u00e9s<\/p>\n<p><strong>Observaciones<\/strong>: Cartelu de sidre axampanao El Oso, fabricada n&#8217;Avil\u00e9s por Mu\u00f1iz, Gamba y Compa\u00f1\u00eda. La f\u00e1brica taba en Valgranda (Miranda).<\/p>\n<p><strong>Fonte d&#8217;ingresu:<\/strong> Fundaci\u00f3n Asturies XXI<\/p>\n<p><strong>Data d&#8217;ingresu<\/strong>: Payares 2025<\/p>\n","protected":false},"featured_media":2228,"comment_status":"closed","ping_status":"closed","template":"","meta":{"_et_pb_use_builder":"","_et_pb_old_content":"","_et_gb_content_width":"","_joinchat":[]},"product_brand":[],"product_cat":[69,21,24,20,16],"product_tag":[354,346,353,355,441,224,440,504,310,503,439],"class_list":{"0":"post-2227","1":"product","2":"type-product","3":"status-publish","4":"has-post-thumbnail","6":"product_cat-axampanao","7":"product_cat-carteleria","8":"product_cat-dellos","9":"product_cat-publicida","10":"product_cat-semeyes","11":"product_tag-cartel-de-sidre","12":"product_tag-carteleria-con-sidre","13":"product_tag-carteles-y-sidre","14":"product_tag-cartelu-de-sidre","15":"product_tag-cartelu-publicitariu","16":"product_tag-publicida-de-sidra","17":"product_tag-publicida-de-sidre","18":"product_tag-sidra-el-oso","19":"product_tag-sidra-y-publicida","20":"product_tag-sidre-el-oso","21":"product_tag-sidre-y-publicida","23":"first","24":"instock","25":"shipping-taxable","26":"product-type-simple"},"_links":{"self":[{"href":"https:\/\/www.lasidra.net\/fototeca\/wp-json\/wp\/v2\/product\/2227","targetHints":{"allow":["GET"]}}],"collection":[{"href":"https:\/\/www.lasidra.net\/fototeca\/wp-json\/wp\/v2\/product"}],"about":[{"href":"https:\/\/www.lasidra.net\/fototeca\/wp-json\/wp\/v2\/types\/product"}],"replies":[{"embeddable":true,"href":"https:\/\/www.lasidra.net\/fototeca\/wp-json\/wp\/v2\/comments?post=2227"}],"wp:featuredmedia":[{"embeddable":true,"href":"https:\/\/www.lasidra.net\/fototeca\/wp-json\/wp\/v2\/media\/2228"}],"wp:attachment":[{"href":"https:\/\/www.lasidra.net\/fototeca\/wp-json\/wp\/v2\/media?parent=2227"}],"wp:term":[{"taxonomy":"product_brand","embeddable":true,"href":"https:\/\/www.lasidra.net\/fototeca\/wp-json\/wp\/v2\/product_brand?post=2227"},{"taxonomy":"product_cat","embeddable":true,"href":"https:\/\/www.lasidra.net\/fototeca\/wp-json\/wp\/v2\/product_cat?post=2227"},{"taxonomy":"product_tag","embeddable":true,"href":"https:\/\/www.lasidra.net\/fototeca\/wp-json\/wp\/v2\/product_tag?post=2227"}],"curies":[{"name":"wp","href":"https:\/\/api.w.org\/{rel}","templated":true}]}}