{"id":2235,"date":"2025-11-26T15:46:16","date_gmt":"2025-11-26T15:46:16","guid":{"rendered":"https:\/\/www.lasidra.net\/fototeca\/?post_type=product&#038;p=2235"},"modified":"2025-11-26T15:46:16","modified_gmt":"2025-11-26T15:46:16","slug":"fas-116","status":"publish","type":"product","link":"https:\/\/www.lasidra.net\/fototeca\/producto\/fas-116\/","title":{"rendered":"FAS 116"},"content":{"rendered":"","protected":false},"excerpt":{"rendered":"<p><strong>Dataci\u00f3n<\/strong>: 1913-1917<\/p>\n<p><strong>Llugar<\/strong>: Xix\u00f3n<\/p>\n<p><strong>Observaciones<\/strong>: Cartelu de sidre axampanao La Aldeana, fabricada por Casas, Mu\u00f1iz y Crosa en La Calzada, que constituy\u00f3se en 1909. Les primeres referencies a esta sidre af\u00edtense en 1913 y la socied\u00e1 sumi\u00f3 en 1917.<\/p>\n<p><strong>Fonte d&#8217;ingresu:<\/strong> Fundaci\u00f3n Asturies XXI<\/p>\n<p><strong>Data d&#8217;ingresu<\/strong>: Payares 2025<\/p>\n","protected":false},"featured_media":2236,"comment_status":"closed","ping_status":"closed","template":"","meta":{"_et_pb_use_builder":"","_et_pb_old_content":"","_et_gb_content_width":"","_joinchat":[]},"product_brand":[],"product_cat":[69,21,24,18,20,16],"product_tag":[354,346,353,355,441,224,440,505,310,500,439],"class_list":{"0":"post-2235","1":"product","2":"type-product","3":"status-publish","4":"has-post-thumbnail","6":"product_cat-axampanao","7":"product_cat-carteleria","8":"product_cat-dellos","9":"product_cat-muyer","10":"product_cat-publicida","11":"product_cat-semeyes","12":"product_tag-cartel-de-sidre","13":"product_tag-carteleria-con-sidre","14":"product_tag-carteles-y-sidre","15":"product_tag-cartelu-de-sidre","16":"product_tag-cartelu-publicitariu","17":"product_tag-publicida-de-sidra","18":"product_tag-publicida-de-sidre","19":"product_tag-sidra-la-aldeana","20":"product_tag-sidra-y-publicida","21":"product_tag-sidre-la-aldeana","22":"product_tag-sidre-y-publicida","24":"first","25":"instock","26":"shipping-taxable","27":"product-type-simple"},"_links":{"self":[{"href":"https:\/\/www.lasidra.net\/fototeca\/wp-json\/wp\/v2\/product\/2235","targetHints":{"allow":["GET"]}}],"collection":[{"href":"https:\/\/www.lasidra.net\/fototeca\/wp-json\/wp\/v2\/product"}],"about":[{"href":"https:\/\/www.lasidra.net\/fototeca\/wp-json\/wp\/v2\/types\/product"}],"replies":[{"embeddable":true,"href":"https:\/\/www.lasidra.net\/fototeca\/wp-json\/wp\/v2\/comments?post=2235"}],"wp:featuredmedia":[{"embeddable":true,"href":"https:\/\/www.lasidra.net\/fototeca\/wp-json\/wp\/v2\/media\/2236"}],"wp:attachment":[{"href":"https:\/\/www.lasidra.net\/fototeca\/wp-json\/wp\/v2\/media?parent=2235"}],"wp:term":[{"taxonomy":"product_brand","embeddable":true,"href":"https:\/\/www.lasidra.net\/fototeca\/wp-json\/wp\/v2\/product_brand?post=2235"},{"taxonomy":"product_cat","embeddable":true,"href":"https:\/\/www.lasidra.net\/fototeca\/wp-json\/wp\/v2\/product_cat?post=2235"},{"taxonomy":"product_tag","embeddable":true,"href":"https:\/\/www.lasidra.net\/fototeca\/wp-json\/wp\/v2\/product_tag?post=2235"}],"curies":[{"name":"wp","href":"https:\/\/api.w.org\/{rel}","templated":true}]}}