{"id":2237,"date":"2025-11-26T15:55:15","date_gmt":"2025-11-26T15:55:15","guid":{"rendered":"https:\/\/www.lasidra.net\/fototeca\/?post_type=product&#038;p=2237"},"modified":"2025-11-26T15:55:15","modified_gmt":"2025-11-26T15:55:15","slug":"fas-117","status":"publish","type":"product","link":"https:\/\/www.lasidra.net\/fototeca\/producto\/fas-117\/","title":{"rendered":"FAS 117"},"content":{"rendered":"","protected":false},"excerpt":{"rendered":"<p><strong>Dataci\u00f3n<\/strong>: 1916 (estim\u00e1u)<\/p>\n<p><strong>Llugar<\/strong>: Cualloto<\/p>\n<p><strong>Observaciones<\/strong>: Cartelu publicitariu de sidre axampanao Real Sidra Asturiana, de Jos\u00e9 Cima Garc\u00eda. Alrodiu 1880, la Casa Real autoriz\u00f3 a Jos\u00e9 Cima para que esta sidre fuera la \u00fanica que pudiera nomase \u00abreal\u00bb. La marca usa la iconograf\u00eda de la muyer cola botella pente 1910 y 1920. Cuntamos qu&#8217;esti cartelu ye de 1916.<\/p>\n<p><strong>Fonte d&#8217;ingresu:<\/strong> Fundaci\u00f3n Asturies XXI<\/p>\n<p><strong>Data d&#8217;ingresu<\/strong>: Payares 2025<\/p>\n","protected":false},"featured_media":2239,"comment_status":"closed","ping_status":"closed","template":"","meta":{"_et_pb_use_builder":"","_et_pb_old_content":"","_et_gb_content_width":"","_joinchat":[]},"product_brand":[],"product_cat":[69,21,24,18,20,16],"product_tag":[346,353,355,441,224,440,506,139,310,439],"class_list":{"0":"post-2237","1":"product","2":"type-product","3":"status-publish","4":"has-post-thumbnail","6":"product_cat-axampanao","7":"product_cat-carteleria","8":"product_cat-dellos","9":"product_cat-muyer","10":"product_cat-publicida","11":"product_cat-semeyes","12":"product_tag-carteleria-con-sidre","13":"product_tag-carteles-y-sidre","14":"product_tag-cartelu-de-sidre","15":"product_tag-cartelu-publicitariu","16":"product_tag-publicida-de-sidra","17":"product_tag-publicida-de-sidre","18":"product_tag-real-sidra-asturiana","19":"product_tag-sidra-cima","20":"product_tag-sidra-y-publicida","21":"product_tag-sidre-y-publicida","23":"first","24":"instock","25":"shipping-taxable","26":"product-type-simple"},"_links":{"self":[{"href":"https:\/\/www.lasidra.net\/fototeca\/wp-json\/wp\/v2\/product\/2237","targetHints":{"allow":["GET"]}}],"collection":[{"href":"https:\/\/www.lasidra.net\/fototeca\/wp-json\/wp\/v2\/product"}],"about":[{"href":"https:\/\/www.lasidra.net\/fototeca\/wp-json\/wp\/v2\/types\/product"}],"replies":[{"embeddable":true,"href":"https:\/\/www.lasidra.net\/fototeca\/wp-json\/wp\/v2\/comments?post=2237"}],"wp:featuredmedia":[{"embeddable":true,"href":"https:\/\/www.lasidra.net\/fototeca\/wp-json\/wp\/v2\/media\/2239"}],"wp:attachment":[{"href":"https:\/\/www.lasidra.net\/fototeca\/wp-json\/wp\/v2\/media?parent=2237"}],"wp:term":[{"taxonomy":"product_brand","embeddable":true,"href":"https:\/\/www.lasidra.net\/fototeca\/wp-json\/wp\/v2\/product_brand?post=2237"},{"taxonomy":"product_cat","embeddable":true,"href":"https:\/\/www.lasidra.net\/fototeca\/wp-json\/wp\/v2\/product_cat?post=2237"},{"taxonomy":"product_tag","embeddable":true,"href":"https:\/\/www.lasidra.net\/fototeca\/wp-json\/wp\/v2\/product_tag?post=2237"}],"curies":[{"name":"wp","href":"https:\/\/api.w.org\/{rel}","templated":true}]}}