{"id":2242,"date":"2025-11-26T16:08:26","date_gmt":"2025-11-26T16:08:26","guid":{"rendered":"https:\/\/www.lasidra.net\/fototeca\/?post_type=product&#038;p=2242"},"modified":"2025-11-26T16:08:26","modified_gmt":"2025-11-26T16:08:26","slug":"fas-119","status":"publish","type":"product","link":"https:\/\/www.lasidra.net\/fototeca\/producto\/fas-119\/","title":{"rendered":"FAS 119"},"content":{"rendered":"","protected":false},"excerpt":{"rendered":"<p><strong>Dataci\u00f3n<\/strong>: 1962<\/p>\n<p><strong>Llugar<\/strong>: Corias<\/p>\n<p><strong>Observaciones<\/strong>: Cartelu de sidre axampanao Arias, fabricada por Antonio Arias en Corias. En 1847, Antonio Arias funda una f\u00e1brica pa facer sidre axampanao y mantega. El cartelu ta firm\u00e1u pol artista Jos\u00e9 Manuel Vilas\u00f3.<\/p>\n<p><strong>Fonte d&#8217;ingresu:<\/strong> Fundaci\u00f3n Asturies XXI<\/p>\n<p><strong>Data d&#8217;ingresu<\/strong>: Payares 2025<\/p>\n","protected":false},"featured_media":2243,"comment_status":"closed","ping_status":"closed","template":"","meta":{"_et_pb_use_builder":"","_et_pb_old_content":"","_et_gb_content_width":"","_joinchat":[]},"product_brand":[],"product_cat":[69,21,24,18,20,16],"product_tag":[354,346,353,355,441,224,440,362,310,360,361,439],"class_list":{"0":"post-2242","1":"product","2":"type-product","3":"status-publish","4":"has-post-thumbnail","6":"product_cat-axampanao","7":"product_cat-carteleria","8":"product_cat-dellos","9":"product_cat-muyer","10":"product_cat-publicida","11":"product_cat-semeyes","12":"product_tag-cartel-de-sidre","13":"product_tag-carteleria-con-sidre","14":"product_tag-carteles-y-sidre","15":"product_tag-cartelu-de-sidre","16":"product_tag-cartelu-publicitariu","17":"product_tag-publicida-de-sidra","18":"product_tag-publicida-de-sidre","19":"product_tag-sidra-axampanao-arias","20":"product_tag-sidra-y-publicida","21":"product_tag-sidre-arias","22":"product_tag-sidre-arias-extra","23":"product_tag-sidre-y-publicida","25":"first","26":"instock","27":"shipping-taxable","28":"product-type-simple"},"_links":{"self":[{"href":"https:\/\/www.lasidra.net\/fototeca\/wp-json\/wp\/v2\/product\/2242","targetHints":{"allow":["GET"]}}],"collection":[{"href":"https:\/\/www.lasidra.net\/fototeca\/wp-json\/wp\/v2\/product"}],"about":[{"href":"https:\/\/www.lasidra.net\/fototeca\/wp-json\/wp\/v2\/types\/product"}],"replies":[{"embeddable":true,"href":"https:\/\/www.lasidra.net\/fototeca\/wp-json\/wp\/v2\/comments?post=2242"}],"wp:featuredmedia":[{"embeddable":true,"href":"https:\/\/www.lasidra.net\/fototeca\/wp-json\/wp\/v2\/media\/2243"}],"wp:attachment":[{"href":"https:\/\/www.lasidra.net\/fototeca\/wp-json\/wp\/v2\/media?parent=2242"}],"wp:term":[{"taxonomy":"product_brand","embeddable":true,"href":"https:\/\/www.lasidra.net\/fototeca\/wp-json\/wp\/v2\/product_brand?post=2242"},{"taxonomy":"product_cat","embeddable":true,"href":"https:\/\/www.lasidra.net\/fototeca\/wp-json\/wp\/v2\/product_cat?post=2242"},{"taxonomy":"product_tag","embeddable":true,"href":"https:\/\/www.lasidra.net\/fototeca\/wp-json\/wp\/v2\/product_tag?post=2242"}],"curies":[{"name":"wp","href":"https:\/\/api.w.org\/{rel}","templated":true}]}}