{"id":2251,"date":"2025-11-27T17:07:29","date_gmt":"2025-11-27T17:07:29","guid":{"rendered":"https:\/\/www.lasidra.net\/fototeca\/?post_type=product&#038;p=2251"},"modified":"2025-11-27T17:23:48","modified_gmt":"2025-11-27T17:23:48","slug":"fas-123","status":"publish","type":"product","link":"https:\/\/www.lasidra.net\/fototeca\/producto\/fas-123\/","title":{"rendered":"FAS 123"},"content":{"rendered":"","protected":false},"excerpt":{"rendered":"<p><strong>Dataci\u00f3n: <\/strong>fin s.XIX, entamu s.XX<\/p>\n<p><strong>Llugar: <\/strong>Xix\u00f3n<\/p>\n<p><strong>Observaciones: <\/strong>Etiqueta de sidre \u00ab2 de Mayo\u00bb. Ye probatible que fuera una marca de finales del sieglu XIX o primeros del XX, d\u00f3mina xorreciente pa la sidre axampanao. Sicas\u00ed, nun atopamos documentaci\u00f3n precisa pa poder afirmar l&#8217;a\u00f1u exautu nin la f\u00e1brica responsable de la produici\u00f3n. Seique fuera una sidre llocal y la so xaceda perdi\u00f3se col tiempu.<\/p>\n<p><strong>Fonte d&#8217;ingresu: <\/strong>Fundaci\u00f3n Asturies XXI<\/p>\n<p><strong>Data d&#8217;ingresu: <\/strong>Payares 2025<\/p>\n","protected":false},"featured_media":2252,"comment_status":"closed","ping_status":"closed","template":"","meta":{"_et_pb_use_builder":"","_et_pb_old_content":"","_et_gb_content_width":"","_joinchat":[]},"product_brand":[],"product_cat":[15,69,24,16],"product_tag":[376,374,375,513,209,514,314],"class_list":{"0":"post-2251","1":"product","2":"type-product","3":"status-publish","4":"has-post-thumbnail","6":"product_cat-sin-categorizar","7":"product_cat-axampanao","8":"product_cat-dellos","9":"product_cat-semeyes","10":"product_tag-etiqueta-de-sidra","11":"product_tag-etiqueta-de-sidre","12":"product_tag-etiquetes-de-sidre","13":"product_tag-sidra-2-de-mayo","14":"product_tag-sidra-axampanao","15":"product_tag-sidre-2-de-mayo","16":"product_tag-sidre-axampanao","18":"first","19":"instock","20":"shipping-taxable","21":"product-type-simple"},"_links":{"self":[{"href":"https:\/\/www.lasidra.net\/fototeca\/wp-json\/wp\/v2\/product\/2251","targetHints":{"allow":["GET"]}}],"collection":[{"href":"https:\/\/www.lasidra.net\/fototeca\/wp-json\/wp\/v2\/product"}],"about":[{"href":"https:\/\/www.lasidra.net\/fototeca\/wp-json\/wp\/v2\/types\/product"}],"replies":[{"embeddable":true,"href":"https:\/\/www.lasidra.net\/fototeca\/wp-json\/wp\/v2\/comments?post=2251"}],"wp:featuredmedia":[{"embeddable":true,"href":"https:\/\/www.lasidra.net\/fototeca\/wp-json\/wp\/v2\/media\/2252"}],"wp:attachment":[{"href":"https:\/\/www.lasidra.net\/fototeca\/wp-json\/wp\/v2\/media?parent=2251"}],"wp:term":[{"taxonomy":"product_brand","embeddable":true,"href":"https:\/\/www.lasidra.net\/fototeca\/wp-json\/wp\/v2\/product_brand?post=2251"},{"taxonomy":"product_cat","embeddable":true,"href":"https:\/\/www.lasidra.net\/fototeca\/wp-json\/wp\/v2\/product_cat?post=2251"},{"taxonomy":"product_tag","embeddable":true,"href":"https:\/\/www.lasidra.net\/fototeca\/wp-json\/wp\/v2\/product_tag?post=2251"}],"curies":[{"name":"wp","href":"https:\/\/api.w.org\/{rel}","templated":true}]}}