{"id":2269,"date":"2025-12-07T15:13:14","date_gmt":"2025-12-07T15:13:14","guid":{"rendered":"https:\/\/www.lasidra.net\/fototeca\/?post_type=product&#038;p=2269"},"modified":"2025-12-07T15:52:48","modified_gmt":"2025-12-07T15:52:48","slug":"fas-131","status":"publish","type":"product","link":"https:\/\/www.lasidra.net\/fototeca\/producto\/fas-131\/","title":{"rendered":"FAS 131"},"content":{"rendered":"","protected":false},"excerpt":{"rendered":"<p><strong>Semeya<\/strong>: Constantino Su\u00e1rez<\/p>\n<p><strong>Dataci\u00f3n: <\/strong>Xineru 1937<\/p>\n<p><strong>Llugar: <\/strong>San Esteban de Les Cruces, Uvi\u00e9u<\/p>\n<p><strong>Observaciones: <\/strong>La semeya f\u00edzola Constantino Su\u00e1rez en Xineru de 1937. Nella, dos milicianos tan abellugaos dientru un tonel de sidre, que taparon con herba seco pa protexese del fueu enemigu. Ye una amuesa d&#8217;una pausa nuna guerra xabaz: dos milicianos sollertes, coles armes preparaes y una lluriga improvisada. En blanco y prieto, tr\u00e1tase d&#8217;un importante testemu\u00f1u hest\u00f3ricu.<\/p>\n<p><strong>Fonte d&#8217;ingresu: <\/strong>Fundaci\u00f3n Asturies XXI<\/p>\n<p><strong>Data d&#8217;ingresu: <\/strong>Avientu 2025<\/p>\n","protected":false},"featured_media":2270,"comment_status":"closed","ping_status":"closed","template":"","meta":{"_et_pb_use_builder":"","_et_pb_old_content":"","_et_gb_content_width":"","_joinchat":[]},"product_brand":[],"product_cat":[24,277,16,32],"product_tag":[301,521,522],"class_list":{"0":"post-2269","1":"product","2":"type-product","3":"status-publish","4":"has-post-thumbnail","6":"product_cat-dellos","7":"product_cat-documentos","8":"product_cat-semeyes","9":"product_cat-toneleria-semeyes","10":"product_tag-guerra-civil","11":"product_tag-guerra-civil-y-sidre","12":"product_tag-tonel-de-sidre","14":"first","15":"instock","16":"shipping-taxable","17":"product-type-simple"},"_links":{"self":[{"href":"https:\/\/www.lasidra.net\/fototeca\/wp-json\/wp\/v2\/product\/2269","targetHints":{"allow":["GET"]}}],"collection":[{"href":"https:\/\/www.lasidra.net\/fototeca\/wp-json\/wp\/v2\/product"}],"about":[{"href":"https:\/\/www.lasidra.net\/fototeca\/wp-json\/wp\/v2\/types\/product"}],"replies":[{"embeddable":true,"href":"https:\/\/www.lasidra.net\/fototeca\/wp-json\/wp\/v2\/comments?post=2269"}],"wp:featuredmedia":[{"embeddable":true,"href":"https:\/\/www.lasidra.net\/fototeca\/wp-json\/wp\/v2\/media\/2270"}],"wp:attachment":[{"href":"https:\/\/www.lasidra.net\/fototeca\/wp-json\/wp\/v2\/media?parent=2269"}],"wp:term":[{"taxonomy":"product_brand","embeddable":true,"href":"https:\/\/www.lasidra.net\/fototeca\/wp-json\/wp\/v2\/product_brand?post=2269"},{"taxonomy":"product_cat","embeddable":true,"href":"https:\/\/www.lasidra.net\/fototeca\/wp-json\/wp\/v2\/product_cat?post=2269"},{"taxonomy":"product_tag","embeddable":true,"href":"https:\/\/www.lasidra.net\/fototeca\/wp-json\/wp\/v2\/product_tag?post=2269"}],"curies":[{"name":"wp","href":"https:\/\/api.w.org\/{rel}","templated":true}]}}