{"id":2271,"date":"2025-12-07T15:22:57","date_gmt":"2025-12-07T15:22:57","guid":{"rendered":"https:\/\/www.lasidra.net\/fototeca\/?post_type=product&#038;p=2271"},"modified":"2025-12-07T15:52:18","modified_gmt":"2025-12-07T15:52:18","slug":"fas-132","status":"publish","type":"product","link":"https:\/\/www.lasidra.net\/fototeca\/producto\/fas-132\/","title":{"rendered":"FAS 132"},"content":{"rendered":"","protected":false},"excerpt":{"rendered":"<p><strong>Semeya<\/strong>: \u00abChimi\u00bb Seymour<\/p>\n<p><strong>Dataci\u00f3n: <\/strong>1937<\/p>\n<p><strong>Llugar: <\/strong>Uvi\u00e9u<\/p>\n<p><strong>Observaciones: <\/strong>Tomada en 1937, pente Xineru y Febreru, a les afueres d&#8217;Uvi\u00e9u. El semeyeru fue \u201cChimi\u201d Seymour. Na semeya, tres brigadistes internacionales abell\u00faguense dientru un tonel de sidre pa tomar un descansu. La imaxe recu\u00e9rdamos la dureza la guerra y la solidarid\u00e1 que marc\u00f3 la presencia les Brigades Internacionales n&#8217;Asturies.<\/p>\n<p><strong>Fonte d&#8217;ingresu: <\/strong>Fundaci\u00f3n Asturies XXI<\/p>\n<p><strong>Data d&#8217;ingresu: <\/strong>Avientu 2025<\/p>\n","protected":false},"featured_media":2272,"comment_status":"closed","ping_status":"closed","template":"","meta":{"_et_pb_use_builder":"","_et_pb_old_content":"","_et_gb_content_width":"","_joinchat":[]},"product_brand":[],"product_cat":[24,277,16,32],"product_tag":[523,301,521,522],"class_list":{"0":"post-2271","1":"product","2":"type-product","3":"status-publish","4":"has-post-thumbnail","6":"product_cat-dellos","7":"product_cat-documentos","8":"product_cat-semeyes","9":"product_cat-toneleria-semeyes","10":"product_tag-brigades-internacionales-y-sidre","11":"product_tag-guerra-civil","12":"product_tag-guerra-civil-y-sidre","13":"product_tag-tonel-de-sidre","15":"first","16":"instock","17":"shipping-taxable","18":"product-type-simple"},"_links":{"self":[{"href":"https:\/\/www.lasidra.net\/fototeca\/wp-json\/wp\/v2\/product\/2271","targetHints":{"allow":["GET"]}}],"collection":[{"href":"https:\/\/www.lasidra.net\/fototeca\/wp-json\/wp\/v2\/product"}],"about":[{"href":"https:\/\/www.lasidra.net\/fototeca\/wp-json\/wp\/v2\/types\/product"}],"replies":[{"embeddable":true,"href":"https:\/\/www.lasidra.net\/fototeca\/wp-json\/wp\/v2\/comments?post=2271"}],"wp:featuredmedia":[{"embeddable":true,"href":"https:\/\/www.lasidra.net\/fototeca\/wp-json\/wp\/v2\/media\/2272"}],"wp:attachment":[{"href":"https:\/\/www.lasidra.net\/fototeca\/wp-json\/wp\/v2\/media?parent=2271"}],"wp:term":[{"taxonomy":"product_brand","embeddable":true,"href":"https:\/\/www.lasidra.net\/fototeca\/wp-json\/wp\/v2\/product_brand?post=2271"},{"taxonomy":"product_cat","embeddable":true,"href":"https:\/\/www.lasidra.net\/fototeca\/wp-json\/wp\/v2\/product_cat?post=2271"},{"taxonomy":"product_tag","embeddable":true,"href":"https:\/\/www.lasidra.net\/fototeca\/wp-json\/wp\/v2\/product_tag?post=2271"}],"curies":[{"name":"wp","href":"https:\/\/api.w.org\/{rel}","templated":true}]}}