{"id":2273,"date":"2025-12-07T15:39:22","date_gmt":"2025-12-07T15:39:22","guid":{"rendered":"https:\/\/www.lasidra.net\/fototeca\/?post_type=product&#038;p=2273"},"modified":"2025-12-07T15:39:22","modified_gmt":"2025-12-07T15:39:22","slug":"fas-133","status":"publish","type":"product","link":"https:\/\/www.lasidra.net\/fototeca\/producto\/fas-133\/","title":{"rendered":"FAS 133"},"content":{"rendered":"","protected":false},"excerpt":{"rendered":"<p><strong>Semeya<\/strong>: Constantino Su\u00e1rez<\/p>\n<p><strong>Dataci\u00f3n: <\/strong>D\u00e9cada de 1920<\/p>\n<p><strong>Observaciones: <\/strong>La semeya, tomada nos a\u00f1os 20 del sieglu XX, ye d&#8217;una familia pa\u00f1ando mazana nes pumaraes, un llabor nel que participaben homes, muyeres y la reciella. que colaboran mayores y peque\u00f1os. Apaez un home dimiendo la pumar, mentantu que les muyeres y la reciella pa\u00f1en la fruta.<\/p>\n<p><strong>Fonte d&#8217;ingresu: <\/strong>Fundaci\u00f3n Asturies XXI<\/p>\n<p><strong>Data d&#8217;ingresu: <\/strong>Avientu 2025<\/p>\n","protected":false},"featured_media":2274,"comment_status":"closed","ping_status":"closed","template":"","meta":{"_et_pb_use_builder":"","_et_pb_old_content":"","_et_gb_content_width":"","_joinchat":[]},"product_brand":[],"product_cat":[24,133,18,16],"product_tag":[524,191,308,324,321],"class_list":{"0":"post-2273","1":"product","2":"type-product","3":"status-publish","4":"has-post-thumbnail","6":"product_cat-dellos","7":"product_cat-mazana","8":"product_cat-muyer","9":"product_cat-semeyes","10":"product_tag-constantino-suarez","11":"product_tag-muyeres-y-sidra","12":"product_tag-muyeres-y-sidre","13":"product_tag-panando-mazana","14":"product_tag-pumarada","16":"first","17":"instock","18":"shipping-taxable","19":"product-type-simple"},"_links":{"self":[{"href":"https:\/\/www.lasidra.net\/fototeca\/wp-json\/wp\/v2\/product\/2273","targetHints":{"allow":["GET"]}}],"collection":[{"href":"https:\/\/www.lasidra.net\/fototeca\/wp-json\/wp\/v2\/product"}],"about":[{"href":"https:\/\/www.lasidra.net\/fototeca\/wp-json\/wp\/v2\/types\/product"}],"replies":[{"embeddable":true,"href":"https:\/\/www.lasidra.net\/fototeca\/wp-json\/wp\/v2\/comments?post=2273"}],"wp:featuredmedia":[{"embeddable":true,"href":"https:\/\/www.lasidra.net\/fototeca\/wp-json\/wp\/v2\/media\/2274"}],"wp:attachment":[{"href":"https:\/\/www.lasidra.net\/fototeca\/wp-json\/wp\/v2\/media?parent=2273"}],"wp:term":[{"taxonomy":"product_brand","embeddable":true,"href":"https:\/\/www.lasidra.net\/fototeca\/wp-json\/wp\/v2\/product_brand?post=2273"},{"taxonomy":"product_cat","embeddable":true,"href":"https:\/\/www.lasidra.net\/fototeca\/wp-json\/wp\/v2\/product_cat?post=2273"},{"taxonomy":"product_tag","embeddable":true,"href":"https:\/\/www.lasidra.net\/fototeca\/wp-json\/wp\/v2\/product_tag?post=2273"}],"curies":[{"name":"wp","href":"https:\/\/api.w.org\/{rel}","templated":true}]}}