{"id":2277,"date":"2025-12-07T16:07:12","date_gmt":"2025-12-07T16:07:12","guid":{"rendered":"https:\/\/www.lasidra.net\/fototeca\/?post_type=product&#038;p=2277"},"modified":"2025-12-07T16:07:12","modified_gmt":"2025-12-07T16:07:12","slug":"fas-135","status":"publish","type":"product","link":"https:\/\/www.lasidra.net\/fototeca\/producto\/fas-135\/","title":{"rendered":"FAS 135"},"content":{"rendered":"","protected":false},"excerpt":{"rendered":"<p><strong>Dataci\u00f3n: <\/strong>9 de Payares de 1955<\/p>\n<p><strong>Observaciones: <\/strong>Documento d&#8217;autorizaci\u00f3n pa l&#8217;apertura d&#8217;una f\u00e1brica de sidre en Nava, a nome de Belarmino Ord\u00f3\u00f1ez Pel\u00e1ez.<\/p>\n<p><strong>Fonte d&#8217;ingresu: <\/strong>Fundaci\u00f3n Asturies XXI<\/p>\n<p><strong>Data d&#8217;ingresu: <\/strong>Avientu 2025<\/p>\n","protected":false},"featured_media":2278,"comment_status":"closed","ping_status":"closed","template":"","meta":{"_et_pb_use_builder":"","_et_pb_old_content":"","_et_gb_content_width":"","_joinchat":[]},"product_brand":[],"product_cat":[24,277],"product_tag":[467,468,466,405,406,388,527],"class_list":{"0":"post-2277","1":"product","2":"type-product","3":"status-publish","4":"has-post-thumbnail","6":"product_cat-dellos","7":"product_cat-documentos","8":"product_tag-documentacion-de-la-sidra","9":"product_tag-documentacion-de-la-sidre","10":"product_tag-documentacion-sidra","11":"product_tag-documentos-de-la-sidra","12":"product_tag-documentos-de-la-sidre","13":"product_tag-documentos-sidra","14":"product_tag-documentos-sidre","16":"first","17":"instock","18":"shipping-taxable","19":"product-type-simple"},"_links":{"self":[{"href":"https:\/\/www.lasidra.net\/fototeca\/wp-json\/wp\/v2\/product\/2277","targetHints":{"allow":["GET"]}}],"collection":[{"href":"https:\/\/www.lasidra.net\/fototeca\/wp-json\/wp\/v2\/product"}],"about":[{"href":"https:\/\/www.lasidra.net\/fototeca\/wp-json\/wp\/v2\/types\/product"}],"replies":[{"embeddable":true,"href":"https:\/\/www.lasidra.net\/fototeca\/wp-json\/wp\/v2\/comments?post=2277"}],"wp:featuredmedia":[{"embeddable":true,"href":"https:\/\/www.lasidra.net\/fototeca\/wp-json\/wp\/v2\/media\/2278"}],"wp:attachment":[{"href":"https:\/\/www.lasidra.net\/fototeca\/wp-json\/wp\/v2\/media?parent=2277"}],"wp:term":[{"taxonomy":"product_brand","embeddable":true,"href":"https:\/\/www.lasidra.net\/fototeca\/wp-json\/wp\/v2\/product_brand?post=2277"},{"taxonomy":"product_cat","embeddable":true,"href":"https:\/\/www.lasidra.net\/fototeca\/wp-json\/wp\/v2\/product_cat?post=2277"},{"taxonomy":"product_tag","embeddable":true,"href":"https:\/\/www.lasidra.net\/fototeca\/wp-json\/wp\/v2\/product_tag?post=2277"}],"curies":[{"name":"wp","href":"https:\/\/api.w.org\/{rel}","templated":true}]}}