{"id":2279,"date":"2025-12-07T16:14:19","date_gmt":"2025-12-07T16:14:19","guid":{"rendered":"https:\/\/www.lasidra.net\/fototeca\/?post_type=product&#038;p=2279"},"modified":"2025-12-07T16:14:20","modified_gmt":"2025-12-07T16:14:20","slug":"fas-136","status":"publish","type":"product","link":"https:\/\/www.lasidra.net\/fototeca\/producto\/fas-136\/","title":{"rendered":"FAS 136"},"content":{"rendered":"","protected":false},"excerpt":{"rendered":"<p><strong>Dataci\u00f3n: <\/strong>1901<\/p>\n<p><strong>Llugar<\/strong>: Villaviciosa<\/p>\n<p><strong>Observaciones: <\/strong>Etiqueta de sidre de El Gaitero, cola t\u00edpica imaxe&#8217;l gaiteru y una tipograf\u00eda ornamentada propia de la \u00e9poca. La etiqueta amuesa l&#8217;espoxigue industrial y exportador de la compa\u00f1\u00eda, que trabayaba con enfotu pa llevar la sidre asturiano m\u00e1s enll\u00e1 les nueses llendes.<\/p>\n<p><strong>Fonte d&#8217;ingresu: <\/strong>Fundaci\u00f3n Asturies XXI<\/p>\n<p><strong>Data d&#8217;ingresu: <\/strong>Avientu 2025<\/p>\n","protected":false},"featured_media":2280,"comment_status":"closed","ping_status":"closed","template":"","meta":{"_et_pb_use_builder":"","_et_pb_old_content":"","_et_gb_content_width":"","_joinchat":[]},"product_brand":[],"product_cat":[15,69,24,16],"product_tag":[71,376,374,375,220,209,314],"class_list":{"0":"post-2279","1":"product","2":"type-product","3":"status-publish","4":"has-post-thumbnail","6":"product_cat-sin-categorizar","7":"product_cat-axampanao","8":"product_cat-dellos","9":"product_cat-semeyes","10":"product_tag-el-gaitero","11":"product_tag-etiqueta-de-sidra","12":"product_tag-etiqueta-de-sidre","13":"product_tag-etiquetes-de-sidre","14":"product_tag-fabrica-de-sidra-el-gaitero","15":"product_tag-sidra-axampanao","16":"product_tag-sidre-axampanao","18":"first","19":"instock","20":"shipping-taxable","21":"product-type-simple"},"_links":{"self":[{"href":"https:\/\/www.lasidra.net\/fototeca\/wp-json\/wp\/v2\/product\/2279","targetHints":{"allow":["GET"]}}],"collection":[{"href":"https:\/\/www.lasidra.net\/fototeca\/wp-json\/wp\/v2\/product"}],"about":[{"href":"https:\/\/www.lasidra.net\/fototeca\/wp-json\/wp\/v2\/types\/product"}],"replies":[{"embeddable":true,"href":"https:\/\/www.lasidra.net\/fototeca\/wp-json\/wp\/v2\/comments?post=2279"}],"wp:featuredmedia":[{"embeddable":true,"href":"https:\/\/www.lasidra.net\/fototeca\/wp-json\/wp\/v2\/media\/2280"}],"wp:attachment":[{"href":"https:\/\/www.lasidra.net\/fototeca\/wp-json\/wp\/v2\/media?parent=2279"}],"wp:term":[{"taxonomy":"product_brand","embeddable":true,"href":"https:\/\/www.lasidra.net\/fototeca\/wp-json\/wp\/v2\/product_brand?post=2279"},{"taxonomy":"product_cat","embeddable":true,"href":"https:\/\/www.lasidra.net\/fototeca\/wp-json\/wp\/v2\/product_cat?post=2279"},{"taxonomy":"product_tag","embeddable":true,"href":"https:\/\/www.lasidra.net\/fototeca\/wp-json\/wp\/v2\/product_tag?post=2279"}],"curies":[{"name":"wp","href":"https:\/\/api.w.org\/{rel}","templated":true}]}}