{"id":2285,"date":"2025-12-07T16:47:48","date_gmt":"2025-12-07T16:47:48","guid":{"rendered":"https:\/\/www.lasidra.net\/fototeca\/?post_type=product&#038;p=2285"},"modified":"2025-12-07T16:47:48","modified_gmt":"2025-12-07T16:47:48","slug":"fas-139","status":"publish","type":"product","link":"https:\/\/www.lasidra.net\/fototeca\/producto\/fas-139\/","title":{"rendered":"FAS 139"},"content":{"rendered":"","protected":false},"excerpt":{"rendered":"<p><strong>Dataci\u00f3n:<\/strong> 1935-1950<\/p>\n<p><strong>Llugar<\/strong>: Xix\u00f3n<\/p>\n<p><strong>Observaciones: <\/strong>Anunciu en blanco y prieto que promociona la sidre \u201cReina Victoria\u201d, el dolce de mazana \u00abTragam\u00f3n\u201d y la marca \u00abChampanera de Villaviciosa\u00bb. La pieza publicitaria reflexa l&#8217;estilu gr\u00e1ficu de mediaos del sieglu XX, con una tipograf\u00eda ellaborada y illustraciones mui de la d\u00f3mina. La empresa funcion\u00f3 en El Tragam\u00f3n, Xix\u00f3n, pente los a\u00f1os 1930 y 1950.<\/p>\n<p><strong>Fonte d&#8217;ingresu: <\/strong>Fundaci\u00f3n Asturies XXI<\/p>\n<p><strong>Data d&#8217;ingresu: <\/strong>Avientu 2025<\/p>\n","protected":false},"featured_media":2286,"comment_status":"closed","ping_status":"closed","template":"","meta":{"_et_pb_use_builder":"","_et_pb_old_content":"","_et_gb_content_width":"","_joinchat":[]},"product_brand":[],"product_cat":[69,21,24,133,18,20,16],"product_tag":[533,209,311,314,532],"class_list":{"0":"post-2285","1":"product","2":"type-product","3":"status-publish","4":"has-post-thumbnail","6":"product_cat-axampanao","7":"product_cat-carteleria","8":"product_cat-dellos","9":"product_cat-mazana","10":"product_cat-muyer","11":"product_cat-publicida","12":"product_cat-semeyes","13":"product_tag-champanera-villaviciosa","14":"product_tag-sidra-axampanao","15":"product_tag-sidra-reina-victoria","16":"product_tag-sidre-axampanao","17":"product_tag-sidre-reina-victoria","19":"first","20":"instock","21":"shipping-taxable","22":"product-type-simple"},"_links":{"self":[{"href":"https:\/\/www.lasidra.net\/fototeca\/wp-json\/wp\/v2\/product\/2285","targetHints":{"allow":["GET"]}}],"collection":[{"href":"https:\/\/www.lasidra.net\/fototeca\/wp-json\/wp\/v2\/product"}],"about":[{"href":"https:\/\/www.lasidra.net\/fototeca\/wp-json\/wp\/v2\/types\/product"}],"replies":[{"embeddable":true,"href":"https:\/\/www.lasidra.net\/fototeca\/wp-json\/wp\/v2\/comments?post=2285"}],"wp:featuredmedia":[{"embeddable":true,"href":"https:\/\/www.lasidra.net\/fototeca\/wp-json\/wp\/v2\/media\/2286"}],"wp:attachment":[{"href":"https:\/\/www.lasidra.net\/fototeca\/wp-json\/wp\/v2\/media?parent=2285"}],"wp:term":[{"taxonomy":"product_brand","embeddable":true,"href":"https:\/\/www.lasidra.net\/fototeca\/wp-json\/wp\/v2\/product_brand?post=2285"},{"taxonomy":"product_cat","embeddable":true,"href":"https:\/\/www.lasidra.net\/fototeca\/wp-json\/wp\/v2\/product_cat?post=2285"},{"taxonomy":"product_tag","embeddable":true,"href":"https:\/\/www.lasidra.net\/fototeca\/wp-json\/wp\/v2\/product_tag?post=2285"}],"curies":[{"name":"wp","href":"https:\/\/api.w.org\/{rel}","templated":true}]}}