{"id":2289,"date":"2025-12-07T17:04:54","date_gmt":"2025-12-07T17:04:54","guid":{"rendered":"https:\/\/www.lasidra.net\/fototeca\/?post_type=product&#038;p=2289"},"modified":"2025-12-07T17:04:54","modified_gmt":"2025-12-07T17:04:54","slug":"fas-141","status":"publish","type":"product","link":"https:\/\/www.lasidra.net\/fototeca\/producto\/fas-141\/","title":{"rendered":"FAS 141"},"content":{"rendered":"","protected":false},"excerpt":{"rendered":"<p><strong>Dataci\u00f3n:<\/strong> 1960-1975<\/p>\n<p><strong>Llugar<\/strong>: Villaviciosa<\/p>\n<p><strong>Observaciones:\u00a0<\/strong>Anunciu publicitariu de sidre \u201cEl Gaitero\u201d. N&#8217;elli sal una moza con camiseta en manga corta, col llogu la marca, xunta un carru la compra con delles botelles, nun prau. La composici\u00f3n ta orientada a un consumu familiar, tresmitiendo cercan\u00eda y frescura. Les campa\u00f1es de El Gaitero de finales de los a\u00f1os 1950 y fasta la d\u00e9cada de 1970 avecen a utilizar el color y escenes ambientaes nun alrodiu natural, xunto con elementos carauter\u00edsticos de la vida moderna y cotidiana.<\/p>\n<p><strong>Fonte d&#8217;ingresu: <\/strong>Fundaci\u00f3n Asturies XXI<\/p>\n<p><strong>Data d&#8217;ingresu: <\/strong>Avientu 2025<\/p>\n","protected":false},"featured_media":2290,"comment_status":"closed","ping_status":"closed","template":"","meta":{"_et_pb_use_builder":"","_et_pb_old_content":"","_et_gb_content_width":"","_joinchat":[]},"product_brand":[],"product_cat":[69,21,24,18,20,16],"product_tag":[209,392,292,314,395,363],"class_list":{"0":"post-2289","1":"product","2":"type-product","3":"status-publish","4":"has-post-thumbnail","6":"product_cat-axampanao","7":"product_cat-carteleria","8":"product_cat-dellos","9":"product_cat-muyer","10":"product_cat-publicida","11":"product_cat-semeyes","12":"product_tag-sidra-axampanao","13":"product_tag-sidra-axampanao-el-gaitero","14":"product_tag-sidra-el-gaitero","15":"product_tag-sidre-axampanao","16":"product_tag-sidre-axampanao-el-gaitero","17":"product_tag-sidre-el-gaitero","19":"first","20":"instock","21":"shipping-taxable","22":"product-type-simple"},"_links":{"self":[{"href":"https:\/\/www.lasidra.net\/fototeca\/wp-json\/wp\/v2\/product\/2289","targetHints":{"allow":["GET"]}}],"collection":[{"href":"https:\/\/www.lasidra.net\/fototeca\/wp-json\/wp\/v2\/product"}],"about":[{"href":"https:\/\/www.lasidra.net\/fototeca\/wp-json\/wp\/v2\/types\/product"}],"replies":[{"embeddable":true,"href":"https:\/\/www.lasidra.net\/fototeca\/wp-json\/wp\/v2\/comments?post=2289"}],"wp:featuredmedia":[{"embeddable":true,"href":"https:\/\/www.lasidra.net\/fototeca\/wp-json\/wp\/v2\/media\/2290"}],"wp:attachment":[{"href":"https:\/\/www.lasidra.net\/fototeca\/wp-json\/wp\/v2\/media?parent=2289"}],"wp:term":[{"taxonomy":"product_brand","embeddable":true,"href":"https:\/\/www.lasidra.net\/fototeca\/wp-json\/wp\/v2\/product_brand?post=2289"},{"taxonomy":"product_cat","embeddable":true,"href":"https:\/\/www.lasidra.net\/fototeca\/wp-json\/wp\/v2\/product_cat?post=2289"},{"taxonomy":"product_tag","embeddable":true,"href":"https:\/\/www.lasidra.net\/fototeca\/wp-json\/wp\/v2\/product_tag?post=2289"}],"curies":[{"name":"wp","href":"https:\/\/api.w.org\/{rel}","templated":true}]}}