{"id":2291,"date":"2025-12-07T17:11:05","date_gmt":"2025-12-07T17:11:05","guid":{"rendered":"https:\/\/www.lasidra.net\/fototeca\/?post_type=product&#038;p=2291"},"modified":"2025-12-07T17:11:05","modified_gmt":"2025-12-07T17:11:05","slug":"fas-142","status":"publish","type":"product","link":"https:\/\/www.lasidra.net\/fototeca\/producto\/fas-142\/","title":{"rendered":"FAS 142"},"content":{"rendered":"","protected":false},"excerpt":{"rendered":"<p><strong>Dataci\u00f3n:<\/strong> 1960-1975<\/p>\n<p><strong>Llugar<\/strong>: Villaviciosa<\/p>\n<p><strong>Observaciones:\u00a0<\/strong>Anunciu publicitariu de sidre \u201cEl Gaitero\u201d, con una moza de camisa a rayes blanques y colloraes, que lleva una botella de sidre axampanao de la marca na manu. La imaxe pertenez a la publicid\u00e1 t\u00edpica de mediaos del sieglu XX, enfotada en tresmitir cercan\u00eda col consumidor y facer rellumar la calid\u00e1&#8217;l produtu, usando la moced\u00e1 y un personaxe femen\u00edn pa dar idega de modernid\u00e1.<\/p>\n<p><strong>Fonte d&#8217;ingresu: <\/strong>Fundaci\u00f3n Asturies XXI<\/p>\n<p><strong>Data d&#8217;ingresu: <\/strong>Avientu 2025<\/p>\n","protected":false},"featured_media":2292,"comment_status":"closed","ping_status":"closed","template":"","meta":{"_et_pb_use_builder":"","_et_pb_old_content":"","_et_gb_content_width":"","_joinchat":[]},"product_brand":[],"product_cat":[69,21,24,18,20,16],"product_tag":[224,440,209,392,310,314,395,439],"class_list":{"0":"post-2291","1":"product","2":"type-product","3":"status-publish","4":"has-post-thumbnail","6":"product_cat-axampanao","7":"product_cat-carteleria","8":"product_cat-dellos","9":"product_cat-muyer","10":"product_cat-publicida","11":"product_cat-semeyes","12":"product_tag-publicida-de-sidra","13":"product_tag-publicida-de-sidre","14":"product_tag-sidra-axampanao","15":"product_tag-sidra-axampanao-el-gaitero","16":"product_tag-sidra-y-publicida","17":"product_tag-sidre-axampanao","18":"product_tag-sidre-axampanao-el-gaitero","19":"product_tag-sidre-y-publicida","21":"first","22":"instock","23":"shipping-taxable","24":"product-type-simple"},"_links":{"self":[{"href":"https:\/\/www.lasidra.net\/fototeca\/wp-json\/wp\/v2\/product\/2291","targetHints":{"allow":["GET"]}}],"collection":[{"href":"https:\/\/www.lasidra.net\/fototeca\/wp-json\/wp\/v2\/product"}],"about":[{"href":"https:\/\/www.lasidra.net\/fototeca\/wp-json\/wp\/v2\/types\/product"}],"replies":[{"embeddable":true,"href":"https:\/\/www.lasidra.net\/fototeca\/wp-json\/wp\/v2\/comments?post=2291"}],"wp:featuredmedia":[{"embeddable":true,"href":"https:\/\/www.lasidra.net\/fototeca\/wp-json\/wp\/v2\/media\/2292"}],"wp:attachment":[{"href":"https:\/\/www.lasidra.net\/fototeca\/wp-json\/wp\/v2\/media?parent=2291"}],"wp:term":[{"taxonomy":"product_brand","embeddable":true,"href":"https:\/\/www.lasidra.net\/fototeca\/wp-json\/wp\/v2\/product_brand?post=2291"},{"taxonomy":"product_cat","embeddable":true,"href":"https:\/\/www.lasidra.net\/fototeca\/wp-json\/wp\/v2\/product_cat?post=2291"},{"taxonomy":"product_tag","embeddable":true,"href":"https:\/\/www.lasidra.net\/fototeca\/wp-json\/wp\/v2\/product_tag?post=2291"}],"curies":[{"name":"wp","href":"https:\/\/api.w.org\/{rel}","templated":true}]}}