{"id":2302,"date":"2025-12-08T10:57:31","date_gmt":"2025-12-08T10:57:31","guid":{"rendered":"https:\/\/www.lasidra.net\/fototeca\/?post_type=product&#038;p=2302"},"modified":"2025-12-08T10:57:31","modified_gmt":"2025-12-08T10:57:31","slug":"fas-147","status":"publish","type":"product","link":"https:\/\/www.lasidra.net\/fototeca\/producto\/fas-147\/","title":{"rendered":"FAS 147"},"content":{"rendered":"","protected":false},"excerpt":{"rendered":"<p><strong>Dataci\u00f3n:<\/strong> 1940-1960<\/p>\n<p><strong>Autor<\/strong>: Jos\u00e9 Pur\u00f3n Sotres<\/p>\n<p><strong>Observaciones:\u00a0<\/strong>Pintura de Jos\u00e9 Pur\u00f3n Sotres que representa l&#8217;interior d&#8217;un llagar. A mandrecha, apaecen dos pareyes apertando la prensa. L&#8217;espaciu ye escuru, pero la puerta allegada dexa entrar un poco de lluz natural, que alluma les figures\u00a0 y la prensa, faciendo rescamplar l&#8217;aici\u00f3n principal. A manzorga, adelantaos respeutu al planu los personaxes, vemos una goxa enllena mazanes y una zapica. El tratamientu de la lluz y la composici\u00f3n suxeren que ta pint\u00e1u na primer met\u00e1&#8217;l sieglu XX, dientru de la d\u00f3mina realista y costumista del pintor.<\/p>\n<p><strong>Fonte d&#8217;ingresu: <\/strong>Fundaci\u00f3n Asturies XXI<\/p>\n<p><strong>Data d&#8217;ingresu: <\/strong>Avientu 2025<\/p>\n","protected":false},"featured_media":2303,"comment_status":"closed","ping_status":"closed","template":"","meta":{"_et_pb_use_builder":"","_et_pb_old_content":"","_et_gb_content_width":"","_joinchat":[]},"product_brand":[],"product_cat":[24,17,133,18,23,16],"product_tag":[542,476,264,344,543,528,529],"class_list":{"0":"post-2302","1":"product","2":"type-product","3":"status-publish","4":"has-post-thumbnail","6":"product_cat-dellos","7":"product_cat-llagar","8":"product_cat-mazana","9":"product_cat-muyer","10":"product_cat-pinacoteca","11":"product_cat-semeyes","12":"product_tag-jose-puron-sotres","13":"product_tag-llagar","14":"product_tag-llagar-tradicional","15":"product_tag-llagar-y-sidra","16":"product_tag-llagar-y-sidre","17":"product_tag-pintura-y-sidra","18":"product_tag-pintura-y-sidre","20":"first","21":"instock","22":"shipping-taxable","23":"product-type-simple"},"_links":{"self":[{"href":"https:\/\/www.lasidra.net\/fototeca\/wp-json\/wp\/v2\/product\/2302","targetHints":{"allow":["GET"]}}],"collection":[{"href":"https:\/\/www.lasidra.net\/fototeca\/wp-json\/wp\/v2\/product"}],"about":[{"href":"https:\/\/www.lasidra.net\/fototeca\/wp-json\/wp\/v2\/types\/product"}],"replies":[{"embeddable":true,"href":"https:\/\/www.lasidra.net\/fototeca\/wp-json\/wp\/v2\/comments?post=2302"}],"wp:featuredmedia":[{"embeddable":true,"href":"https:\/\/www.lasidra.net\/fototeca\/wp-json\/wp\/v2\/media\/2303"}],"wp:attachment":[{"href":"https:\/\/www.lasidra.net\/fototeca\/wp-json\/wp\/v2\/media?parent=2302"}],"wp:term":[{"taxonomy":"product_brand","embeddable":true,"href":"https:\/\/www.lasidra.net\/fototeca\/wp-json\/wp\/v2\/product_brand?post=2302"},{"taxonomy":"product_cat","embeddable":true,"href":"https:\/\/www.lasidra.net\/fototeca\/wp-json\/wp\/v2\/product_cat?post=2302"},{"taxonomy":"product_tag","embeddable":true,"href":"https:\/\/www.lasidra.net\/fototeca\/wp-json\/wp\/v2\/product_tag?post=2302"}],"curies":[{"name":"wp","href":"https:\/\/api.w.org\/{rel}","templated":true}]}}