{"id":2305,"date":"2025-12-08T12:36:11","date_gmt":"2025-12-08T12:36:11","guid":{"rendered":"https:\/\/www.lasidra.net\/fototeca\/?post_type=product&#038;p=2305"},"modified":"2025-12-08T12:36:11","modified_gmt":"2025-12-08T12:36:11","slug":"fas-148","status":"publish","type":"product","link":"https:\/\/www.lasidra.net\/fototeca\/producto\/fas-148\/","title":{"rendered":"FAS 148"},"content":{"rendered":"","protected":false},"excerpt":{"rendered":"<p><strong>Dataci\u00f3n:<\/strong> 1907<\/p>\n<p><strong>Autor<\/strong>: Evaristo Valle<\/p>\n<p><strong>Observaciones:\u00a0<\/strong>Pintura d&#8217;Evaristo Valle nomada \u00abLa merienda\u00bb. Braeramente, Evaristo Valle tien dos pintures con esti t\u00edtulu. La primer d&#8217;elles pint\u00f3la en 1905 y esta ye la segunda, de 1907. Ye mui asemeyada a la primera, pero con un ambiente m\u00e1s caldio y un tratamientu m\u00e1s expresivu del color. La pintura procede de la Fundaci\u00f3n Masav\u00e9u y angua\u00f1u cons\u00e9rvase nel Mus\u00e9u de Belles Artes d&#8217;Asturies.<\/p>\n<p><strong>Fonte d&#8217;ingresu: <\/strong>Fundaci\u00f3n Asturies XXI<\/p>\n<p><strong>Data d&#8217;ingresu: <\/strong>Avientu 2025<\/p>\n","protected":false},"featured_media":2306,"comment_status":"closed","ping_status":"closed","template":"","meta":{"_et_pb_use_builder":"","_et_pb_old_content":"","_et_gb_content_width":"","_joinchat":[]},"product_brand":[],"product_cat":[24,188,18,23,16],"product_tag":[544,545,528,529,546,547],"class_list":{"0":"post-2305","1":"product","2":"type-product","3":"status-publish","4":"has-post-thumbnail","6":"product_cat-dellos","7":"product_cat-folixes-y-cellebraciones","8":"product_cat-muyer","9":"product_cat-pinacoteca","10":"product_cat-semeyes","11":"product_tag-evaristo-valle","12":"product_tag-la-merienda-de-evaristo-valle","13":"product_tag-pintura-y-sidra","14":"product_tag-pintura-y-sidre","15":"product_tag-sidra-nel-arte","16":"product_tag-sidre-nel-arte","18":"first","19":"instock","20":"shipping-taxable","21":"product-type-simple"},"_links":{"self":[{"href":"https:\/\/www.lasidra.net\/fototeca\/wp-json\/wp\/v2\/product\/2305","targetHints":{"allow":["GET"]}}],"collection":[{"href":"https:\/\/www.lasidra.net\/fototeca\/wp-json\/wp\/v2\/product"}],"about":[{"href":"https:\/\/www.lasidra.net\/fototeca\/wp-json\/wp\/v2\/types\/product"}],"replies":[{"embeddable":true,"href":"https:\/\/www.lasidra.net\/fototeca\/wp-json\/wp\/v2\/comments?post=2305"}],"wp:featuredmedia":[{"embeddable":true,"href":"https:\/\/www.lasidra.net\/fototeca\/wp-json\/wp\/v2\/media\/2306"}],"wp:attachment":[{"href":"https:\/\/www.lasidra.net\/fototeca\/wp-json\/wp\/v2\/media?parent=2305"}],"wp:term":[{"taxonomy":"product_brand","embeddable":true,"href":"https:\/\/www.lasidra.net\/fototeca\/wp-json\/wp\/v2\/product_brand?post=2305"},{"taxonomy":"product_cat","embeddable":true,"href":"https:\/\/www.lasidra.net\/fototeca\/wp-json\/wp\/v2\/product_cat?post=2305"},{"taxonomy":"product_tag","embeddable":true,"href":"https:\/\/www.lasidra.net\/fototeca\/wp-json\/wp\/v2\/product_tag?post=2305"}],"curies":[{"name":"wp","href":"https:\/\/api.w.org\/{rel}","templated":true}]}}