{"id":2323,"date":"2025-12-08T17:08:40","date_gmt":"2025-12-08T17:08:40","guid":{"rendered":"https:\/\/www.lasidra.net\/fototeca\/?post_type=product&#038;p=2323"},"modified":"2025-12-08T17:12:28","modified_gmt":"2025-12-08T17:12:28","slug":"fas-157","status":"publish","type":"product","link":"https:\/\/www.lasidra.net\/fototeca\/producto\/fas-157\/","title":{"rendered":"FAS 157"},"content":{"rendered":"","protected":false},"excerpt":{"rendered":"<p><strong>Dataci\u00f3n:<\/strong> 1986<\/p>\n<p><strong>Autor<\/strong>: Jos\u00e9 Pur\u00f3n Sotres (1912-1987)<\/p>\n<p><strong>Observaciones: <\/strong>\u00abBodeg\u00f3n de la Balanza Romana\u00bb, au la balanza ocupa&#8217;l centru la composici\u00f3n. A mandrecha puede vese&#8217;l rostru d&#8217;una muyer y les mazanes enllenen el cuadru. La balanza faimos pensar nel comerciu tradicional y les mazanes nel ciclu agr\u00edcola y la cultura sidrera, se\u00f1es d&#8217;identid\u00e1 d&#8217;un paisaxe rural que Pur\u00f3n Sotres aveza a utilizar na so obra.<\/p>\n<p><strong>Fonte d&#8217;ingresu: <\/strong>Fundaci\u00f3n Asturies XXI<\/p>\n<p><strong>Data d&#8217;ingresu: <\/strong>Avientu 2025<\/p>\n","protected":false},"featured_media":2324,"comment_status":"closed","ping_status":"closed","template":"","meta":{"_et_pb_use_builder":"","_et_pb_old_content":"","_et_gb_content_width":"","_joinchat":[]},"product_brand":[],"product_cat":[24,133,18,23,16],"product_tag":[542,557,551,555,456,455,528,529,546,549,547,550],"class_list":{"0":"post-2323","1":"product","2":"type-product","3":"status-publish","4":"has-post-thumbnail","6":"product_cat-dellos","7":"product_cat-mazana","8":"product_cat-muyer","9":"product_cat-pinacoteca","10":"product_cat-semeyes","11":"product_tag-jose-puron-sotres","12":"product_tag-manzana","13":"product_tag-pinacoteca-de-la-sidra","14":"product_tag-pinacoteca-de-la-sidre","15":"product_tag-pintores-y-sidra","16":"product_tag-pintores-y-sidre","17":"product_tag-pintura-y-sidra","18":"product_tag-pintura-y-sidre","19":"product_tag-sidra-nel-arte","20":"product_tag-sidra-y-pintura","21":"product_tag-sidre-nel-arte","22":"product_tag-sidre-y-pintura","24":"first","25":"instock","26":"shipping-taxable","27":"product-type-simple"},"_links":{"self":[{"href":"https:\/\/www.lasidra.net\/fototeca\/wp-json\/wp\/v2\/product\/2323","targetHints":{"allow":["GET"]}}],"collection":[{"href":"https:\/\/www.lasidra.net\/fototeca\/wp-json\/wp\/v2\/product"}],"about":[{"href":"https:\/\/www.lasidra.net\/fototeca\/wp-json\/wp\/v2\/types\/product"}],"replies":[{"embeddable":true,"href":"https:\/\/www.lasidra.net\/fototeca\/wp-json\/wp\/v2\/comments?post=2323"}],"wp:featuredmedia":[{"embeddable":true,"href":"https:\/\/www.lasidra.net\/fototeca\/wp-json\/wp\/v2\/media\/2324"}],"wp:attachment":[{"href":"https:\/\/www.lasidra.net\/fototeca\/wp-json\/wp\/v2\/media?parent=2323"}],"wp:term":[{"taxonomy":"product_brand","embeddable":true,"href":"https:\/\/www.lasidra.net\/fototeca\/wp-json\/wp\/v2\/product_brand?post=2323"},{"taxonomy":"product_cat","embeddable":true,"href":"https:\/\/www.lasidra.net\/fototeca\/wp-json\/wp\/v2\/product_cat?post=2323"},{"taxonomy":"product_tag","embeddable":true,"href":"https:\/\/www.lasidra.net\/fototeca\/wp-json\/wp\/v2\/product_tag?post=2323"}],"curies":[{"name":"wp","href":"https:\/\/api.w.org\/{rel}","templated":true}]}}