{"id":764,"date":"2022-10-20T16:14:17","date_gmt":"2022-10-20T16:14:17","guid":{"rendered":"https:\/\/www.lasidra.net\/fototeca\/?post_type=product&#038;p=764"},"modified":"2022-10-20T16:17:11","modified_gmt":"2022-10-20T16:17:11","slug":"mpa059","status":"publish","type":"product","link":"https:\/\/www.lasidra.net\/fototeca\/producto\/mpa059\/","title":{"rendered":"MPA059"},"content":{"rendered":"","protected":false},"excerpt":{"rendered":"<p><strong>Autor: <\/strong>desconoc\u00edu<\/p>\n<p><strong>Fecha<\/strong>: 1919-1926<\/p>\n<p><strong>Llugar:\u00a0\u00a0<\/strong><\/p>\n<p><strong>Procedencia<\/strong>: \u00c1lbum de semeyes familiar d&#8217;Elisa Escand\u00f3n Noriega. Conti\u00e9n 133 positivos fotogr\u00e1ficos, los m\u00e1s d&#8217;ellos en formatu tarxeta postal..<\/p>\n<p><strong>Observaciones<\/strong>: Los m\u00e1s de los paisanos apaecen con botelles de sidre, y al fondu vese a un paisano echando sidre a una muyer con una botella tipu xamp\u00e1n, que pue ser o bien xamp\u00e1n, o m\u00e1s probatiblemente sidre axampanao o incluso sidre corchao en botella xamp\u00e1n, anque esto cabero paez m\u00e1s improbable dao la forma servilo<\/p>\n<div class=\"js-metadata\" data-label=\"Descripcion\" data-builtin=\"description\" data-href=\"\/fotoweb\/archives\/5002-Fotogr%C3%A1ficos-A-H\/Fotogr%C3%A1ficos\/Cue%2C%20Baltasar\/FF030802.tif.info\" data-id=\"120\" data-value=\" Retrato de un grupo de hombres, j\u00f3venes y ni\u00f1os en el campo. Al fondo algunas mujeres y ni\u00f1as, y un chico escanciando sidra. En primer t\u00e9rmino, un sacerdote. \" data-edit=\"true\" data-force-quick-list=\"false\" data-required=\"false\" data-multiline=\"true\" data-max-size=\"32000\">\n<div class=\"metadataField inputField textArea readOnlyField\">\n<div class=\"editorContainer\">\n<div class=\"viewMarkup\">\n<div class=\"js-meta-field-inner-content typingFieldView textAreaView\"><strong>Fecha d&#8217;ingresu<\/strong>:<\/div>\n<\/div>\n<\/div>\n<\/div>\n<\/div>\n<p><strong>Dep\u00f3situ<\/strong>: Colecci\u00f3n Miscelanea. Mus\u00e9u del Pueblu d&#8217;Asturies<\/p>\n<p><strong>Archivu Dixital<\/strong>: Fundaci\u00f3n Asturies XXI<\/p>\n","protected":false},"featured_media":765,"comment_status":"closed","ping_status":"closed","template":"","meta":{"_et_pb_use_builder":"","_et_pb_old_content":"","_et_gb_content_width":"","_joinchat":[]},"product_brand":[],"product_cat":[15],"product_tag":[],"class_list":{"0":"post-764","1":"product","2":"type-product","3":"status-publish","4":"has-post-thumbnail","6":"product_cat-sin-categorizar","8":"first","9":"instock","10":"shipping-taxable","11":"product-type-simple"},"_links":{"self":[{"href":"https:\/\/www.lasidra.net\/fototeca\/wp-json\/wp\/v2\/product\/764","targetHints":{"allow":["GET"]}}],"collection":[{"href":"https:\/\/www.lasidra.net\/fototeca\/wp-json\/wp\/v2\/product"}],"about":[{"href":"https:\/\/www.lasidra.net\/fototeca\/wp-json\/wp\/v2\/types\/product"}],"replies":[{"embeddable":true,"href":"https:\/\/www.lasidra.net\/fototeca\/wp-json\/wp\/v2\/comments?post=764"}],"wp:featuredmedia":[{"embeddable":true,"href":"https:\/\/www.lasidra.net\/fototeca\/wp-json\/wp\/v2\/media\/765"}],"wp:attachment":[{"href":"https:\/\/www.lasidra.net\/fototeca\/wp-json\/wp\/v2\/media?parent=764"}],"wp:term":[{"taxonomy":"product_brand","embeddable":true,"href":"https:\/\/www.lasidra.net\/fototeca\/wp-json\/wp\/v2\/product_brand?post=764"},{"taxonomy":"product_cat","embeddable":true,"href":"https:\/\/www.lasidra.net\/fototeca\/wp-json\/wp\/v2\/product_cat?post=764"},{"taxonomy":"product_tag","embeddable":true,"href":"https:\/\/www.lasidra.net\/fototeca\/wp-json\/wp\/v2\/product_tag?post=764"}],"curies":[{"name":"wp","href":"https:\/\/api.w.org\/{rel}","templated":true}]}}