{"id":815,"date":"2022-10-21T16:00:29","date_gmt":"2022-10-21T16:00:29","guid":{"rendered":"https:\/\/www.lasidra.net\/fototeca\/?post_type=product&#038;p=815"},"modified":"2022-10-21T16:00:33","modified_gmt":"2022-10-21T16:00:33","slug":"mpa084","status":"publish","type":"product","link":"https:\/\/www.lasidra.net\/fototeca\/producto\/mpa084\/","title":{"rendered":"MPA084"},"content":{"rendered":"","protected":false},"excerpt":{"rendered":"<p><strong>Autor: <\/strong>Gonzalo del Campo y del Castillo (FF)<\/p>\n<p><strong>Fecha<\/strong>:<\/p>\n<p><strong>Llugar: <\/strong>Xix\u00f3n<\/p>\n<p><strong>Procedencia<\/strong>: Colecci\u00f3n Gonzalo del Campo y del Castillo (FF)<\/p>\n<p><strong>Observaciones<\/strong>: F\u00e1brica de sidre axampanao Vereterra y Cangas. Atop\u00e1base ente la Av. de Castilla, la de la Costa y la cai Ezcurdia. Acupaba parte de la carretera de l&#8217;avenia de Castilla y esapaeci\u00f3 p&#8217;allargar esta y coneutala con El Cotu<\/p>\n<p><strong>Fonte d\u2019ingresu<\/strong>:<\/p>\n<div class=\"js-metadata\" data-label=\"Descripcion\" data-builtin=\"description\" data-href=\"\/fotoweb\/archives\/5002-Fotogr%C3%A1ficos-A-H\/Fotogr%C3%A1ficos\/Cue%2C%20Baltasar\/FF030802.tif.info\" data-id=\"120\" data-value=\" Retrato de un grupo de hombres, j\u00f3venes y ni\u00f1os en el campo. Al fondo algunas mujeres y ni\u00f1as, y un chico escanciando sidra. En primer t\u00e9rmino, un sacerdote. \" data-edit=\"true\" data-force-quick-list=\"false\" data-required=\"false\" data-multiline=\"true\" data-max-size=\"32000\">\n<div class=\"metadataField inputField textArea readOnlyField\">\n<div class=\"editorContainer\">\n<div class=\"viewMarkup\">\n<div class=\"js-meta-field-inner-content typingFieldView textAreaView\"><strong>Fecha d\u2019ingresu<\/strong>:<\/div>\n<\/div>\n<\/div>\n<\/div>\n<\/div>\n<p><strong>Dep\u00f3situ<\/strong>: Mus\u00e9u del Pueblu d\u2019Asturies<\/p>\n<p><strong>Archivu Dixital<\/strong>: Fundaci\u00f3n Asturies XXI<\/p>\n","protected":false},"featured_media":816,"comment_status":"closed","ping_status":"closed","template":"","meta":{"_et_pb_use_builder":"","_et_pb_old_content":"","_et_gb_content_width":"","_joinchat":[]},"product_brand":[],"product_cat":[69,16],"product_tag":[],"class_list":{"0":"post-815","1":"product","2":"type-product","3":"status-publish","4":"has-post-thumbnail","6":"product_cat-axampanao","7":"product_cat-semeyes","9":"first","10":"instock","11":"shipping-taxable","12":"product-type-simple"},"_links":{"self":[{"href":"https:\/\/www.lasidra.net\/fototeca\/wp-json\/wp\/v2\/product\/815","targetHints":{"allow":["GET"]}}],"collection":[{"href":"https:\/\/www.lasidra.net\/fototeca\/wp-json\/wp\/v2\/product"}],"about":[{"href":"https:\/\/www.lasidra.net\/fototeca\/wp-json\/wp\/v2\/types\/product"}],"replies":[{"embeddable":true,"href":"https:\/\/www.lasidra.net\/fototeca\/wp-json\/wp\/v2\/comments?post=815"}],"wp:featuredmedia":[{"embeddable":true,"href":"https:\/\/www.lasidra.net\/fototeca\/wp-json\/wp\/v2\/media\/816"}],"wp:attachment":[{"href":"https:\/\/www.lasidra.net\/fototeca\/wp-json\/wp\/v2\/media?parent=815"}],"wp:term":[{"taxonomy":"product_brand","embeddable":true,"href":"https:\/\/www.lasidra.net\/fototeca\/wp-json\/wp\/v2\/product_brand?post=815"},{"taxonomy":"product_cat","embeddable":true,"href":"https:\/\/www.lasidra.net\/fototeca\/wp-json\/wp\/v2\/product_cat?post=815"},{"taxonomy":"product_tag","embeddable":true,"href":"https:\/\/www.lasidra.net\/fototeca\/wp-json\/wp\/v2\/product_tag?post=815"}],"curies":[{"name":"wp","href":"https:\/\/api.w.org\/{rel}","templated":true}]}}