{"id":824,"date":"2022-10-31T10:17:31","date_gmt":"2022-10-31T10:17:31","guid":{"rendered":"https:\/\/www.lasidra.net\/fototeca\/?post_type=product&#038;p=824"},"modified":"2022-10-31T10:34:40","modified_gmt":"2022-10-31T10:34:40","slug":"mpa085","status":"publish","type":"product","link":"https:\/\/www.lasidra.net\/fototeca\/producto\/mpa085\/","title":{"rendered":"MPA085"},"content":{"rendered":"","protected":false},"excerpt":{"rendered":"<p><strong>Autor:\u00a0<\/strong>Gonzalo del Campo y del Castillo (FF)<\/p>\n<p><strong>Fecha<\/strong>:1968<\/p>\n<p><strong>Llugar:\u00a0<\/strong>Xix\u00f3n<\/p>\n<p><strong>Procedencia<\/strong>: Colecci\u00f3n Gonzalo del Campo y del Castillo (FF)<\/p>\n<p><strong>Observaciones<\/strong>: Tienda d&#8217;aceites y ultramarinos Salat nel centru Xix\u00f3n. Nel escaparate an\u00fanciase sidre axampanao por 15 pesetes la botella.<\/p>\n<p><strong>Fonte d\u2019ingresu<\/strong>:<\/p>\n<div class=\"js-metadata\" data-label=\"Descripcion\" data-builtin=\"description\" data-href=\"\/fotoweb\/archives\/5002-Fotogr%C3%A1ficos-A-H\/Fotogr%C3%A1ficos\/Cue%2C%20Baltasar\/FF030802.tif.info\" data-id=\"120\" data-value=\" Retrato de un grupo de hombres, j\u00f3venes y ni\u00f1os en el campo. Al fondo algunas mujeres y ni\u00f1as, y un chico escanciando sidra. En primer t\u00e9rmino, un sacerdote. \" data-edit=\"true\" data-force-quick-list=\"false\" data-required=\"false\" data-multiline=\"true\" data-max-size=\"32000\">\n<div class=\"metadataField inputField textArea readOnlyField\">\n<div class=\"editorContainer\">\n<div class=\"viewMarkup\">\n<div class=\"js-meta-field-inner-content typingFieldView textAreaView\"><strong>Fecha d\u2019ingresu<\/strong>:<\/div>\n<\/div>\n<\/div>\n<\/div>\n<\/div>\n<p><strong>Dep\u00f3situ<\/strong>: Mus\u00e9u del Pueblu d\u2019Asturies<\/p>\n<p><strong>Archivu Dixital<\/strong>: Fundaci\u00f3n Asturies XXI<\/p>\n","protected":false},"featured_media":825,"comment_status":"closed","ping_status":"closed","template":"","meta":{"_et_pb_use_builder":"","_et_pb_old_content":"","_et_gb_content_width":"","_joinchat":[]},"product_brand":[],"product_cat":[69,16],"product_tag":[],"class_list":{"0":"post-824","1":"product","2":"type-product","3":"status-publish","4":"has-post-thumbnail","6":"product_cat-axampanao","7":"product_cat-semeyes","9":"first","10":"instock","11":"shipping-taxable","12":"product-type-simple"},"_links":{"self":[{"href":"https:\/\/www.lasidra.net\/fototeca\/wp-json\/wp\/v2\/product\/824","targetHints":{"allow":["GET"]}}],"collection":[{"href":"https:\/\/www.lasidra.net\/fototeca\/wp-json\/wp\/v2\/product"}],"about":[{"href":"https:\/\/www.lasidra.net\/fototeca\/wp-json\/wp\/v2\/types\/product"}],"replies":[{"embeddable":true,"href":"https:\/\/www.lasidra.net\/fototeca\/wp-json\/wp\/v2\/comments?post=824"}],"wp:featuredmedia":[{"embeddable":true,"href":"https:\/\/www.lasidra.net\/fototeca\/wp-json\/wp\/v2\/media\/825"}],"wp:attachment":[{"href":"https:\/\/www.lasidra.net\/fototeca\/wp-json\/wp\/v2\/media?parent=824"}],"wp:term":[{"taxonomy":"product_brand","embeddable":true,"href":"https:\/\/www.lasidra.net\/fototeca\/wp-json\/wp\/v2\/product_brand?post=824"},{"taxonomy":"product_cat","embeddable":true,"href":"https:\/\/www.lasidra.net\/fototeca\/wp-json\/wp\/v2\/product_cat?post=824"},{"taxonomy":"product_tag","embeddable":true,"href":"https:\/\/www.lasidra.net\/fototeca\/wp-json\/wp\/v2\/product_tag?post=824"}],"curies":[{"name":"wp","href":"https:\/\/api.w.org\/{rel}","templated":true}]}}