{"id":834,"date":"2022-10-31T16:16:09","date_gmt":"2022-10-31T16:16:09","guid":{"rendered":"https:\/\/www.lasidra.net\/fototeca\/?post_type=product&#038;p=834"},"modified":"2022-10-31T16:16:13","modified_gmt":"2022-10-31T16:16:13","slug":"mpa089","status":"publish","type":"product","link":"https:\/\/www.lasidra.net\/fototeca\/producto\/mpa089\/","title":{"rendered":"MPA089"},"content":{"rendered":"","protected":false},"excerpt":{"rendered":"<p><strong>Autor: <a class=\"link\" title=\"V\u00e9lez Abascal, Jos\u00e9 (1931-2012)\" href=\"https:\/\/fondos.gijon.es\/fotoweb\/archives\/5002-Fondos-fotogr%C3%A1ficos\/?80=V%C3%A9lez%20Abascal,%20Jos%C3%A9%20(1931-2012)\">V\u00e9lez Abascal, Jos\u00e9 (1931-2012)<\/a><\/strong><\/p>\n<p><strong>Fecha<\/strong>: 1987<\/p>\n<p><strong>Llugar:\u00a0<\/strong>Uvi\u00e9u, Asturies<\/p>\n<p><strong>Procedencia<\/strong>:<\/p>\n<p><strong>Observaciones<\/strong>: Julio Iglesias, (1943 &#8211; ), cantante, echando sidre nun chigre, con Antonio Masip, per aquella alcalde d&#8217;Uvi\u00e9u.<\/p>\n<div class=\"js-metadata\" data-label=\"Descripcion\" data-builtin=\"description\" data-href=\"\/fotoweb\/archives\/5002-Fotogr%C3%A1ficos-A-H\/Fotogr%C3%A1ficos\/Cue%2C%20Baltasar\/FF030802.tif.info\" data-id=\"120\" data-value=\" Retrato de un grupo de hombres, j\u00f3venes y ni\u00f1os en el campo. Al fondo algunas mujeres y ni\u00f1as, y un chico escanciando sidra. En primer t\u00e9rmino, un sacerdote. \" data-edit=\"true\" data-force-quick-list=\"false\" data-required=\"false\" data-multiline=\"true\" data-max-size=\"32000\">\n<div class=\"metadataField inputField textArea readOnlyField\">\n<div class=\"editorContainer\">\n<div class=\"viewMarkup\">\n<div class=\"js-meta-field-inner-content typingFieldView textAreaView\"><strong>Fecha d&#8217;ingresu<\/strong>:<\/div>\n<\/div>\n<\/div>\n<\/div>\n<\/div>\n<p><strong>Dep\u00f3situ<\/strong>: Mario Pascual (FF) \/ Mus\u00e9u del Pueblu d&#8217;Asturies<\/p>\n","protected":false},"featured_media":835,"comment_status":"closed","ping_status":"closed","template":"","meta":{"_et_pb_use_builder":"","_et_pb_old_content":"","_et_gb_content_width":"","_joinchat":[]},"product_brand":[],"product_cat":[19,16],"product_tag":[],"class_list":{"0":"post-834","1":"product","2":"type-product","3":"status-publish","4":"has-post-thumbnail","6":"product_cat-echando","7":"product_cat-semeyes","9":"first","10":"instock","11":"shipping-taxable","12":"product-type-simple"},"_links":{"self":[{"href":"https:\/\/www.lasidra.net\/fototeca\/wp-json\/wp\/v2\/product\/834","targetHints":{"allow":["GET"]}}],"collection":[{"href":"https:\/\/www.lasidra.net\/fototeca\/wp-json\/wp\/v2\/product"}],"about":[{"href":"https:\/\/www.lasidra.net\/fototeca\/wp-json\/wp\/v2\/types\/product"}],"replies":[{"embeddable":true,"href":"https:\/\/www.lasidra.net\/fototeca\/wp-json\/wp\/v2\/comments?post=834"}],"wp:featuredmedia":[{"embeddable":true,"href":"https:\/\/www.lasidra.net\/fototeca\/wp-json\/wp\/v2\/media\/835"}],"wp:attachment":[{"href":"https:\/\/www.lasidra.net\/fototeca\/wp-json\/wp\/v2\/media?parent=834"}],"wp:term":[{"taxonomy":"product_brand","embeddable":true,"href":"https:\/\/www.lasidra.net\/fototeca\/wp-json\/wp\/v2\/product_brand?post=834"},{"taxonomy":"product_cat","embeddable":true,"href":"https:\/\/www.lasidra.net\/fototeca\/wp-json\/wp\/v2\/product_cat?post=834"},{"taxonomy":"product_tag","embeddable":true,"href":"https:\/\/www.lasidra.net\/fototeca\/wp-json\/wp\/v2\/product_tag?post=834"}],"curies":[{"name":"wp","href":"https:\/\/api.w.org\/{rel}","templated":true}]}}