{"id":981,"date":"2023-09-20T10:30:50","date_gmt":"2023-09-20T10:30:50","guid":{"rendered":"https:\/\/www.lasidra.net\/fototeca\/?post_type=product&#038;p=981"},"modified":"2023-09-20T10:34:48","modified_gmt":"2023-09-20T10:34:48","slug":"mpa103","status":"publish","type":"product","link":"https:\/\/www.lasidra.net\/fototeca\/producto\/mpa103\/","title":{"rendered":"MPA103"},"content":{"rendered":"","protected":false},"excerpt":{"rendered":"<p><strong>Autor<\/strong>: Desconoc\u00edu<\/p>\n<p><strong>Data<\/strong>: Desconoc\u00eda<\/p>\n<p><strong>Llugar<\/strong>: Pravia<\/p>\n<p><strong>Procedencia<\/strong>: Coleici\u00f3n de Jos\u00e9 Antonio Mart\u00ednez (Pravia)<\/p>\n<p><strong>Observaciones<\/strong>: Semeya&#8217;n papel qu&#8217;amuesa tres muyeres con dos potes d&#8217;arroz, probatible que nuna romer\u00eda o una xira. Tres d&#8217;elles, un home escancia sidra. Hai tami\u00e9n unes cases de sidra<\/p>\n<p><strong>Fonte d&#8217;ingresu<\/strong>: Mus\u00e9u&#8217;l Pueblu d&#8217;Asturies<\/p>\n<p><strong>Data d&#8217;ingresu<\/strong>: Setiembre 2023<\/p>\n","protected":false},"featured_media":982,"comment_status":"closed","ping_status":"closed","template":"","meta":{"_et_pb_use_builder":"","_et_pb_old_content":"","_et_gb_content_width":"","_joinchat":[]},"product_brand":[],"product_cat":[15,24,19,188,18,23,16],"product_tag":[189,191,124,190],"class_list":{"0":"post-981","1":"product","2":"type-product","3":"status-publish","4":"has-post-thumbnail","6":"product_cat-sin-categorizar","7":"product_cat-dellos","8":"product_cat-echando","9":"product_cat-folixes-y-cellebraciones","10":"product_cat-muyer","11":"product_cat-pinacoteca","12":"product_cat-semeyes","13":"product_tag-folixa","14":"product_tag-muyeres-y-sidra","15":"product_tag-pravia","16":"product_tag-sidra-y-romeria","18":"first","19":"instock","20":"shipping-taxable","21":"product-type-simple"},"_links":{"self":[{"href":"https:\/\/www.lasidra.net\/fototeca\/wp-json\/wp\/v2\/product\/981","targetHints":{"allow":["GET"]}}],"collection":[{"href":"https:\/\/www.lasidra.net\/fototeca\/wp-json\/wp\/v2\/product"}],"about":[{"href":"https:\/\/www.lasidra.net\/fototeca\/wp-json\/wp\/v2\/types\/product"}],"replies":[{"embeddable":true,"href":"https:\/\/www.lasidra.net\/fototeca\/wp-json\/wp\/v2\/comments?post=981"}],"wp:featuredmedia":[{"embeddable":true,"href":"https:\/\/www.lasidra.net\/fototeca\/wp-json\/wp\/v2\/media\/982"}],"wp:attachment":[{"href":"https:\/\/www.lasidra.net\/fototeca\/wp-json\/wp\/v2\/media?parent=981"}],"wp:term":[{"taxonomy":"product_brand","embeddable":true,"href":"https:\/\/www.lasidra.net\/fototeca\/wp-json\/wp\/v2\/product_brand?post=981"},{"taxonomy":"product_cat","embeddable":true,"href":"https:\/\/www.lasidra.net\/fototeca\/wp-json\/wp\/v2\/product_cat?post=981"},{"taxonomy":"product_tag","embeddable":true,"href":"https:\/\/www.lasidra.net\/fototeca\/wp-json\/wp\/v2\/product_tag?post=981"}],"curies":[{"name":"wp","href":"https:\/\/api.w.org\/{rel}","templated":true}]}}