{"id":994,"date":"2023-09-20T11:08:30","date_gmt":"2023-09-20T11:08:30","guid":{"rendered":"https:\/\/www.lasidra.net\/fototeca\/?post_type=product&#038;p=994"},"modified":"2023-12-29T08:00:14","modified_gmt":"2023-12-29T08:00:14","slug":"mpa-109","status":"publish","type":"product","link":"https:\/\/www.lasidra.net\/fototeca\/producto\/mpa-109\/","title":{"rendered":"MPA 109"},"content":{"rendered":"<p><strong>Autor<\/strong>: Foto Meli<\/p>\n<p><strong>Llugar<\/strong>: Pravia<\/p>\n<p><strong>Procedencia<\/strong>: Colleici\u00f3n de Jos\u00e9 Antonio Mart\u00ednez (Pravia)<\/p>\n<p><strong>Observaciones<\/strong>: Semeya en papel d&#8217;un grupu de muyeres -con ne\u00f1os y ne\u00f1es-\u00a0 cellebrando una romer\u00eda, con botelles de sidra, y asonsa\u00f1ando como que tan ech\u00e1ndola<\/p>\n<p><strong>Fonte d&#8217;ingresu<\/strong>: Mus\u00e9u Pueblu d&#8217;Asturies<\/p>\n<p><strong>Data d&#8217;ingresu<\/strong>: Setiembre 2023<\/p>\n","protected":false},"excerpt":{"rendered":"<p>Autor: Foto Meli Llugar: Pravia Procedencia: Colleici\u00f3n de Jos\u00e9 Antonio Mart\u00ednez (Pravia) Observaciones: Semeya en papel d&#8217;un grupu de muyeres -con ne\u00f1os y ne\u00f1es-\u00a0 cellebrando una romer\u00eda, con botelles de sidra, y asonsa\u00f1ando como que tan ech\u00e1ndola Fonte d&#8217;ingresu: Mus\u00e9u Pueblu d&#8217;Asturies Data d&#8217;ingresu: Setiembre 2023<\/p>\n","protected":false},"featured_media":993,"comment_status":"closed","ping_status":"closed","template":"","meta":{"_et_pb_use_builder":"","_et_pb_old_content":"","_et_gb_content_width":"","_joinchat":[]},"product_brand":[],"product_cat":[15,24,19,188,18,23,16],"product_tag":[193,192,191,190],"class_list":{"0":"post-994","1":"product","2":"type-product","3":"status-publish","4":"has-post-thumbnail","6":"product_cat-sin-categorizar","7":"product_cat-dellos","8":"product_cat-echando","9":"product_cat-folixes-y-cellebraciones","10":"product_cat-muyer","11":"product_cat-pinacoteca","12":"product_cat-semeyes","13":"product_tag-botelles-de-sidra","14":"product_tag-folixes-populares","15":"product_tag-muyeres-y-sidra","16":"product_tag-sidra-y-romeria","18":"first","19":"instock","20":"shipping-taxable","21":"product-type-simple"},"_links":{"self":[{"href":"https:\/\/www.lasidra.net\/fototeca\/wp-json\/wp\/v2\/product\/994","targetHints":{"allow":["GET"]}}],"collection":[{"href":"https:\/\/www.lasidra.net\/fototeca\/wp-json\/wp\/v2\/product"}],"about":[{"href":"https:\/\/www.lasidra.net\/fototeca\/wp-json\/wp\/v2\/types\/product"}],"replies":[{"embeddable":true,"href":"https:\/\/www.lasidra.net\/fototeca\/wp-json\/wp\/v2\/comments?post=994"}],"wp:featuredmedia":[{"embeddable":true,"href":"https:\/\/www.lasidra.net\/fototeca\/wp-json\/wp\/v2\/media\/993"}],"wp:attachment":[{"href":"https:\/\/www.lasidra.net\/fototeca\/wp-json\/wp\/v2\/media?parent=994"}],"wp:term":[{"taxonomy":"product_brand","embeddable":true,"href":"https:\/\/www.lasidra.net\/fototeca\/wp-json\/wp\/v2\/product_brand?post=994"},{"taxonomy":"product_cat","embeddable":true,"href":"https:\/\/www.lasidra.net\/fototeca\/wp-json\/wp\/v2\/product_cat?post=994"},{"taxonomy":"product_tag","embeddable":true,"href":"https:\/\/www.lasidra.net\/fototeca\/wp-json\/wp\/v2\/product_tag?post=994"}],"curies":[{"name":"wp","href":"https:\/\/api.w.org\/{rel}","templated":true}]}}